{"id":3999,"date":"2019-03-04T12:59:37","date_gmt":"2019-03-04T10:59:37","guid":{"rendered":"https:\/\/jonglez.timeforcoffee.gr\/product\/verborgenes-florenz\/"},"modified":"2024-11-21T17:45:48","modified_gmt":"2024-11-21T15:45:48","slug":"verborgenes-florenz","status":"publish","type":"product","link":"https:\/\/jonglezpublishing.com\/de\/produkt\/verborgenes-florenz\/","title":{"rendered":"VERBORGENES FLORENZ"},"content":{"rendered":"<p>Beten Sie in der Kirche eines Gef\u00e4ngnisses; erfahren Sie, wie Florenz in der Renaissance zur Hauptstadt der Hermetik wurde; entfliehen Sie den Touristenstr\u00f6men und besichtigen Sie unbekannte Meisterwerke der Kunst; begeben Sie sich auf die Suche nach 34 Tafeln mit Zitaten aus der G\u00f6ttlichen Kom\u00f6die; tanken Sie an einer Vintage-Tankstelle; lassen Sie Ihre Kinder die Bienen am Denkmal zu Ehren von Ferdinand I. z\u00e4hlen; machen Sie die letzten Weinh\u00e4ndler der Renaissance ausfindig; entdecken Sie die kleinen Fenster, durch die Kinder das Treiben auf der Stra\u00dfe beobachten; flanieren Sie durch herrliche Privatg\u00e4rten, die selbst Einheimischen unbekannt sind; finden Sie heraus, inwiefern die violette Farbe des Fu\u00dfballvereins AC Florenz mit dem Urin eines Florentiner Kreuzfahrers in Pal\u00e4stina zusammenh\u00e4ngt &#8230;<\/p>\n<p>Abseits der Menschenmassen und allseits bekannten \u201eDauerbrenner\u201c h\u00e4lt die Stadt Florenz immer noch gut geh\u00fctete Sch\u00e4tze bereit, die sie nur den Einwohnern und Reisenden enth\u00fcllt, die die \u00fcblichen Wege verlassen.<\/p>\n<p>Ein unentbehrlicher Reisef\u00fchrer f\u00fcr alle, die dachten, Florenz wie ihre Westentasche zu kennen, oder auch diejenigen, die eine andere Seite dieser faszinierenden Stadt entdecken wollen.<\/p>\n<p>&nbsp;<\/p>\n<p><b>AUTORLNNEN <\/b>: Niccol\u00f2 Rinaldi und Paola Maresca<br \/>\n<b>SEITEN <\/b>: 320<br \/>\n<b>FORMAT <\/b>: 10.5 x 19 cm<br \/>\n<b>ISBN <\/b>: 978-2-36195-806-0<br \/>\n<b>PREIS <\/b>: \u20ac 19,95 [D] \u2013 20,95 \u20ac [\u00d6]<br \/>\n<b>KONTAKT <\/b>: <a href=\"mailto:info@jonglezverlag.com\">info@jonglezverlag.com<\/a><\/p>\n<div class=\"buttons_cont\">\n<div class=\"button_cont\" align=\"center\"><a class=\"gv_product_btn\" href=\"https:\/\/jonglezpublishing.com\/wp-content\/uploads\/2019\/03\/Florence_ALL-scaled.jpg\" target=\"_blank\" rel=\"noopener\">Cover herunterladen<\/a><\/div>\n<div class=\"button_cont\" align=\"center\"><a class=\"gv_product_btn\" href=\"https:\/\/jonglezpublishing.com\/wp-content\/uploads\/2024\/11\/PREVIEW-Verborgenes-Florenz.pdf\" target=\"_blank\" rel=\"noopener\">Leseprobe<\/a><\/div>\n<div class=\"button_cont\" align=\"center\"><a class=\"gv_product_btn\" href=\"https:\/\/www.thalia.de\/shop\/home\/artikeldetails\/A1072785534\" target=\"_blank\" rel=\"noopener\">Online kaufen<\/a><\/div>\n<div class=\"button_cont\" align=\"center\"><a class=\"gv_product_btn\" href=\"https:\/\/www.das-landkartenhaus.de\/Verborgenes-Florenz-Reisefuehrer-Jonglez\" target=\"_blank\" rel=\"noopener\">Online kaufen<\/a><\/div>\n<\/div>\n","protected":false},"excerpt":{"rendered":"<p>Beten Sie in der Kirche eines Gef\u00e4ngnisses; erfahren Sie, wie Florenz in der Renaissance zur Hauptstadt der Hermetik wurde; entfliehen<\/p>\n","protected":false},"featured_media":13364,"template":"","meta":[],"product_brand":[],"product_cat":[421,174,391,400,392,393],"product_tag":[394,176,177,396,181,182,395],"class_list":{"0":"post-3999","1":"product","2":"type-product","3":"status-publish","4":"has-post-thumbnail","6":"product_cat-verborgenes-reisefuehrer","7":"product_cat-english-de","8":"product_cat-french-de","9":"product_cat-german-de","10":"product_cat-italian-de","11":"product_cat-spanish-de","12":"product_tag-florenz","13":"product_tag-jonglez-de","14":"product_tag-jonglez-publishing-de","15":"product_tag-jonglez-verlag","16":"product_tag-secret-travel-guides-de","17":"product_tag-travel-guides-de","18":"product_tag-verborgenes-florenz","20":"first","21":"instock","22":"shipping-taxable","23":"product-type-simple"},"aioseo_notices":[],"_links":{"self":[{"href":"https:\/\/jonglezpublishing.com\/de\/wp-json\/wp\/v2\/product\/3999","targetHints":{"allow":["GET"]}}],"collection":[{"href":"https:\/\/jonglezpublishing.com\/de\/wp-json\/wp\/v2\/product"}],"about":[{"href":"https:\/\/jonglezpublishing.com\/de\/wp-json\/wp\/v2\/types\/product"}],"wp:featuredmedia":[{"embeddable":true,"href":"https:\/\/jonglezpublishing.com\/de\/wp-json\/wp\/v2\/media\/13364"}],"wp:attachment":[{"href":"https:\/\/jonglezpublishing.com\/de\/wp-json\/wp\/v2\/media?parent=3999"}],"wp:term":[{"taxonomy":"product_brand","embeddable":true,"href":"https:\/\/jonglezpublishing.com\/de\/wp-json\/wp\/v2\/product_brand?post=3999"},{"taxonomy":"product_cat","embeddable":true,"href":"https:\/\/jonglezpublishing.com\/de\/wp-json\/wp\/v2\/product_cat?post=3999"},{"taxonomy":"product_tag","embeddable":true,"href":"https:\/\/jonglezpublishing.com\/de\/wp-json\/wp\/v2\/product_tag?post=3999"}],"curies":[{"name":"wp","href":"https:\/\/api.w.org\/{rel}","templated":true}]}}