{"id":4018,"date":"2019-03-01T15:14:21","date_gmt":"2019-03-01T13:14:21","guid":{"rendered":"https:\/\/jonglez.timeforcoffee.gr\/product\/verborgenes-lissabon\/"},"modified":"2026-02-03T09:57:00","modified_gmt":"2026-02-03T07:57:00","slug":"verborgenes-lissabon","status":"publish","type":"product","link":"https:\/\/jonglezpublishing.com\/de\/produkt\/verborgenes-lissabon\/","title":{"rendered":"VERBORGENES LISSABON"},"content":{"rendered":"<div class=\"wpb-content-wrapper\"><p>[vc_row][vc_column][vc_column_text css=&#8220;&#8220; woodmart_inline=&#8220;no&#8220; text_larger=&#8220;no&#8220;]Entdecken Sie die sch\u00f6nsten verborgenen Azulejos der Stadt, den in Formaldehyd eingelegten Kopf eines Lissaboner Serienm\u00f6rders oder die kabbalistische Symbolik des S\u00fcdportals des Hieronymitenklosters. Erfahren Sie mehr \u00fcber die Theorie des F\u00fcnften Portugiesischen Weltreichs, von dem in der Geografie der Stadt so viele Spuren zu finden sind, und entdecken Sie reizvolle vergessene Gassen, die gro\u00dfartige panoptische Architektur eines fr\u00fcheren Krankenhauses oder die beeindruckenden Wachsmasken des dermatologischen Museums. Erkunden Sie die Geheimg\u00e4nge im Hotel Avenida Palace oder die mysteri\u00f6se Abtei unter dem Pal\u00e1cio Foz und finden Sie heraus, warum das portugiesische Wappen an der Fassade des Bahnhofs Lissabon Rossio um 17 Grad geneigt ist &#8230;<\/p>\n<p>Abseits der Menschenmassen und allseits bekannten \u201eDauerbrenner\u201c h\u00e4lt die Stadt Lissabon immer noch gut geh\u00fctete Sch\u00e4tze bereit, die sie nur den Einheimischen und Reisenden enth\u00fcllt, die die \u00fcblichen Wege verlassen.<\/p>\n<p>New York Times: \u201eEin unverzichtbarer Kauf \u201c<\/p>\n<p><b>AUTOR<\/b>: VITOR MANUEL ADRI\u00c3O<br \/>\n<b>SEITEN<\/b>: 288<br \/>\n<b>FORMAT<\/b>: 10.5 x 19 cm<br \/>\n<b>ISBN<\/b>: 978-2-36195-985-2<br \/>\n<b>PREIS<\/b>: 18,95 \u20ac [D] &#8211; 19,95 \u20ac [A]<br \/>\n<b>KONTAKT<\/b>: <a href=\"mailto:info@jonglezverlag.com\">info@jonglezverlag.com<\/a><\/p>\n<div class=\"buttons_cont\">\n<div class=\"button_cont\" align=\"center\"><a class=\"gv_product_btn\" href=\"https:\/\/jonglezpublishing.com\/wp-content\/uploads\/2019\/03\/couv_Lisbon_ALL_RVB-scaled.jpg\" target=\"_blank\" rel=\"noopener\">Cover herunterladen<\/a><\/div>\n<div class=\"button_cont\" align=\"center\"><a class=\"gv_product_btn\" href=\"https:\/\/jonglezpublishing.com\/wp-content\/uploads\/2026\/02\/PREVIEW-Verborgenes-Lissabon-1.pdf\" target=\"_blank\" rel=\"noopener\">Leseprobe<\/a><\/div>\n<div class=\"button_cont\" align=\"center\"><a class=\"gv_product_btn\" href=\"https:\/\/www.thalia.de\/shop\/home\/artikeldetails\/A1076403245\" target=\"_blank\" rel=\"noopener\">Online kaufen<br \/>\n<\/a><\/div>\n<\/div>\n<p>[\/vc_column_text][\/vc_column][\/vc_row]<\/p>\n<\/div>","protected":false},"excerpt":{"rendered":"<p>[vc_row][vc_column][vc_column_text css=&#8220;&#8220; woodmart_inline=&#8220;no&#8220; text_larger=&#8220;no&#8220;]Entdecken Sie die sch\u00f6nsten verborgenen Azulejos der Stadt, den in Formaldehyd eingelegten Kopf eines Lissaboner Serienm\u00f6rders oder<\/p>\n","protected":false},"featured_media":14894,"template":"","meta":[],"product_brand":[],"product_cat":[421,174,391,400,392,393],"product_tag":[176,177,399,397,179,181,182,398],"class_list":{"0":"post-4018","1":"product","2":"type-product","3":"status-publish","4":"has-post-thumbnail","6":"product_cat-verborgenes-reisefuehrer","7":"product_cat-english-de","8":"product_cat-french-de","9":"product_cat-german-de","10":"product_cat-italian-de","11":"product_cat-spanish-de","12":"product_tag-jonglez-de","13":"product_tag-jonglez-publishing-de","14":"product_tag-jonglez-verlag-de","15":"product_tag-lissabon","16":"product_tag-secret-guides-de","17":"product_tag-secret-travel-guides-de","18":"product_tag-travel-guides-de","19":"product_tag-verborgenes-lissabon","21":"first","22":"instock","23":"shipping-taxable","24":"product-type-simple"},"aioseo_notices":[],"_links":{"self":[{"href":"https:\/\/jonglezpublishing.com\/de\/wp-json\/wp\/v2\/product\/4018","targetHints":{"allow":["GET"]}}],"collection":[{"href":"https:\/\/jonglezpublishing.com\/de\/wp-json\/wp\/v2\/product"}],"about":[{"href":"https:\/\/jonglezpublishing.com\/de\/wp-json\/wp\/v2\/types\/product"}],"wp:featuredmedia":[{"embeddable":true,"href":"https:\/\/jonglezpublishing.com\/de\/wp-json\/wp\/v2\/media\/14894"}],"wp:attachment":[{"href":"https:\/\/jonglezpublishing.com\/de\/wp-json\/wp\/v2\/media?parent=4018"}],"wp:term":[{"taxonomy":"product_brand","embeddable":true,"href":"https:\/\/jonglezpublishing.com\/de\/wp-json\/wp\/v2\/product_brand?post=4018"},{"taxonomy":"product_cat","embeddable":true,"href":"https:\/\/jonglezpublishing.com\/de\/wp-json\/wp\/v2\/product_cat?post=4018"},{"taxonomy":"product_tag","embeddable":true,"href":"https:\/\/jonglezpublishing.com\/de\/wp-json\/wp\/v2\/product_tag?post=4018"}],"curies":[{"name":"wp","href":"https:\/\/api.w.org\/{rel}","templated":true}]}}