{"id":4057,"date":"2019-03-01T15:36:41","date_gmt":"2019-03-01T13:36:41","guid":{"rendered":"https:\/\/jonglez.timeforcoffee.gr\/product\/verborgenes-rom\/"},"modified":"2025-03-26T15:46:53","modified_gmt":"2025-03-26T13:46:53","slug":"verborgenes-rom","status":"publish","type":"product","link":"https:\/\/jonglezpublishing.com\/de\/produkt\/verborgenes-rom\/","title":{"rendered":"VERBORGENES ROM"},"content":{"rendered":"<p class=\"p1\">Besuchen Sie Geb\u00e4ude, die normalerweise nicht besichtigt werden k\u00f6nnen. Lauschen Sie einem Konzert in einem wundersch\u00f6nen, verborgenen Oratorium, lassen Sie Ihren Hund oder Ihr Auto segnen und organisieren Sie ein romantisches Abendessen in einem privaten Palazzo; bewundern Sie au\u00dfergew\u00f6hnliche Kunstwerke abseits der Touristenpfade und testen Sie Ihr Wissen vor einem seltenen katoptrischen Mittagsweiser oder einer erstaunlichen Anamorphose, entdecken Sie das verbl\u00fcffende motorbetriebene Gem\u00e4lde von Rubens und tauchen Sie ein in die Geheimnisse des Vatikans; halten Sie vor dem Heiligenbild des Antlitzes Jesu inne, das 1968 auf dem Mond abgelegt wurde, und sch\u00fctzen Sie Ihren Hals vor einem rauen Winter &#8230;<\/p>\n<p class=\"p1\">Abseits der Menschenmassen und allseits bekannten \u201eDauerbrenner\u201c h\u00e4lt die Stadt Rom immer noch gut geh\u00fctete Sch\u00e4tze bereit, die sie nur den Einwohnern und Reisenden enth\u00fcllt, die die \u00fcblichen Wege verlassen. Ein unentbehrlicher Reisef\u00fchrer f\u00fcr alle, die dachten, Rom wie ihre Westentasche zu kennen, oder auch diejenigen, die eine andere Seite dieser faszinierenden Stadt entdecken wollen.<\/p>\n<p>&nbsp;<\/p>\n<p><em><b>Ginevra Lovatelli<\/b> ist Autorin der ersten Fassung dieses Reisef\u00fchrers. Ihre privaten F\u00fchrungen stellen eine v\u00f6llig neue und einzigartige Entdeckungsreise durch Rom dar. Ihre Webseite: <a href=\"http:\/\/www.secretrome.com\">www.secretrome.com<\/a><\/em><\/p>\n<p><em><b>Adriano Morabito<\/b> ist in Rom geboren. Von seiner Stadt und ihren verborgenen Orten begeistert, interessiert er sich seit 1999 vor allem f\u00fcr die st\u00e4dtische Spel\u00e4ologie. Er ist einer der Gr\u00fcnder des Vereins \u201eRoma Sotterranea\u201c, der Ausfl\u00fcge in das unterirdische Rom organisiert. <a href=\"http:\/\/www.romasotterranea.it\">www.romasotterranea.it<\/a><\/em><\/p>\n<p><em><b>Weitere Mitwirkende<\/b>: Jacopo Barbarigo, Maryl\u00e8ne Malbert, H\u00e9l\u00e8ne Vuillermet und Viviana Cortes.<span class=\"Apple-converted-space\">\u00a0<\/span><\/em><\/p>\n<p><em>Ein Gro\u00dfteil der Fotos in diesem Reisef\u00fchrer stammt von Alessandra Zucconi. Ihre Arbeiten sind zu finden unter <a href=\"http:\/\/www.goldenratio.biz\">www.goldenratio.biz<\/a><\/em><\/p>\n<p>&nbsp;<\/p>\n<p><b>AUTOREN<\/b>: Ginevra Lovatelli, Adriano Morabito und Marco\u00a0Gradozzi<br \/>\n<b>SEITEN<\/b>: 400<br \/>\n<b>FORMAT<\/b>: 10.5 x 19 cm<br \/>\n<b>ISBN<\/b>: 978-2-36195-835-0<br \/>\n<b>PREIS<\/b>: 19,95 \u20ac [D] &#8211; 20,95 \u20ac [A]<br \/>\n<b>KONTAKT<\/b>: <a href=\"mailto:info@jonglezverlag.com\">info@jonglezverlag.com<\/a><\/p>\n<div class=\"buttons_cont\">\n<div class=\"button_cont\" align=\"center\"><a class=\"gv_product_btn\" href=\"https:\/\/jonglezpublishing.com\/wp-content\/uploads\/2019\/03\/Couv-Rome_ALL_RVB-scaled.jpg\" target=\"_blank\" rel=\"noopener\">Cover herunterladen<\/a><\/div>\n<div class=\"button_cont\" align=\"center\"><a class=\"gv_product_btn\" href=\"https:\/\/jonglezpublishing.com\/wp-content\/uploads\/2025\/03\/PREVIEW-Rom-ALL.pdf\" target=\"_blank\" rel=\"noopener\">Leseprobe<\/a><\/div>\n<div class=\"button_cont\" align=\"center\"><a class=\"gv_product_btn\" href=\"https:\/\/www.thalia.de\/shop\/home\/artikeldetails\/ID145546147.html\" target=\"_blank\" rel=\"noopener noreferrer\">Online kaufen<br \/>\n<\/a><\/div>\n<\/div>\n","protected":false},"excerpt":{"rendered":"<p>Besuchen Sie Geb\u00e4ude, die normalerweise nicht besichtigt werden k\u00f6nnen. Lauschen Sie einem Konzert in einem wundersch\u00f6nen, verborgenen Oratorium, lassen Sie<\/p>\n","protected":false},"featured_media":13638,"template":"","meta":[],"product_brand":[],"product_cat":[421,174,391,400,392,393],"product_tag":[176,177,403,179,181,182,395,404],"class_list":{"0":"post-4057","1":"product","2":"type-product","3":"status-publish","4":"has-post-thumbnail","6":"product_cat-verborgenes-reisefuehrer","7":"product_cat-english-de","8":"product_cat-french-de","9":"product_cat-german-de","10":"product_cat-italian-de","11":"product_cat-spanish-de","12":"product_tag-jonglez-de","13":"product_tag-jonglez-publishing-de","14":"product_tag-rom","15":"product_tag-secret-guides-de","16":"product_tag-secret-travel-guides-de","17":"product_tag-travel-guides-de","18":"product_tag-verborgenes-florenz","19":"product_tag-verborgenes-rom","21":"first","22":"instock","23":"shipping-taxable","24":"product-type-simple"},"aioseo_notices":[],"_links":{"self":[{"href":"https:\/\/jonglezpublishing.com\/de\/wp-json\/wp\/v2\/product\/4057","targetHints":{"allow":["GET"]}}],"collection":[{"href":"https:\/\/jonglezpublishing.com\/de\/wp-json\/wp\/v2\/product"}],"about":[{"href":"https:\/\/jonglezpublishing.com\/de\/wp-json\/wp\/v2\/types\/product"}],"wp:featuredmedia":[{"embeddable":true,"href":"https:\/\/jonglezpublishing.com\/de\/wp-json\/wp\/v2\/media\/13638"}],"wp:attachment":[{"href":"https:\/\/jonglezpublishing.com\/de\/wp-json\/wp\/v2\/media?parent=4057"}],"wp:term":[{"taxonomy":"product_brand","embeddable":true,"href":"https:\/\/jonglezpublishing.com\/de\/wp-json\/wp\/v2\/product_brand?post=4057"},{"taxonomy":"product_cat","embeddable":true,"href":"https:\/\/jonglezpublishing.com\/de\/wp-json\/wp\/v2\/product_cat?post=4057"},{"taxonomy":"product_tag","embeddable":true,"href":"https:\/\/jonglezpublishing.com\/de\/wp-json\/wp\/v2\/product_tag?post=4057"}],"curies":[{"name":"wp","href":"https:\/\/api.w.org\/{rel}","templated":true}]}}