{"id":4080,"date":"2019-03-01T15:40:01","date_gmt":"2019-03-01T13:40:01","guid":{"rendered":"https:\/\/jonglez.timeforcoffee.gr\/product\/verborgenes-venedig\/"},"modified":"2024-11-19T16:15:57","modified_gmt":"2024-11-19T14:15:57","slug":"verborgenes-venedig","status":"publish","type":"product","link":"https:\/\/jonglezpublishing.com\/de\/produkt\/verborgenes-venedig\/","title":{"rendered":"VERBORGENES VENEDIG"},"content":{"rendered":"<p>Entdecken Sie die Geheimnisse des Markusdoms weitab von den Touristenpfaden, entschl\u00fcsseln Sie die Botschaften der Kapitelle des Dogenpalastes, begeben Sie sich auf die Suchenach der alchemistischen Skulptur des gefl\u00fcgelten Pferdes und fahren Sie durch den einzigen unterirdischen Kanal der Stadt, folgen Sie den Spuren des Wundermittels Theriak, das in Venedig \u00fcber lange Zeit zubereitet wurde, lernen Sie, die Gem\u00e4lde der nach der hebr\u00e4ischen Kabbalah errichteten Scuola Grande di San Rocco zu deuten und den nach Pl\u00e4nen der musikalischen Kabbalah errichteten Sakralbau San Francesco della Vigna zu verstehen, besichtigen Sie einen unbekannten unterirdischen Friedhof, \u00fcberschreiten Sie die Schwellen von Pal\u00e4sten und Kl\u00f6stern und lustwandeln Sie in verborgenen G\u00e4rten, besuchen Sie die wundervolle Seminarbibliothek, n\u00e4chtigen Sie in einem herrlichen Palazzo, kaufen Sie auf dem Markt des Frauengef\u00e4ngnisses ein, spielen Sie eine Partie Boccia mitten in der Stadt, lassen Sie Ihre Seele in einem wundervollen Kloster der Lagune weitab von der Welt baumeln &#8230;<\/p>\n<p>F\u00fcnf Jahre lang wurde geforscht und recherchiert, bevor dieser au\u00dfergew\u00f6hnliche Reisef\u00fchrer verwirklicht werden konnte, bei dem sowohl Venedigfans als auch Venezianer auf ihre Kosten kommen. Lassen Sie sich entf\u00fchren und begeben Sie sich auf eine Entdeckungsreise in die au\u00dfergew\u00f6hnlichste Stadt der Welt weitab von den \u00fcblichen \u201eTouristenrennstrecken\u201d.<\/p>\n<p>&nbsp;<\/p>\n<p><b>AUTOREN<\/b>: <span data-sheets-value=\"{&quot;1&quot;:2,&quot;2&quot;:&quot;Thomas Jonglez, Paola Zoffoli und Irene Galifi&quot;}\" data-sheets-userformat=\"{&quot;2&quot;:513,&quot;3&quot;:{&quot;1&quot;:0},&quot;12&quot;:0}\">Thomas Jonglez, Paola Zoffoli und Irene Galifi<\/span><br \/>\n<b>SEITEN<\/b>: 416<br \/>\n<b>FORMAT<\/b>: 10.5 x 19 cm<br \/>\n<b>ISBN<\/b>: 978-2-36195-836-7<br \/>\n<b>PREIS<\/b>: \u20ac 20,95 [D] \u2013 21,95 \u20ac [\u00d6]<br \/>\n<b>KONTAKT<\/b>: <a href=\"mailto:info@jonglezverlag.com\">info@jonglezverlag.com<\/a><\/p>\n<div class=\"buttons_cont\">\n<div class=\"button_cont\" align=\"center\"><a class=\"gv_product_btn\" href=\"https:\/\/jonglezpublishing.com\/wp-content\/uploads\/2019\/03\/Couverture-Venise_ALL-1-scaled.jpg\" target=\"_blank\" rel=\"noopener\">Cover herunterladen<\/a><\/div>\n<div class=\"button_cont\" align=\"center\"><a class=\"gv_product_btn\" href=\"https:\/\/jonglezpublishing.com\/wp-content\/uploads\/2024\/11\/PREVIEW-Verborgenes-Venedig.pdf\" target=\"_blank\" rel=\"noopener\">Leseprobe<\/a><\/div>\n<div class=\"button_cont\" align=\"center\"><a class=\"gv_product_btn\" href=\"https:\/\/www.thalia.de\/shop\/home\/artikeldetails\/ID145546642.html\" target=\"_blank\" rel=\"noopener noreferrer\">Online kaufen<br \/>\n<\/a><\/div>\n<\/div>\n","protected":false},"excerpt":{"rendered":"<p>Entdecken Sie die Geheimnisse des Markusdoms weitab von den Touristenpfaden, entschl\u00fcsseln Sie die Botschaften der Kapitelle des Dogenpalastes, begeben Sie<\/p>\n","protected":false},"featured_media":13343,"template":"","meta":[],"product_brand":[],"product_cat":[421,174,391,400,392,393],"product_tag":[176,177,405,179,181,182,406,395],"class_list":{"0":"post-4080","1":"product","2":"type-product","3":"status-publish","4":"has-post-thumbnail","6":"product_cat-verborgenes-reisefuehrer","7":"product_cat-english-de","8":"product_cat-french-de","9":"product_cat-german-de","10":"product_cat-italian-de","11":"product_cat-spanish-de","12":"product_tag-jonglez-de","13":"product_tag-jonglez-publishing-de","14":"product_tag-jonglez-verlag-de-3","15":"product_tag-secret-guides-de","16":"product_tag-secret-travel-guides-de","17":"product_tag-travel-guides-de","18":"product_tag-venedig","19":"product_tag-verborgenes-florenz","21":"first","22":"instock","23":"shipping-taxable","24":"product-type-simple"},"aioseo_notices":[],"_links":{"self":[{"href":"https:\/\/jonglezpublishing.com\/de\/wp-json\/wp\/v2\/product\/4080","targetHints":{"allow":["GET"]}}],"collection":[{"href":"https:\/\/jonglezpublishing.com\/de\/wp-json\/wp\/v2\/product"}],"about":[{"href":"https:\/\/jonglezpublishing.com\/de\/wp-json\/wp\/v2\/types\/product"}],"wp:featuredmedia":[{"embeddable":true,"href":"https:\/\/jonglezpublishing.com\/de\/wp-json\/wp\/v2\/media\/13343"}],"wp:attachment":[{"href":"https:\/\/jonglezpublishing.com\/de\/wp-json\/wp\/v2\/media?parent=4080"}],"wp:term":[{"taxonomy":"product_brand","embeddable":true,"href":"https:\/\/jonglezpublishing.com\/de\/wp-json\/wp\/v2\/product_brand?post=4080"},{"taxonomy":"product_cat","embeddable":true,"href":"https:\/\/jonglezpublishing.com\/de\/wp-json\/wp\/v2\/product_cat?post=4080"},{"taxonomy":"product_tag","embeddable":true,"href":"https:\/\/jonglezpublishing.com\/de\/wp-json\/wp\/v2\/product_tag?post=4080"}],"curies":[{"name":"wp","href":"https:\/\/api.w.org\/{rel}","templated":true}]}}