{"id":4093,"date":"2019-03-04T14:21:35","date_gmt":"2019-03-04T14:21:35","guid":{"rendered":"https:\/\/jonglez.timeforcoffee.gr\/product\/verborgenes-wien\/"},"modified":"2023-03-24T01:12:02","modified_gmt":"2023-03-23T23:12:02","slug":"verborgenes-wien","status":"publish","type":"product","link":"https:\/\/jonglezpublishing.com\/de\/produkt\/verborgenes-wien\/","title":{"rendered":"VERBORGENES WIEN"},"content":{"rendered":"<p>Entdecken Sie einen herrlichen Privatpalast, der nur auf Anfrage besichtigt werden kann, die Mumie eines Krokodils in einer Privatbibliothek, ein Haus aus Schokolade oder eine alchemistische Decke in Sch\u00f6nbrunn; besichtigen Sie eine der sch\u00f6nsten Apotheken der Welt, eine unbekannte Jugendstil-Kirche oder das Grab eines Fisches, der zum Judentum konvertiert sein soll; besuchen Sie ein Jazzmuseum in einer \u00f6ffentlichen Toilette, eine M\u00fcllhalde, die wie ein Museum besichtigt werden kann, die hinter einem Gem\u00e4lde verborgene \u00e4lteste Orgel Wiens oder eine Kaiserin im Nonnengewand; entdecken Sie das Geheimnis hinter dem Symbol 05, die Skulptur eines m\u00e4nnlichen Glieds am Stephansdom, ein erstaunliches privates Billardmuseum oder einen beinahe unheimlichen Blumenstrau\u00df mit Bl\u00fcten aus Schmetterlingsfl\u00fcgeln; besuchen Sie eine Wasserquelle, in der Sie eine Minute lang die Lottozahlen sehen k\u00f6nnen, eine unterirdische Au\u00dfenstelle des Konzentrationslagers Mauthausen, in der am ersten D\u00fcsenj\u00e4ger der Welt gebaut wurde, oder ein charmantes historisches \u201eLove Hotel\u201c\u2026<\/p>\n<p>Abseits der Menschenmassen und allseits bekannten \u201eDauerbrenner\u201c h\u00e4lt die Stadt\u00a0Wien\u00a0immer noch gut geh\u00fctete Sch\u00e4tze bereit, die sich nur den Einwohnern und Reisenden enth\u00fcllen, die die \u00fcblichen Wege verlassen. Ein unentbehrlicher Reisef\u00fchrer f\u00fcr alle, die dachten,\u00a0Wien\u00a0wie ihre Westentasche zu kennen oder auch diejenigen, die eine andere Seite dieser faszinierenden Stadt entdecken wollen.<\/p>\n<p>&nbsp;<\/p>\n<p><em><b>Michaela Lindinger<\/b>, Kuratorin, Autorin.<span class=\"Apple-converted-space\">\u00a0<\/span>Studium der Publizistik- und Kommunikationswissenschaft, Politikwissenschaft, \u00c4gyptologie und Ur- und Fr\u00fchgeschichte an der Universit\u00e4t Wien. Seit 1995 kuratorische Assistentin, seit 2004 Kuratorin im Wien Museum. Ausstellungen und Publikationen zu biografischen und gesellschaftlichen Themen, Portr\u00e4ts, Mode, Tod und Memoria.<span class=\"Apple-converted-space\">\u00a0<\/span><\/em><\/p>\n<p>&nbsp;<\/p>\n<p><b>AUTOR<\/b>: Michaela Lindinger<br \/>\n<b>SEITEN<\/b>: 518<br \/>\n<b>FORMAT<\/b>: 10.5 x 19 cm<br \/>\n<b>ISBN<\/b>: 978-2-36195-618-9<br \/>\n<b>PREIS<\/b>: \u20ac20.95 [D]- \u20ac21.95 [A]<br \/>\n<b>KONTAKT<\/b>: <a href=\"mailto:info@jonglezverlag.com\">info@jonglezverlag.com<\/a><\/p>\n<div class=\"buttons_cont\">\n<div class=\"button_cont\" align=\"center\"><a class=\"gv_product_btn\" href=\"https:\/\/jonglezpublishing.com\/wp-content\/uploads\/2019\/03\/Couverture-Vienne_ALL_nouvel_essai_6.jpg\" target=\"_blank\" rel=\"noopener\">Cover herunterladen<\/a><\/div>\n<div class=\"button_cont\" align=\"center\"><a class=\"gv_product_btn\" href=\"https:\/\/jonglezpublishing.com\/wp-content\/uploads\/2023\/03\/PREVIEW-VIENNE_ALL.pdf\" target=\"_blank\" rel=\"noopener\">Leseprobe<\/a><\/div>\n<div class=\"button_cont\" align=\"center\"><a class=\"gv_product_btn\" href=\"https:\/\/www.thalia.de\/shop\/home\/artikeldetails\/ID105562201.html\" target=\"_blank\" rel=\"noopener noreferrer\">Online kaufen<br \/>\n<\/a><\/div>\n<\/div>\n","protected":false},"excerpt":{"rendered":"<p>Entdecken Sie einen herrlichen Privatpalast, der nur auf Anfrage besichtigt werden kann, die Mumie eines Krokodils in einer Privatbibliothek, ein<\/p>\n","protected":false},"featured_media":10957,"template":"","meta":[],"product_brand":[],"product_cat":[421,174,391,400,392,393],"product_tag":[407,176,177,408,179,181,182,410,409],"class_list":{"0":"post-4093","1":"product","2":"type-product","3":"status-publish","4":"has-post-thumbnail","6":"product_cat-verborgenes-reisefuehrer","7":"product_cat-english-de","8":"product_cat-french-de","9":"product_cat-german-de","10":"product_cat-italian-de","11":"product_cat-spanish-de","12":"product_tag-jonglez-de-2","13":"product_tag-jonglez-de","14":"product_tag-jonglez-publishing-de","15":"product_tag-jonglez-verlag-de-4","16":"product_tag-secret-guides-de","17":"product_tag-secret-travel-guides-de","18":"product_tag-travel-guides-de","19":"product_tag-verborgenes-wien","20":"product_tag-wien","22":"first","23":"instock","24":"shipping-taxable","25":"product-type-simple"},"aioseo_notices":[],"_links":{"self":[{"href":"https:\/\/jonglezpublishing.com\/de\/wp-json\/wp\/v2\/product\/4093","targetHints":{"allow":["GET"]}}],"collection":[{"href":"https:\/\/jonglezpublishing.com\/de\/wp-json\/wp\/v2\/product"}],"about":[{"href":"https:\/\/jonglezpublishing.com\/de\/wp-json\/wp\/v2\/types\/product"}],"wp:featuredmedia":[{"embeddable":true,"href":"https:\/\/jonglezpublishing.com\/de\/wp-json\/wp\/v2\/media\/10957"}],"wp:attachment":[{"href":"https:\/\/jonglezpublishing.com\/de\/wp-json\/wp\/v2\/media?parent=4093"}],"wp:term":[{"taxonomy":"product_brand","embeddable":true,"href":"https:\/\/jonglezpublishing.com\/de\/wp-json\/wp\/v2\/product_brand?post=4093"},{"taxonomy":"product_cat","embeddable":true,"href":"https:\/\/jonglezpublishing.com\/de\/wp-json\/wp\/v2\/product_cat?post=4093"},{"taxonomy":"product_tag","embeddable":true,"href":"https:\/\/jonglezpublishing.com\/de\/wp-json\/wp\/v2\/product_tag?post=4093"}],"curies":[{"name":"wp","href":"https:\/\/api.w.org\/{rel}","templated":true}]}}