{"id":6631,"date":"2019-04-06T01:17:29","date_gmt":"2019-04-05T22:17:29","guid":{"rendered":"https:\/\/jonglezpublishing.com\/product\/abandoned-japan\/"},"modified":"2023-04-02T03:47:34","modified_gmt":"2023-04-02T00:47:34","slug":"abandoned-japan","status":"publish","type":"product","link":"https:\/\/jonglezpublishing.com\/de\/produkt\/abandoned-japan\/","title":{"rendered":"VERLASSENES JAPAN"},"content":{"rendered":"<div><span class=\"il\">Japan<\/span>\u00a0wird oft als ein Land angesehen, in dem die moderne Welt und alte Traditionen auf \u00fcberraschende und faszinierende Weise aufeinandertreffen. Der rasante technologische, soziale und kulturelle Wandel des 20. Jahrhunderts hat das Land zwar weit vorangebracht, aber auch dazu gef\u00fchrt, dass zahllose Einrichtungen, Industriebranchen und ganze St\u00e4dte verfallen. Jordy Meow erkundet diese\u00a0<span class=\"il\">verlassenen<\/span>\u00a0Orte durch seine Fotografien und wirft Licht auf eine verlorene Welt, die nur wenige Jahrzehnte zuvor noch bl\u00fchte und florierte.<\/div>\n<div><\/div>\n<div><\/div>\n<div><\/div>\n<div>Das Buch\u00a0<span class=\"il\">Verlassenes<\/span>\u00a0<span class=\"il\">Japan<\/span>\u00a0dokumentiert ber\u00fchmte Ruinen (Japanisch: haikyo), wie den von Disneyland inspirierten Freizeitpark Nara Dreamland oder Gunkanjima, die Insel aus dem James-Bond-Film Skyfall, die einst von \u00fcber 5 000 Menschen bewohnt wurde, jetzt aber komplett verlassen ist. \u00dcber die bekannten Sehensw\u00fcrdigkeiten hinaus nimmt uns Jordy Meow mit auf eine Reise durch alle Aspekte der rasant verschwindenden Vergangenheit Japans: Er zeigt uns\u00a0<span class=\"il\">verlassene<\/span>\u00a0Orte, die von Schulen und Krankenh\u00e4usern \u00fcber Industrieanlagen bis hin zum\u00a0<span class=\"il\">japanischen<\/span>\u00a0Nachtleben mit seinen Stripclubs und Love Hotels reichen. Die Ruinen, die in diesem Buch vorgestellt werden, wirken teils idyllisch und heiter, teils dunkel und alptraumhaft. Einige haben eine Atmosph\u00e4re, die an die Animationsfilme des Studio Ghibli erinnern, w\u00e4hrend andere fast apokalyptisch anmuten. Diese Orte zeigen, dass der Mensch seine Umwelt nachhaltig pr\u00e4gen kann, die Natur sich aber ihren Weg zur\u00fcck bahnt, sobald sie die M\u00f6glichkeit dazu bekommt.<\/div>\n<p>&nbsp;<\/p>\n<p><strong>AUTOR &amp; FOTOGRAF<\/strong>: <span data-sheets-value=\"{&quot;1&quot;:2,&quot;2&quot;:&quot;Jordy Meow&quot;}\" data-sheets-userformat=\"{&quot;2&quot;:12993,&quot;3&quot;:{&quot;1&quot;:0},&quot;9&quot;:1,&quot;10&quot;:1,&quot;12&quot;:0,&quot;15&quot;:&quot;Cambria&quot;,&quot;16&quot;:11}\">Jordy Meow<\/span><br \/>\n<strong>SEITEN<\/strong>: 224<br \/>\n<strong>ISBN<\/strong>: 978-2-36195-591-5<span data-sheets-value=\"{&quot;1&quot;:2,&quot;2&quot;:&quot;978-2-36195-132-0&quot;}\" data-sheets-userformat=\"{&quot;2&quot;:12992,&quot;9&quot;:1,&quot;10&quot;:1,&quot;12&quot;:0,&quot;15&quot;:&quot;Cambria&quot;,&quot;16&quot;:11}\"><br \/>\n<\/span><strong>PREIS<\/strong>: 35,00 \u20ac [D] \u2013 36,00 \u20ac [A]<br \/>\n<strong>KONTAKT<\/strong>:\u00a0<a href=\"mailto:info@jonglezverlag.com\">info@jonglezverlag.com<\/a><\/p>\n<div class=\"buttons_cont\">\n<div class=\"button_cont\" align=\"center\">\n<div class=\"button_cont\" align=\"center\">\n<div class=\"button_cont\" align=\"center\"><a class=\"gv_product_btn\" href=\"https:\/\/jonglezpublishing.com\/wp-content\/uploads\/2019\/04\/Couverture_Abandoned-Japan_ALL.jpg\" target=\"_blank\" rel=\"noopener\">Cover herunterladen<\/a><\/div>\n<div class=\"button_cont\" align=\"center\"><a class=\"gv_product_btn\" href=\"https:\/\/jonglezpublishing.com\/wp-content\/uploads\/2023\/04\/Preview-Verlassenes-Japan.pdf\" target=\"_blank\" rel=\"noopener\">Leseprobe<\/a><\/div>\n<div class=\"button_cont\" align=\"center\"><a class=\"gv_product_btn\" href=\"https:\/\/www.amazon.co.uk\/Verlassenes-Japan-Meow-Jordy\/dp\/2361955911\/ref=sr_1_1?keywords=Verlassenes+Japan&amp;qid=1680395400&amp;sr=8-1\" target=\"_blank\" rel=\"noopener\">Online kaufen<\/a><\/div>\n<\/div>\n<\/div>\n<\/div>\n","protected":false},"excerpt":{"rendered":"<p>Japan\u00a0wird oft als ein Land angesehen, in dem die moderne Welt und alte Traditionen auf \u00fcberraschende und faszinierende Weise aufeinandertreffen.<\/p>\n","protected":false},"featured_media":10970,"template":"","meta":[],"product_brand":[],"product_cat":[481,174],"product_tag":[512,176,177],"class_list":{"0":"post-6631","1":"product","2":"type-product","3":"status-publish","4":"has-post-thumbnail","6":"product_cat-bildbaende","7":"product_cat-english-de","8":"product_tag-japan-de","9":"product_tag-jonglez-de","10":"product_tag-jonglez-publishing-de","12":"first","13":"instock","14":"shipping-taxable","15":"product-type-simple"},"aioseo_notices":[],"_links":{"self":[{"href":"https:\/\/jonglezpublishing.com\/de\/wp-json\/wp\/v2\/product\/6631","targetHints":{"allow":["GET"]}}],"collection":[{"href":"https:\/\/jonglezpublishing.com\/de\/wp-json\/wp\/v2\/product"}],"about":[{"href":"https:\/\/jonglezpublishing.com\/de\/wp-json\/wp\/v2\/types\/product"}],"wp:featuredmedia":[{"embeddable":true,"href":"https:\/\/jonglezpublishing.com\/de\/wp-json\/wp\/v2\/media\/10970"}],"wp:attachment":[{"href":"https:\/\/jonglezpublishing.com\/de\/wp-json\/wp\/v2\/media?parent=6631"}],"wp:term":[{"taxonomy":"product_brand","embeddable":true,"href":"https:\/\/jonglezpublishing.com\/de\/wp-json\/wp\/v2\/product_brand?post=6631"},{"taxonomy":"product_cat","embeddable":true,"href":"https:\/\/jonglezpublishing.com\/de\/wp-json\/wp\/v2\/product_cat?post=6631"},{"taxonomy":"product_tag","embeddable":true,"href":"https:\/\/jonglezpublishing.com\/de\/wp-json\/wp\/v2\/product_tag?post=6631"}],"curies":[{"name":"wp","href":"https:\/\/api.w.org\/{rel}","templated":true}]}}