{"id":6811,"date":"2019-03-01T15:48:42","date_gmt":"2019-03-01T13:48:42","guid":{"rendered":"https:\/\/jonglezpublishing.com\/product\/soul-of-tokyo\/"},"modified":"2025-08-03T14:14:58","modified_gmt":"2025-08-03T11:14:58","slug":"soul-of-tokyo","status":"publish","type":"product","link":"https:\/\/jonglezpublishing.com\/de\/produkt\/soul-of-tokyo\/","title":{"rendered":"SOUL OF TOKIO &#8211; EINZIGARTIGE ERLEBNISSE"},"content":{"rendered":"<p style=\"text-align: center;\">WIR HABEN 1000 ORTE GETESTET<br \/>\n<strong>UND DIE 30 BESTEN AUSGEW\u00c4HLT<\/strong><\/p>\n<p>Ein Teesalon im Hinterzimmer eines Blumenladens, ein Sternekoch, der nichts wie alle anderen macht, ein verstecktes Restaurant im Herzen von Shibuya, Mittagessen in einem japanischen Garten, ein Buch in der kleinsten Buchhandlung der Welt kaufen, die Nacht auf einem Bibliotheksregal verbringen, klassische Musik in einer Bar aus den 1950er Jahren h\u00f6ren, ein traditionelles japanisches Bad zwischen Pflanzen nehmen, in einem Kapselhotel schlafen, einen \u201efalschen Geburtstag\u201c in einem Izakaya feiern, sich in einer H\u00e4ngematte massieren lassen&#8230;<\/p>\n<p>Verborgene Hotels, au\u00dfergew\u00f6hnliche Restaurants, unbekannte Spazierg\u00e4nge &#8230;<\/p>\n<p>Dieser Reisef\u00fchrer bietet eine sorgf\u00e4ltig kuratierte und vielseitige Auswahl an Orten und Erlebnissen f\u00fcr jedes Budget. Er richtet sich sowohl an Reisende als auch an Einheimische und pr\u00e4sentiert handverlesene Adressen lokaler Autoren \u2013 jede Empfehlung ist ein Tor zu neuen Entdeckungen, abseits der Massen und fernab ausgetretener Pfade.<\/p>\n<p>&nbsp;<\/p>\n<p><span class=\"s1\"><b>Autorinnen<\/b>: <\/span><span class=\"s1\">Fany und Amandine P\u00e9chiodat<br \/>\n<\/span><span class=\"s1\"><b>ISBN<\/b>: 978-2-36195-863-3<\/span><br \/>\n<span class=\"s1\"><b>Preis<\/b>: \u20ac14,95 [D] \u2013 \u20ac15,95 [\u00d6]<br \/>\n<b>Ma\u00dfe<\/b>: 200 x 135 mm<br \/>\n<\/span><span class=\"s1\"><b>Kontakt<\/b>:\u00a0<a href=\"mailto:info@jonglezverlag.com\"><span class=\"s2\">info@jonglezverlag.com<\/span><\/a>\u00a0<\/span><\/p>\n<div class=\"buttons_cont\">\n<div class=\"button_cont\" align=\"center\"><\/div>\n<\/div>\n<div class=\"buttons_cont\">\n<div class=\"button_cont\" align=\"center\"><a class=\"gv_product_btn\" href=\"https:\/\/jonglezpublishing.com\/wp-content\/uploads\/2019\/03\/couv_SO_Tokyo_ALL_RVB-scaled.jpg\" target=\"_blank\" rel=\"noopener\">Cover herunterladen<\/a><\/div>\n<div class=\"button_cont\" align=\"center\"><a class=\"gv_product_btn\" href=\"https:\/\/jonglezpublishing.com\/wp-content\/uploads\/2025\/08\/PREVIEW-SO-Tokyo_ALL-4.pdf\" target=\"_blank\" rel=\"noopener\">Leseprobe<\/a><\/div>\n<div class=\"button_cont\" align=\"center\"><a class=\"gv_product_btn\" href=\"https:\/\/www.thalia.de\/shop\/home\/artikeldetails\/A1073427764\" target=\"_blank\" rel=\"noopener\">Online kaufen<\/a><\/div>\n<div class=\"button_cont\" align=\"center\"><\/div>\n<\/div>\n","protected":false},"excerpt":{"rendered":"<p>WIR HABEN 1000 ORTE GETESTET UND DIE 30 BESTEN AUSGEW\u00c4HLT Ein Teesalon im Hinterzimmer eines Blumenladens, ein Sternekoch, der nichts<\/p>\n","protected":false},"featured_media":14211,"template":"","meta":[],"product_brand":[],"product_cat":[517,174,391,400,392],"product_tag":[512,176,177,181,182],"class_list":{"0":"post-6811","1":"product","2":"type-product","3":"status-publish","4":"has-post-thumbnail","6":"product_cat-soul-of-reihe","7":"product_cat-english-de","8":"product_cat-french-de","9":"product_cat-german-de","10":"product_cat-italian-de","11":"product_tag-japan-de","12":"product_tag-jonglez-de","13":"product_tag-jonglez-publishing-de","14":"product_tag-secret-travel-guides-de","15":"product_tag-travel-guides-de","17":"first","18":"instock","19":"shipping-taxable","20":"product-type-simple"},"aioseo_notices":[],"_links":{"self":[{"href":"https:\/\/jonglezpublishing.com\/de\/wp-json\/wp\/v2\/product\/6811","targetHints":{"allow":["GET"]}}],"collection":[{"href":"https:\/\/jonglezpublishing.com\/de\/wp-json\/wp\/v2\/product"}],"about":[{"href":"https:\/\/jonglezpublishing.com\/de\/wp-json\/wp\/v2\/types\/product"}],"wp:featuredmedia":[{"embeddable":true,"href":"https:\/\/jonglezpublishing.com\/de\/wp-json\/wp\/v2\/media\/14211"}],"wp:attachment":[{"href":"https:\/\/jonglezpublishing.com\/de\/wp-json\/wp\/v2\/media?parent=6811"}],"wp:term":[{"taxonomy":"product_brand","embeddable":true,"href":"https:\/\/jonglezpublishing.com\/de\/wp-json\/wp\/v2\/product_brand?post=6811"},{"taxonomy":"product_cat","embeddable":true,"href":"https:\/\/jonglezpublishing.com\/de\/wp-json\/wp\/v2\/product_cat?post=6811"},{"taxonomy":"product_tag","embeddable":true,"href":"https:\/\/jonglezpublishing.com\/de\/wp-json\/wp\/v2\/product_tag?post=6811"}],"curies":[{"name":"wp","href":"https:\/\/api.w.org\/{rel}","templated":true}]}}