{"id":6817,"date":"2019-05-28T12:53:42","date_gmt":"2019-05-28T09:53:42","guid":{"rendered":"https:\/\/jonglezpublishing.com\/product\/soul-of-lisbon-30-einzigartige-erlebnisse\/"},"modified":"2025-06-22T13:07:45","modified_gmt":"2025-06-22T10:07:45","slug":"soul-of-lisbon-30-einzigartige-erlebnisse","status":"publish","type":"product","link":"https:\/\/jonglezpublishing.com\/de\/produkt\/soul-of-lisbon-30-einzigartige-erlebnisse\/","title":{"rendered":"SOUL OF LISSABON &#8211; EINZIGARTIGE ERLEBNISSE"},"content":{"rendered":"<p style=\"text-align: center;\">WIR HABEN 1.000 ORTE GETESTET.<br \/>\n<strong>UND DIE 30 BESTEN AUSGEW\u00c4HLT.<\/strong><\/p>\n<p style=\"text-align: left;\">\nLaufen Sie mit den Wolken; legen Sie eine Pause unter tropischem Gr\u00fcn ein; sto\u00dfen Sie mit alteingesessenen Stadtbewohnern an; k\u00e4mpfen Sie mit einer Meeresspinne; lernen Sie das geheime Universum der Fados\u00e4nger kennen oder genie\u00dfen Sie den unwiderstehlichen Geschmack eines knusprigen Palmblatts; essen Sie in einem Kuriosit\u00e4tenkabinett zu Abend &#8230; entdecken Sie besten Spots in Marvila, verbringen Sie einen surrealen Abend in einem Palast aus dem 18. Jahrhundert&#8230;<\/p>\n<p style=\"text-align: left;\">Verborgene Hotels, au\u00dfergew\u00f6hnliche Restaurants, unbekannte Spazierg\u00e4nge &#8230;<\/p>\n<p style=\"text-align: left;\">Dieser Reisef\u00fchrer bietet eine sorgf\u00e4ltig kuratierte und vielseitige Auswahl an Orten und Erlebnissen f\u00fcr jedes Budget. Er richtet sich sowohl an Reisende als auch an Einheimische und pr\u00e4sentiert handverlesene Adressen lokaler Autoren \u2013 jede Empfehlung ist ein Tor zu neuen Entdeckungen, abseits der Massen und fernab ausgetretener Pfade.<\/p>\n<p style=\"text-align: left;\">&#8222;Ein unverzichtbarer Reisef\u00fchrer\u201c (New York Times)<\/p>\n<p>&nbsp;<\/p>\n<p><span class=\"s1\"><b>Autoren<\/b>: Fany P\u00e9chiodat, Lauriane Gepner Und Lucie Etchebers<\/span><span class=\"s1\"><br \/>\n<\/span><span class=\"s1\"><b>ISBN<\/b>: 978-2-36195-935-7<\/span><br \/>\n<span class=\"s1\"><b>Preis<\/b>: 1 4 , 9 5 \u20ac [ D ] \u2013 1 5 , 9 5 \u20ac [ A ]<br \/>\n<b>Ma\u00dfe<\/b>: 200 x 135 mm<br \/>\n<\/span><span class=\"s1\"><b>Kontakt<\/b>:\u00a0<a href=\"mailto:info@jonglezverlag.com\"><span class=\"s2\">info@jonglezverlag.com<\/span><\/a>\u00a0<\/span><\/p>\n<p>&nbsp;<\/p>\n<div class=\"buttons_cont\">\n<div class=\"button_cont\" align=\"center\"><a class=\"gv_product_btn\" href=\"https:\/\/jonglezpublishing.com\/wp-content\/uploads\/2019\/05\/couv_SO_Lisbonne2025_RVB-scaled.jpg\" target=\"_blank\" rel=\"noopener\">Cover herunterladen<\/a><\/div>\n<div class=\"button_cont\" align=\"center\"><a class=\"gv_product_btn\" href=\"https:\/\/jonglezpublishing.com\/wp-content\/uploads\/2025\/06\/PREVIEW-SO_LISBON_2025_ALL-1.pdf\" target=\"_blank\" rel=\"noopener\">Leseprobe<\/a><\/div>\n<div class=\"button_cont\" align=\"center\"><a class=\"gv_product_btn\" href=\"https:\/\/www.thalia.de\/shop\/home\/artikeldetails\/A1075022198\" target=\"_blank\" rel=\"noopener\">Online kaufen<br \/>\n<\/a><\/div>\n<\/div>\n","protected":false},"excerpt":{"rendered":"<p>WIR HABEN 1.000 ORTE GETESTET. UND DIE 30 BESTEN AUSGEW\u00c4HLT. Laufen Sie mit den Wolken; legen Sie eine Pause unter<\/p>\n","protected":false},"featured_media":14201,"template":"","meta":[],"product_brand":[],"product_cat":[517,174,391,400,392,393],"product_tag":[176,177,397,181,182],"class_list":{"0":"post-6817","1":"product","2":"type-product","3":"status-publish","4":"has-post-thumbnail","6":"product_cat-soul-of-reihe","7":"product_cat-english-de","8":"product_cat-french-de","9":"product_cat-german-de","10":"product_cat-italian-de","11":"product_cat-spanish-de","12":"product_tag-jonglez-de","13":"product_tag-jonglez-publishing-de","14":"product_tag-lissabon","15":"product_tag-secret-travel-guides-de","16":"product_tag-travel-guides-de","18":"first","19":"instock","20":"shipping-taxable","21":"product-type-simple"},"aioseo_notices":[],"_links":{"self":[{"href":"https:\/\/jonglezpublishing.com\/de\/wp-json\/wp\/v2\/product\/6817","targetHints":{"allow":["GET"]}}],"collection":[{"href":"https:\/\/jonglezpublishing.com\/de\/wp-json\/wp\/v2\/product"}],"about":[{"href":"https:\/\/jonglezpublishing.com\/de\/wp-json\/wp\/v2\/types\/product"}],"wp:featuredmedia":[{"embeddable":true,"href":"https:\/\/jonglezpublishing.com\/de\/wp-json\/wp\/v2\/media\/14201"}],"wp:attachment":[{"href":"https:\/\/jonglezpublishing.com\/de\/wp-json\/wp\/v2\/media?parent=6817"}],"wp:term":[{"taxonomy":"product_brand","embeddable":true,"href":"https:\/\/jonglezpublishing.com\/de\/wp-json\/wp\/v2\/product_brand?post=6817"},{"taxonomy":"product_cat","embeddable":true,"href":"https:\/\/jonglezpublishing.com\/de\/wp-json\/wp\/v2\/product_cat?post=6817"},{"taxonomy":"product_tag","embeddable":true,"href":"https:\/\/jonglezpublishing.com\/de\/wp-json\/wp\/v2\/product_tag?post=6817"}],"curies":[{"name":"wp","href":"https:\/\/api.w.org\/{rel}","templated":true}]}}