{"id":7397,"date":"2019-04-06T00:40:27","date_gmt":"2019-04-05T21:40:27","guid":{"rendered":"https:\/\/jonglezpublishing.com\/product\/abandoned-italy\/"},"modified":"2021-11-29T12:19:07","modified_gmt":"2021-11-29T10:19:07","slug":"verlassenes-italien","status":"publish","type":"product","link":"https:\/\/jonglezpublishing.com\/de\/produkt\/verlassenes-italien\/","title":{"rendered":"VERLASSENES ITALIEN"},"content":{"rendered":"<p class=\"p1\">Dieses Buch ist eine Reise ins Unbekannte. Entdecken Sie den ehemaligen Jagdpavillon\u00a0der Gr\u00e4fin von Parma, eine spektakul\u00e4re leer stehende Burg im maurischen Stil, die\u00a0\u00dcberreste eines Filmstudios mit den Kulissen fu\u0308r den Film Pinocchio, ein falsches\u00a0mittelalterliches Schloss, das eine l\u00e4ngst aufgegebene Diskothek beherbergte, die Ruinen einer au\u00dfergew\u00f6hnlichen Villa, deren Wandmalereien erhalten blieben, oder\u00a0eine gewaltige, aber aufgegebene Kirche \u2026<\/p>\n<p class=\"p1\">Auf der Suche nach verlassenen, vergessenen und verbotenen Orten reist Robin Brinaert\u00a0seit u\u0308ber acht Jahren kreuz und quer durch Italien. Er holt das dramatische Schicksal\u00a0unseres architektonischen und geschichtlichen Erbes ans Licht und stellt damit die wichtige Frage nach dessen Erhalt.<\/p>\n<p>&nbsp;<\/p>\n<p><strong>AUTOR &amp; FOTOGRAF<\/strong>: Robin Brinaert<br \/>\n<b>SEITEN<\/b>: 288<br \/>\n<b>FORMAT<\/b>: 297mm x 210mm<br \/>\n<b>ISBN<\/b>: <span data-sheets-value=\"{&quot;1&quot;:2,&quot;2&quot;:&quot;978-2-36195-535-9&quot;}\" data-sheets-userformat=\"{&quot;2&quot;:12865,&quot;3&quot;:{&quot;1&quot;:0},&quot;9&quot;:1,&quot;12&quot;:0,&quot;15&quot;:&quot;Cambria&quot;,&quot;16&quot;:11}\">978-2-36195-535-9<\/span><br \/>\n<b>PREIS<\/b>: \u20ac 39,95 [D] \u2014 \u20ac 40,95 [A] \u00a0\u2014 CHF 51.50<br \/>\n<b>KONTAKT<\/b>: <a href=\"mailto:info@jonglezverlag.com\">info@jonglezverlag.com<\/a><\/p>\n<p>&nbsp;<\/p>\n<div class=\"buttons_cont\">\n<div class=\"button_cont\" align=\"center\"><a class=\"gv_product_btn\" href=\"https:\/\/jonglezpublishing.com\/wp-content\/uploads\/2021\/06\/Verlassenes-Italien.jpg\" target=\"_blank\" rel=\"noopener noreferrer\">Cover herunterladen<\/a><\/div>\n<div class=\"button_cont\" align=\"center\"><a class=\"gv_product_btn\" href=\"https:\/\/jonglezpublishing.com\/wp-content\/uploads\/2019\/04\/PREVIEW_VERLASSENES-ITALIEN_ALL.pdf\" target=\"_blank\" rel=\"noopener noreferrer\">Leseprobe<\/a><\/div>\n<div class=\"button_cont\" align=\"center\"><a class=\"gv_product_btn\" href=\"https:\/\/www.thalia.de\/shop\/home\/artikeldetails\/A1060848453\" target=\"_blank\" rel=\"noopener noreferrer\">Online kaufen<br \/>\n<\/a><\/div>\n<\/div>\n","protected":false},"excerpt":{"rendered":"<p>Dieses Buch ist eine Reise ins Unbekannte. Entdecken Sie den ehemaligen Jagdpavillon\u00a0der Gr\u00e4fin von Parma, eine spektakul\u00e4re leer stehende Burg<\/p>\n","protected":false},"featured_media":6075,"template":"","meta":[],"product_brand":[],"product_cat":[481,174,391,400,392,393],"product_tag":[486,520,176,177,485,395],"class_list":{"0":"post-7397","1":"product","2":"type-product","3":"status-publish","4":"has-post-thumbnail","6":"product_cat-bildbaende","7":"product_cat-english-de","8":"product_cat-french-de","9":"product_cat-german-de","10":"product_cat-italian-de","11":"product_cat-spanish-de","12":"product_tag-abandoned-de","13":"product_tag-abandoned-italy-de","14":"product_tag-jonglez-de","15":"product_tag-jonglez-publishing-de","16":"product_tag-photo-gallery-books-de","17":"product_tag-verborgenes-florenz","19":"first","20":"instock","21":"shipping-taxable","22":"product-type-simple"},"aioseo_notices":[],"_links":{"self":[{"href":"https:\/\/jonglezpublishing.com\/de\/wp-json\/wp\/v2\/product\/7397","targetHints":{"allow":["GET"]}}],"collection":[{"href":"https:\/\/jonglezpublishing.com\/de\/wp-json\/wp\/v2\/product"}],"about":[{"href":"https:\/\/jonglezpublishing.com\/de\/wp-json\/wp\/v2\/types\/product"}],"wp:featuredmedia":[{"embeddable":true,"href":"https:\/\/jonglezpublishing.com\/de\/wp-json\/wp\/v2\/media\/6075"}],"wp:attachment":[{"href":"https:\/\/jonglezpublishing.com\/de\/wp-json\/wp\/v2\/media?parent=7397"}],"wp:term":[{"taxonomy":"product_brand","embeddable":true,"href":"https:\/\/jonglezpublishing.com\/de\/wp-json\/wp\/v2\/product_brand?post=7397"},{"taxonomy":"product_cat","embeddable":true,"href":"https:\/\/jonglezpublishing.com\/de\/wp-json\/wp\/v2\/product_cat?post=7397"},{"taxonomy":"product_tag","embeddable":true,"href":"https:\/\/jonglezpublishing.com\/de\/wp-json\/wp\/v2\/product_tag?post=7397"}],"curies":[{"name":"wp","href":"https:\/\/api.w.org\/{rel}","templated":true}]}}