{"id":7843,"date":"2019-03-04T16:34:21","date_gmt":"2019-03-04T14:34:21","guid":{"rendered":"https:\/\/jonglezpublishing.com\/product\/verborgenes-mailand\/"},"modified":"2025-05-14T17:37:21","modified_gmt":"2025-05-14T14:37:21","slug":"verborgenes-mailand","status":"publish","type":"product","link":"https:\/\/jonglezpublishing.com\/de\/produkt\/verborgenes-mailand\/","title":{"rendered":"VERBORGENES MAILAND"},"content":{"rendered":"<p>Entdecken Sie eine von Leonardo da Vinci entworfene Schleuse und die Geheimnisse des ber\u00fchmten <i>Abendmahls<\/i>, begeben Sie sich auf die Suche nach Mussolinis verborgenem Bunker oder heiraten Sie unter Fresken von Tiepolo, besuchen Sie K\u00fcnstlerh\u00e4user, die normalerweise nicht f\u00fcr die \u00d6ffentlichkeit zug\u00e4nglich sind, entdecken Sie au\u00dfergew\u00f6hnliche Privatsammlungen, bewundern Sie die Skulptur einer jungen Frau, die sich den Schambereich rasiert oder halten Sie Ausschau nach den in Stein gemei\u00dfelten Boxern auf dem Dach der Kathedrale\u00a0\u2026<span class=\"Apple-converted-space\">\u00a0<\/span><\/p>\n<p>Abseits der Menschenmassen und allseits bekannten \u201eDauerbrenner\u201c beherbergt das oft verkannte Mailand mit die meisten Kultursch\u00e4tze der gesamten italienischen Halbinsel, die es nur den Einwohnern und Reisenden enth\u00fcllt, die die \u00fcblichen Wege verlassen.<\/p>\n<p>Ein unentbehrlicher Reisef\u00fchrer f\u00fcr alle, die dachten, Mailand wie ihre Westentasche zu kennen oder auch diejenigen, die eine andere Seite dieser faszinierenden Stadt entdecken wollen.<\/p>\n<p><span class=\"Apple-converted-space\">\u00a0<\/span><\/p>\n<p><em><b>Massimo Polidoro<\/b> (<a href=\"http:\/\/www.massimopolidoro.com\/%22%20%5Ct%20%22_blank\">www.massimopolidoro.com<\/a>), Journalist und Schriftsteller, unterrichtete Psychologie des Ungew\u00f6hnlichen an der Universit\u00e4t Mailand-Bicocca. Er ist Autor von \u00fcber drei\u00dfig B\u00fcchern, darunter Grandi misteri della storia (Gro\u00dfe Geheimnisse der Geschichte), Eravamo solo bambini (Wir waren nur Kinder), Marta che aspetta l&#8217;alba (Marta wartet auf das Morgengrauen) und Titanic. Un viaggio che non dimenticherete (Titanic: eine Reise, die Sie nicht vergessen werden).<span class=\"Apple-converted-space\">\u00a0<\/span><\/em><\/p>\n<p>&nbsp;<\/p>\n<p><b>AUTEUR<\/b>: Massimo Polidoro<br \/>\n<b>SEITEN<\/b>: 400<br \/>\n<b>FORMAT<\/b>: 10.5 x 19 cm<br \/>\n<b>ISBN<\/b>: 978-2-36195-808-4<br \/>\n<b>PREIS<\/b>: \u20ac 19,95 [D] \u2014\u20ac 20,95 [A] \u2014 CHF 27.90<br \/>\n<b>KONTAKT<\/b>: <a href=\"mailto:info@jonglezverlag.com\">info@jonglezverlag.com<\/a><\/p>\n<p>&nbsp;<\/p>\n<div class=\"buttons_cont\">\n<div class=\"button_cont\" align=\"center\"><a class=\"gv_product_btn\" href=\"https:\/\/jonglezpublishing.com\/wp-content\/uploads\/2019\/03\/Cover-MILANO_ALL_2024_CMYK-scaled.jpg\" target=\"_blank\" rel=\"noopener\">Cover herunterladen<\/a><\/div>\n<div class=\"button_cont\" align=\"center\"><a class=\"gv_product_btn\" href=\"https:\/\/jonglezpublishing.com\/wp-content\/uploads\/2019\/03\/EXTRACT-MAILAND.pdf\" target=\"_blank\" rel=\"noopener noreferrer\">Leseprobe<\/a><\/div>\n<div class=\"button_cont\" align=\"center\"><a class=\"gv_product_btn\" href=\"https:\/\/www.thalia.de\/shop\/home\/artikeldetails\/ID109406904.html\" target=\"_blank\" rel=\"noopener noreferrer\">Online kaufen<br \/>\n<\/a><\/div>\n<\/div>\n","protected":false},"excerpt":{"rendered":"<p>Entdecken Sie eine von Leonardo da Vinci entworfene Schleuse und die Geheimnisse des ber\u00fchmten Abendmahls, begeben Sie sich auf die<\/p>\n","protected":false},"featured_media":13798,"template":"","meta":[],"product_brand":[],"product_cat":[421,174,391,392,393],"product_tag":[176,177,542,543,179,181,182,541],"class_list":{"0":"post-7843","1":"product","2":"type-product","3":"status-publish","4":"has-post-thumbnail","6":"product_cat-verborgenes-reisefuehrer","7":"product_cat-english-de","8":"product_cat-french-de","9":"product_cat-italian-de","10":"product_cat-spanish-de","11":"product_tag-jonglez-de","12":"product_tag-jonglez-publishing-de","13":"product_tag-jonglez-verlag-de-5","14":"product_tag-mailand","15":"product_tag-secret-guides-de","16":"product_tag-secret-travel-guides-de","17":"product_tag-travel-guides-de","18":"product_tag-verborgenes-mailand","20":"first","21":"instock","22":"shipping-taxable","23":"product-type-simple"},"aioseo_notices":[],"_links":{"self":[{"href":"https:\/\/jonglezpublishing.com\/de\/wp-json\/wp\/v2\/product\/7843","targetHints":{"allow":["GET"]}}],"collection":[{"href":"https:\/\/jonglezpublishing.com\/de\/wp-json\/wp\/v2\/product"}],"about":[{"href":"https:\/\/jonglezpublishing.com\/de\/wp-json\/wp\/v2\/types\/product"}],"wp:featuredmedia":[{"embeddable":true,"href":"https:\/\/jonglezpublishing.com\/de\/wp-json\/wp\/v2\/media\/13798"}],"wp:attachment":[{"href":"https:\/\/jonglezpublishing.com\/de\/wp-json\/wp\/v2\/media?parent=7843"}],"wp:term":[{"taxonomy":"product_brand","embeddable":true,"href":"https:\/\/jonglezpublishing.com\/de\/wp-json\/wp\/v2\/product_brand?post=7843"},{"taxonomy":"product_cat","embeddable":true,"href":"https:\/\/jonglezpublishing.com\/de\/wp-json\/wp\/v2\/product_cat?post=7843"},{"taxonomy":"product_tag","embeddable":true,"href":"https:\/\/jonglezpublishing.com\/de\/wp-json\/wp\/v2\/product_tag?post=7843"}],"curies":[{"name":"wp","href":"https:\/\/api.w.org\/{rel}","templated":true}]}}