{"id":8215,"date":"2019-03-01T15:03:26","date_gmt":"2019-03-01T13:03:26","guid":{"rendered":"https:\/\/jonglezpublishing.com\/product\/verborgenes-kopenhagen\/"},"modified":"2025-08-03T14:38:19","modified_gmt":"2025-08-03T11:38:19","slug":"verborgenes-kopenhagen","status":"publish","type":"product","link":"https:\/\/jonglezpublishing.com\/de\/produkt\/verborgenes-kopenhagen\/","title":{"rendered":"VERBORGENES KOPENHAGEN"},"content":{"rendered":"<p>Entdecken Sie eine Reitschule in einem ehemaligen Ballonhangar, riesige Walknochen in einer Tiefgarage, einen Bunker unter einer Schule, einen Fahrstuhl, der niemals anh\u00e4lt oder ein Krankenhaus mit einem gewaltigen, unterirdischen Tunnelsystem. Besuchen Sie gro\u00dfartige, versteckte Museen, kaum bekannte Architekturwunder oder geheime G\u00e4rten.<\/p>\n<p>Fernab der Menschenmassen und g\u00e4ngigen Touristenat traktionen offenbart Kopenhagen seine verborgenen Sch\u00e4tze nur jenen Einwohnern und Reisenden, die Wege abseits der \u00fcblichen Besucherpfade einschlagen.<\/p>\n<p>Ein unentbehrlicher Reisef\u00fchrer f\u00fcr alle, die dachten, Kopenhagen wie ihre Westentasche zu kennen oder auch diejenigen, die eine andere Seite dieser Stadt entdecken wollen.<\/p>\n<p>Umschlagfoto: \u00a9 Bam Parima<\/p>\n<p>&nbsp;<\/p>\n<p><b>AUTOREN<\/b>: <span data-sheets-value=\"{&quot;1&quot;:2,&quot;2&quot;:&quot;Johanne Steenstrup &amp; Klaus Dahl&quot;}\" data-sheets-userformat=\"{&quot;2&quot;:12993,&quot;3&quot;:{&quot;1&quot;:0},&quot;9&quot;:1,&quot;10&quot;:1,&quot;12&quot;:0,&quot;15&quot;:&quot;Cambria&quot;,&quot;16&quot;:11}\">Johanne Steenstrup &amp; Klaus Dahl<\/span><br \/>\n<b>SEITEN<\/b>: 208<br \/>\n<b>FORMAT<\/b>: 10.5 x 19 cm<br \/>\n<b>ISBN<\/b>: 978-2-36195-923-4<br \/>\n<b>PREIS<\/b>: 18,95 \u20ac [D] \u2013 19,95 \u20ac [A]<br \/>\n<b>KONTAKT<\/b>:<a href=\"mailto:info@jonglezverlag.com\"> info@jonglezverlag.com<\/a><\/p>\n<p>&nbsp;<\/p>\n<div class=\"buttons_cont\">\n<div class=\"button_cont\" align=\"center\"><a class=\"gv_product_btn\" href=\"https:\/\/jonglezpublishing.com\/wp-content\/uploads\/2019\/03\/couv_Copenhague_ALL_CMJN_print-scaled.jpg\" target=\"_blank\" rel=\"noopener\">Cover herunterladen<\/a><\/div>\n<div class=\"button_cont\" align=\"center\"><a class=\"gv_product_btn\" href=\"https:\/\/jonglezpublishing.com\/wp-content\/uploads\/2025\/08\/PREVIEW-Verborgenes-Kopenhagen.pdf\" target=\"_blank\" rel=\"noopener\">Leseprobe<\/a><\/div>\n<div class=\"button_cont\" align=\"center\"><a class=\"gv_product_btn\" href=\"https:\/\/www.thalia.de\/shop\/home\/artikeldetails\/ID145546383.html\" target=\"_blank\" rel=\"noopener noreferrer\">Online kaufen<br \/>\n<\/a><\/div>\n<\/div>\n","protected":false},"excerpt":{"rendered":"<p>Entdecken Sie eine Reitschule in einem ehemaligen Ballonhangar, riesige Walknochen in einer Tiefgarage, einen Bunker unter einer Schule, einen Fahrstuhl,<\/p>\n","protected":false},"featured_media":14351,"template":"","meta":[],"product_brand":[],"product_cat":[421,174,391],"product_tag":[176,177,544,179,181,182,545],"class_list":{"0":"post-8215","1":"product","2":"type-product","3":"status-publish","4":"has-post-thumbnail","6":"product_cat-verborgenes-reisefuehrer","7":"product_cat-english-de","8":"product_cat-french-de","9":"product_tag-jonglez-de","10":"product_tag-jonglez-publishing-de","11":"product_tag-kopenhagen","12":"product_tag-secret-guides-de","13":"product_tag-secret-travel-guides-de","14":"product_tag-travel-guides-de","15":"product_tag-verborgenes-kopenhagen","17":"first","18":"instock","19":"shipping-taxable","20":"product-type-simple"},"aioseo_notices":[],"_links":{"self":[{"href":"https:\/\/jonglezpublishing.com\/de\/wp-json\/wp\/v2\/product\/8215","targetHints":{"allow":["GET"]}}],"collection":[{"href":"https:\/\/jonglezpublishing.com\/de\/wp-json\/wp\/v2\/product"}],"about":[{"href":"https:\/\/jonglezpublishing.com\/de\/wp-json\/wp\/v2\/types\/product"}],"wp:featuredmedia":[{"embeddable":true,"href":"https:\/\/jonglezpublishing.com\/de\/wp-json\/wp\/v2\/media\/14351"}],"wp:attachment":[{"href":"https:\/\/jonglezpublishing.com\/de\/wp-json\/wp\/v2\/media?parent=8215"}],"wp:term":[{"taxonomy":"product_brand","embeddable":true,"href":"https:\/\/jonglezpublishing.com\/de\/wp-json\/wp\/v2\/product_brand?post=8215"},{"taxonomy":"product_cat","embeddable":true,"href":"https:\/\/jonglezpublishing.com\/de\/wp-json\/wp\/v2\/product_cat?post=8215"},{"taxonomy":"product_tag","embeddable":true,"href":"https:\/\/jonglezpublishing.com\/de\/wp-json\/wp\/v2\/product_tag?post=8215"}],"curies":[{"name":"wp","href":"https:\/\/api.w.org\/{rel}","templated":true}]}}