{"id":8224,"date":"2020-06-12T10:54:08","date_gmt":"2020-06-12T07:54:08","guid":{"rendered":"https:\/\/jonglezpublishing.com\/?post_type=product&#038;p=8224"},"modified":"2024-11-14T16:45:06","modified_gmt":"2024-11-14T14:45:06","slug":"verborgenes-hamburg","status":"publish","type":"product","link":"https:\/\/jonglezpublishing.com\/de\/produkt\/verborgenes-hamburg\/","title":{"rendered":"VERBORGENES HAMBURG"},"content":{"rendered":"<p class=\"p1\">Entdecken Sie einen geheimen Gro\u00dfstadtdschungel, einen Garten mit Orten der Hamburger Frauenbewegung, einen Geheimtipp f\u00fcr Schwemmholzsammler, alternative Wohnformen wie die Hausboote auf dem Eilbekkanal und die \u00e4lteste Werft Deutschlands; Erfahren Sie, was es mit einem kleinen Elefanten am Bl\u00fccherdenkmal und tschechischem Staatsgebiet im Hamburger Hafen auf sich hat; reisen Sie zur\u00fcck in die F\u00fcnfzigerjahre und bestaunen Sie eine alte Gasolin-Tankstelle; kommen Sie Hamburgs geheimem Talisman, einem exotischen Minimuseum und einem Fahrstuhl, der immer in Bewegung ist, auf die Spur; erleben Sie einen Gottesdienst auf dem Wasser; erkunden Sie Hummels grantigen Nachmacher, die Kugeln der Napoleonischen Armee, einen alten Stra\u00dfenbahnwaggon, versteckt hinter einem Supermarkt, die Wracks von Blankenese und die geographische Mitte der Stadt Hamburg &#8230;<\/p>\n<p class=\"p1\">Seine au\u00dfergew\u00f6hnlichen Seiten enth\u00fcllt Hamburg nur jenen Einwohnern und Reisenden, die die \u00fcblichen Wege verlassen \u2013 und wissen, wo sie zu finden sind.<\/p>\n<p class=\"p1\">Ein unentbehrlicher Reisef\u00fchrer f\u00fcr alle, die dachten, Hamburg wie ihre Westentasche zu kennen, oder auch diejenigen, die eine andere Seite dieser pulsierenden Stadt entdecken wollen.<\/p>\n<p>&nbsp;<\/p>\n<p><b>AUTOREN<\/b>: Rike Wolf und Holmer Stahncke<br \/>\n<b>SEITEN<\/b>: 320<br \/>\n<b>FORMAT<\/b>: 10.5 x 19 cm<br \/>\n<b>ISBN<\/b>: 978-2-36195-824-4<br \/>\n<b>PREIS<\/b>: \u20ac 21,95 [D] \u2013 22,95 \u20ac [\u00d6]<br \/>\n<b>KONTAKT<\/b>:<a href=\"mailto:info@jonglezverlag.com\"> info@jonglezverlag.com<\/a><\/p>\n<div class=\"buttons_cont\">\n<div class=\"button_cont\" align=\"center\"><a class=\"gv_product_btn\" href=\"https:\/\/jonglezpublishing.com\/wp-content\/uploads\/2020\/06\/Couverture-Hambourg-_ALL-scaled.jpg\" target=\"_blank\" rel=\"noopener\">Cover herunterladen<\/a><\/div>\n<div class=\"button_cont\" align=\"center\"><a class=\"gv_product_btn\" href=\"https:\/\/jonglezpublishing.com\/wp-content\/uploads\/2024\/11\/PREVIEW-Verborgenes-Hamburg.pdf\" target=\"_blank\" rel=\"noopener\">Leseprobe<\/a><\/div>\n<div class=\"button_cont\" align=\"center\"><a class=\"gv_product_btn\" href=\"https:\/\/www.thalia.de\/shop\/home\/artikeldetails\/A1072785273\" target=\"_blank\" rel=\"noopener\">Online kaufen<br \/>\n<\/a><\/div>\n<\/div>\n","protected":false},"excerpt":{"rendered":"<p>Entdecken Sie einen geheimen Gro\u00dfstadtdschungel, einen Garten mit Orten der Hamburger Frauenbewegung, einen Geheimtipp f\u00fcr Schwemmholzsammler, alternative Wohnformen wie die<\/p>\n","protected":false},"featured_media":13277,"template":"","meta":[],"product_brand":[],"product_cat":[421,400],"product_tag":[],"class_list":{"0":"post-8224","1":"product","2":"type-product","3":"status-publish","4":"has-post-thumbnail","6":"product_cat-verborgenes-reisefuehrer","7":"product_cat-german-de","9":"first","10":"instock","11":"shipping-taxable","12":"product-type-simple"},"aioseo_notices":[],"_links":{"self":[{"href":"https:\/\/jonglezpublishing.com\/de\/wp-json\/wp\/v2\/product\/8224","targetHints":{"allow":["GET"]}}],"collection":[{"href":"https:\/\/jonglezpublishing.com\/de\/wp-json\/wp\/v2\/product"}],"about":[{"href":"https:\/\/jonglezpublishing.com\/de\/wp-json\/wp\/v2\/types\/product"}],"wp:featuredmedia":[{"embeddable":true,"href":"https:\/\/jonglezpublishing.com\/de\/wp-json\/wp\/v2\/media\/13277"}],"wp:attachment":[{"href":"https:\/\/jonglezpublishing.com\/de\/wp-json\/wp\/v2\/media?parent=8224"}],"wp:term":[{"taxonomy":"product_brand","embeddable":true,"href":"https:\/\/jonglezpublishing.com\/de\/wp-json\/wp\/v2\/product_brand?post=8224"},{"taxonomy":"product_cat","embeddable":true,"href":"https:\/\/jonglezpublishing.com\/de\/wp-json\/wp\/v2\/product_cat?post=8224"},{"taxonomy":"product_tag","embeddable":true,"href":"https:\/\/jonglezpublishing.com\/de\/wp-json\/wp\/v2\/product_tag?post=8224"}],"curies":[{"name":"wp","href":"https:\/\/api.w.org\/{rel}","templated":true}]}}