{"id":8522,"date":"2020-07-23T13:00:43","date_gmt":"2020-07-23T10:00:43","guid":{"rendered":"https:\/\/jonglezpublishing.com\/product\/soul-of-barcelona-30-einzigartige-erlebnisse\/"},"modified":"2025-08-03T14:30:04","modified_gmt":"2025-08-03T11:30:04","slug":"soul-of-barcelona-30-einzigartige-erlebnisse","status":"publish","type":"product","link":"https:\/\/jonglezpublishing.com\/de\/produkt\/soul-of-barcelona-30-einzigartige-erlebnisse\/","title":{"rendered":"SOUL OF BARCELONA &#8211; EINZIGARTIGE ERLEBNISSE"},"content":{"rendered":"<p class=\"p1\" style=\"text-align: center;\">WIR HABEN 250 ORTE GETESTET<br \/>\n<strong>UND DIE 30 BESTEN AUSGEW\u00c4HLT<\/strong><\/p>\n<p class=\"p1\">Jazzkl\u00e4ngen lauschen \u00fcber den D\u00e4chern von Gaud\u00ed, Tapas essen bei einer Gro\u00dfmutter, die alle jungen K\u00fcchenchefs Spaniens inspiriert, Flanieren an einem gut verborgenen Strandabschnitt, die besten Churros seines Lebens verspeisen, in einer B\u00e4ckerei \u00fcbernachten, ein hei\u00dfes Bad in einem Spa unter der Stadt nehmen &#8230;<\/p>\n<p class=\"p1\">Verborgene Hotels, au\u00dfergew\u00f6hnliche Restaurants, unbekannte Spazierg\u00e4nge &#8230; Dieser Reisef\u00fchrer bietet eine sorgf\u00e4ltig kuratierte und vielseitige Auswahl an Orten und Erlebnissen f\u00fcr jedes Budget. Er richtet sich sowohl an Reisende als auch an Einheimische und pr\u00e4sentiert handverlesene Adressen lokaler Autoren \u2013 jede Empfehlung ist ein Tor zu neuen Entdeckungen, abseits der Massen und fernab ausgetretener Pfade.<\/p>\n<p class=\"p1\"><span class=\"s1\"><b>AUTOREN<\/b>: Fany P\u00e9chiodat &amp; Vincent Moustache<br \/>\n<\/span><span class=\"s1\"><b>ISBN<\/b>: 978-2-36195-936-4<br \/>\n<b>Preis<\/b>: \u20ac 14.95 [D] \u2014 \u20ac 15.95 [A]<br \/>\n<b>Ma\u00dfe<\/b>: 200 x 135 mm<br \/>\n<\/span><span class=\"s1\"><b>Kontakt<\/b>: <a href=\"mailto:info@jonglezverlag.com\"><span class=\"s2\">info@jonglezverlag.com<\/span><\/a>\u00a0<\/span><\/p>\n<div align=\"center\"><\/div>\n<div align=\"center\">\n<div class=\"button_cont\" align=\"center\"><a class=\"gv_product_btn\" href=\"https:\/\/jonglezpublishing.com\/wp-content\/uploads\/2020\/07\/Couv-SoBarcelone_ALL_CMJN_print-scaled.jpg\" target=\"_blank\" rel=\"noopener\">Cover herunterladen<\/a><\/div>\n<div class=\"button_cont\" align=\"center\"><a class=\"gv_product_btn\" href=\"https:\/\/jonglezpublishing.com\/wp-content\/uploads\/2025\/08\/PREVIEW-SOBarcelone_ALL.pdf\" target=\"_blank\" rel=\"noopener\">Leseprobe<\/a><\/div>\n<div class=\"button_cont\" align=\"center\"><a class=\"gv_product_btn\" href=\"https:\/\/www.thalia.de\/shop\/home\/artikeldetails\/A1075022212\" target=\"_blank\" rel=\"noopener\">Online kaufen<br \/>\n<\/a><\/div>\n<div class=\"button_cont\" align=\"center\"><a class=\"gv_product_btn\" href=\"https:\/\/www.das-landkartenhaus.de\/soul-of-barcelona-reisefuehrer-jonglez\" target=\"_blank\" rel=\"noopener\">Online kaufen<\/a><\/div>\n<\/div>\n","protected":false},"excerpt":{"rendered":"<p>WIR HABEN 250 ORTE GETESTET UND DIE 30 BESTEN AUSGEW\u00c4HLT Jazzkl\u00e4ngen lauschen \u00fcber den D\u00e4chern von Gaud\u00ed, Tapas essen bei<\/p>\n","protected":false},"featured_media":14335,"template":"","meta":[],"product_brand":[],"product_cat":[517,174],"product_tag":[],"class_list":{"0":"post-8522","1":"product","2":"type-product","3":"status-publish","4":"has-post-thumbnail","6":"product_cat-soul-of-reihe","7":"product_cat-english-de","9":"first","10":"instock","11":"shipping-taxable","12":"product-type-simple"},"aioseo_notices":[],"_links":{"self":[{"href":"https:\/\/jonglezpublishing.com\/de\/wp-json\/wp\/v2\/product\/8522","targetHints":{"allow":["GET"]}}],"collection":[{"href":"https:\/\/jonglezpublishing.com\/de\/wp-json\/wp\/v2\/product"}],"about":[{"href":"https:\/\/jonglezpublishing.com\/de\/wp-json\/wp\/v2\/types\/product"}],"wp:featuredmedia":[{"embeddable":true,"href":"https:\/\/jonglezpublishing.com\/de\/wp-json\/wp\/v2\/media\/14335"}],"wp:attachment":[{"href":"https:\/\/jonglezpublishing.com\/de\/wp-json\/wp\/v2\/media?parent=8522"}],"wp:term":[{"taxonomy":"product_brand","embeddable":true,"href":"https:\/\/jonglezpublishing.com\/de\/wp-json\/wp\/v2\/product_brand?post=8522"},{"taxonomy":"product_cat","embeddable":true,"href":"https:\/\/jonglezpublishing.com\/de\/wp-json\/wp\/v2\/product_cat?post=8522"},{"taxonomy":"product_tag","embeddable":true,"href":"https:\/\/jonglezpublishing.com\/de\/wp-json\/wp\/v2\/product_tag?post=8522"}],"curies":[{"name":"wp","href":"https:\/\/api.w.org\/{rel}","templated":true}]}}