{"id":8850,"date":"2020-10-13T08:45:07","date_gmt":"2020-10-13T05:45:07","guid":{"rendered":"https:\/\/jonglezpublishing.com\/product\/stilles-venedig\/"},"modified":"2024-01-08T18:40:45","modified_gmt":"2024-01-08T16:40:45","slug":"stilles-venedig","status":"publish","type":"product","link":"https:\/\/jonglezpublishing.com\/de\/produkt\/stilles-venedig\/","title":{"rendered":"STILLES VENEDIG"},"content":{"rendered":"<p class=\"p1\"><span class=\"s1\">W\u00e4hrend der Ausgangsbeschr\u00e4nkungen im Zusammenhang mit der <\/span><span class=\"s1\">Coronavirus-Pandemie im M\u00e4rz, April und Mai 2020 pr\u00e4sentierte sich Venedig <\/span><span class=\"s1\">so menschenleer wie vermutlich nie zuvor in seiner langen Geschichte.\u00a0<\/span><span class=\"s1\">Luc und Danielle Carton leben seit 2005 in der Serenissima und hatten nun\u00a0<\/span><span class=\"s1\">Gelegenheit, die sch\u00f6nste Stadt der Welt unter diesen besonderen Umst\u00e4nden <\/span><span class=\"s1\">zu fotografieren.<\/span><\/p>\n<p class=\"p1\"><span class=\"s1\">Ihre Aufnahmen sind ein seltenes Zeugnis dieser au\u00dfergew\u00f6hnlichen Zeit.<\/span><\/p>\n<p class=\"p1\"><span class=\"s1\">Eine einzigartige Reportage.<\/span><\/p>\n<p>&nbsp;<\/p>\n<p class=\"p2\"><span class=\"s1\"><b>AUTOREN &amp; FOTOGRAFEN<\/b>: Luc &amp; Danielle Carton<b><br \/>\nSEITEN<\/b>: 192<br \/>\n<\/span><span class=\"s1\"><b>Ma\u00dfe<\/b>: 21.5 x 28 cm<br \/>\n<\/span><span class=\"s1\"><b>ISBN<\/b>: <span data-sheets-root=\"1\" data-sheets-value=\"{&quot;1&quot;:2,&quot;2&quot;:&quot;978-2-36195-482-6&quot;}\" data-sheets-userformat=\"{&quot;2&quot;:12993,&quot;3&quot;:{&quot;1&quot;:0},&quot;9&quot;:1,&quot;10&quot;:1,&quot;12&quot;:0,&quot;15&quot;:&quot;Cambria&quot;,&quot;16&quot;:11}\">978-2-36195-482-6<\/span><br \/>\n<\/span><span class=\"s1\"><b>PREIS<\/b>: \u20ac 35,00 [D] \u2014 \u20ac 36,00 [A] \u2014 47.90 CHF<br \/>\n<\/span><span class=\"s1\"><b>KONTAKT<\/b>: <a href=\"mailto:info@jonglezverlag.com\"><span class=\"s2\">info@jonglezverlag.com<\/span><\/a><\/span><\/p>\n<p>&nbsp;<\/p>\n<div class=\"buttons_cont\">\n<div class=\"button_cont\" align=\"center\"><a class=\"gv_product_btn\" href=\"https:\/\/jonglezpublishing.com\/wp-content\/uploads\/2020\/10\/Venice-Deserted-GER.jpg\" target=\"_blank\" rel=\"noopener noreferrer\">Cover herunterladen<\/a><\/div>\n<div class=\"button_cont\" align=\"center\"><a class=\"gv_product_btn\" href=\"https:\/\/jonglezpublishing.com\/wp-content\/uploads\/2020\/10\/Stilles-Venedig_Jonglez-photo-books.pdf\" target=\"_blank\" rel=\"noopener noreferrer\">Leseprobe<\/a><\/div>\n<div class=\"button_cont\" align=\"center\"><a class=\"gv_product_btn\" href=\"https:\/\/www.thalia.de\/shop\/home\/artikeldetails\/ID148661634.html\" target=\"_blank\" rel=\"noopener noreferrer\">Online kaufen<br \/>\n<\/a><\/div>\n<\/div>\n","protected":false},"excerpt":{"rendered":"<p>W\u00e4hrend der Ausgangsbeschr\u00e4nkungen im Zusammenhang mit der Coronavirus-Pandemie im M\u00e4rz, April und Mai 2020 pr\u00e4sentierte sich Venedig so menschenleer wie<\/p>\n","protected":false},"featured_media":8774,"template":"","meta":[],"product_brand":[],"product_cat":[481,174,391,400,392,393],"product_tag":[],"class_list":{"0":"post-8850","1":"product","2":"type-product","3":"status-publish","4":"has-post-thumbnail","6":"product_cat-bildbaende","7":"product_cat-english-de","8":"product_cat-french-de","9":"product_cat-german-de","10":"product_cat-italian-de","11":"product_cat-spanish-de","13":"first","14":"instock","15":"shipping-taxable","16":"product-type-simple"},"aioseo_notices":[],"_links":{"self":[{"href":"https:\/\/jonglezpublishing.com\/de\/wp-json\/wp\/v2\/product\/8850","targetHints":{"allow":["GET"]}}],"collection":[{"href":"https:\/\/jonglezpublishing.com\/de\/wp-json\/wp\/v2\/product"}],"about":[{"href":"https:\/\/jonglezpublishing.com\/de\/wp-json\/wp\/v2\/types\/product"}],"wp:featuredmedia":[{"embeddable":true,"href":"https:\/\/jonglezpublishing.com\/de\/wp-json\/wp\/v2\/media\/8774"}],"wp:attachment":[{"href":"https:\/\/jonglezpublishing.com\/de\/wp-json\/wp\/v2\/media?parent=8850"}],"wp:term":[{"taxonomy":"product_brand","embeddable":true,"href":"https:\/\/jonglezpublishing.com\/de\/wp-json\/wp\/v2\/product_brand?post=8850"},{"taxonomy":"product_cat","embeddable":true,"href":"https:\/\/jonglezpublishing.com\/de\/wp-json\/wp\/v2\/product_cat?post=8850"},{"taxonomy":"product_tag","embeddable":true,"href":"https:\/\/jonglezpublishing.com\/de\/wp-json\/wp\/v2\/product_tag?post=8850"}],"curies":[{"name":"wp","href":"https:\/\/api.w.org\/{rel}","templated":true}]}}