{"id":8857,"date":"2020-10-13T09:10:09","date_gmt":"2020-10-13T06:10:09","guid":{"rendered":"https:\/\/jonglezpublishing.com\/product\/verlassene-kirchen\/"},"modified":"2021-11-29T12:13:49","modified_gmt":"2021-11-29T10:13:49","slug":"verlassene-kirchen","status":"publish","type":"product","link":"https:\/\/jonglezpublishing.com\/de\/produkt\/verlassene-kirchen\/","title":{"rendered":"VERLASSENE KIRCHEN &#8211; KULTST\u00c4TTEN IM VERFALL"},"content":{"rendered":"<p class=\"p2\">\u201eZwischen 2012 und 2020 fotografierte Francis Meslet mehrere Hundert Kultst\u00e4tten in ganz Europa. Diese Orte sind heute in Schweigen geh\u00fcllt. Einzig ein sanfter Windhauch, der sich durch ein zerbrochenes Buntglasfenster Einlass verschafft, ist zu sp\u00fcren. Oder man h\u00f6rt als einziges Ger\u00e4usch das rhythmische Klopfen von Wassertropfen, die durch das marode Dach eines Kirchenschiffs fallen. Und doch ziehen diese Orte des Schweigens vereinzelte Besucher an. Zwar waren einst in einer deutschen Kirche lateinische Ges\u00e4nge zu h\u00f6ren; und in einem katholischen Kolleg in Frankreich klangen Kinderstimmen durch das Glockengel\u00e4ut. Doch wer vermag sich vorzustellen, welche Ger\u00e4usche sich nun hinter den Mauern einer Krypta, im Herzen des italienischen Hochlands verbergen oder in einem Grab eines fr\u00fcheren Klosters in Portugal?<\/p>\n<p class=\"p3\">In seiner Freizeit reist Francis Meslet um die Welt, stets auf der Suche nach verlassenen Orten \u2013 religi\u00f6se Bauten, in denen die Zeit stillsteht, seit ihre T\u00fcren ein letztes Mal geschlossen wurden. Er kehrt zur\u00fcck mit beeindruckenden Fotografien, jede davon eine Zeitkapsel, eine Aufnahme aus einem Paralleluniversum. Sie laden uns ein, unserer Fantasie freien Lauf zu lassen und uns unserer Vorstellungskraft zu bedienen. Mit gr\u00f6\u00dftem Respekt vor den Gl\u00e4ubigen, die diese Orte einst regelm\u00e4\u00dfig besuchten, bietet er uns eine Gelegenheit, auf der Suche nach g\u00f6ttlichem Licht in Umgebungen einzutauchen, die \u201avom Glauben abgefallen\u2018 zu sein scheinen.\u201c<\/p>\n<p>&nbsp;<\/p>\n<p style=\"text-align: center;\">*<em>Verlassene Kirchen<\/em> erhielt bei den International Photography Awards 2020 eine lobenswerte Erw\u00e4hnung (Honorable Mention) und belegte bei der Prix de la Photographie de Parix (PX3) den ersten Platz in den Kategorien Buch und Bildb\u00e4nd, un bei den Tokyo International Photography Awards (TIFA) den zweiten Platz in der Kategorie Bildb\u00e4nd.*<\/p>\n<p>&nbsp;<\/p>\n<p><strong>AUTOR &amp; FOTOGRAF<\/strong>: Francis Meslet<br \/>\n<b>SEITEN<\/b>: 224<br \/>\n<b>FORMAT<\/b>: 305 x 215 mm<br \/>\n<b>ISBN<\/b>: <span data-sheets-value=\"{&quot;1&quot;:2,&quot;2&quot;:&quot;978-2-36195-444-4&quot;}\" data-sheets-userformat=\"{&quot;2&quot;:12865,&quot;3&quot;:{&quot;1&quot;:0},&quot;9&quot;:1,&quot;12&quot;:0,&quot;15&quot;:&quot;Cambria&quot;,&quot;16&quot;:11}\">978-2-36195-444-4<\/span><br \/>\n<b>PREIS<\/b>: \u20ac 35,00 [D] \u2014 \u20ac 36,00 [A] \u00a0\u2014 CHF 47.90<br \/>\n<b>KONTAKT<\/b>:<a href=\"mailto:info@jonglezverlag.com\"> info@jonglezverlag.com<\/a><\/p>\n<p>&nbsp;<\/p>\n<div class=\"buttons_cont\">\n<div class=\"button_cont\" align=\"center\"><a class=\"gv_product_btn\" href=\"https:\/\/jonglezpublishing.com\/wp-content\/uploads\/2020\/10\/D_couv_JONGLEZ.jpg\" target=\"_blank\" rel=\"noopener noreferrer\">Cover herunterladen<\/a><\/div>\n<div class=\"button_cont\" align=\"center\"><a class=\"gv_product_btn\" href=\"https:\/\/jonglezpublishing.com\/wp-content\/uploads\/2020\/10\/Verlassene_Kirchen_Jonglez-photo-books.pdf\" target=\"_blank\" rel=\"noopener noreferrer\">Leseprobe<\/a><\/div>\n<div class=\"button_cont\" align=\"center\"><a class=\"gv_product_btn\" href=\"https:\/\/www.thalia.de\/shop\/home\/artikeldetails\/ID148661578.html\" target=\"_blank\" rel=\"noopener noreferrer\">Online kaufen<br \/>\n<\/a><\/div>\n<\/div>\n","protected":false},"excerpt":{"rendered":"<p>\u201eZwischen 2012 und 2020 fotografierte Francis Meslet mehrere Hundert Kultst\u00e4tten in ganz Europa. Diese Orte sind heute in Schweigen geh\u00fcllt.<\/p>\n","protected":false},"featured_media":8793,"template":"","meta":[],"product_brand":[],"product_cat":[481,174,391,400,392,393],"product_tag":[],"class_list":{"0":"post-8857","1":"product","2":"type-product","3":"status-publish","4":"has-post-thumbnail","6":"product_cat-bildbaende","7":"product_cat-english-de","8":"product_cat-french-de","9":"product_cat-german-de","10":"product_cat-italian-de","11":"product_cat-spanish-de","13":"first","14":"instock","15":"shipping-taxable","16":"product-type-simple"},"aioseo_notices":[],"_links":{"self":[{"href":"https:\/\/jonglezpublishing.com\/de\/wp-json\/wp\/v2\/product\/8857","targetHints":{"allow":["GET"]}}],"collection":[{"href":"https:\/\/jonglezpublishing.com\/de\/wp-json\/wp\/v2\/product"}],"about":[{"href":"https:\/\/jonglezpublishing.com\/de\/wp-json\/wp\/v2\/types\/product"}],"wp:featuredmedia":[{"embeddable":true,"href":"https:\/\/jonglezpublishing.com\/de\/wp-json\/wp\/v2\/media\/8793"}],"wp:attachment":[{"href":"https:\/\/jonglezpublishing.com\/de\/wp-json\/wp\/v2\/media?parent=8857"}],"wp:term":[{"taxonomy":"product_brand","embeddable":true,"href":"https:\/\/jonglezpublishing.com\/de\/wp-json\/wp\/v2\/product_brand?post=8857"},{"taxonomy":"product_cat","embeddable":true,"href":"https:\/\/jonglezpublishing.com\/de\/wp-json\/wp\/v2\/product_cat?post=8857"},{"taxonomy":"product_tag","embeddable":true,"href":"https:\/\/jonglezpublishing.com\/de\/wp-json\/wp\/v2\/product_tag?post=8857"}],"curies":[{"name":"wp","href":"https:\/\/api.w.org\/{rel}","templated":true}]}}