{"id":8868,"date":"2020-10-13T12:21:24","date_gmt":"2020-10-13T09:21:24","guid":{"rendered":"https:\/\/jonglezpublishing.com\/?post_type=product&#038;p=8868"},"modified":"2020-11-26T09:34:46","modified_gmt":"2020-11-26T07:34:46","slug":"soul-of-barcelona-30-einzigartige-erlebnisse-copy","status":"publish","type":"product","link":"https:\/\/jonglezpublishing.com\/de\/produkt\/soul-of-barcelona-30-einzigartige-erlebnisse-copy\/","title":{"rendered":"SOUL OF BARCELONA &#8211; 30 EINZIGARTIGE ERLEBNISSE (Copy)"},"content":{"rendered":"<p class=\"p1\"><span class=\"s1\">Jazzkl\u00e4ngen lauschen \u00fcber den D\u00e4chern von Gaud\u00ed, Tapas essen bei einer Gro\u00dfmutter, die alle jungen K\u00fcchenchefs Spaniens inspiriert, Flanieren an einem gut verborgenen Strandabschnitt, die besten Churros seines Lebens verspeisen, ein hei\u00dfes Bad in einem Spa unter der Stadt nehmen\u00a0\u2026<\/span><\/p>\n<p class=\"p1\"><span class=\"s1\">\u201eSoul of Barcelona\u201c weist den Weg zu den 30 besten Erlebnissen der Stadt, die f\u00fcr sich gesehen schon das Flugticket lohnen w\u00fcrden!<\/span><\/p>\n<p>&nbsp;<\/p>\n<p class=\"p1\" style=\"text-align: center;\"><span class=\"s1\">\u201eDie fr\u00f6hlichste Stra\u00dfe der Welt, die Stra\u00dfe, auf der sich die vier Jahreszeiten treffen, die einzige Stra\u00dfe der Welt, von der ich w\u00fcnschte, dass sie niemals endete, reich an Kl\u00e4ngen, Brisen und sch\u00f6nen Begegnungen: Las Ramblas de Barcelona.\u201c Federico Garc\u00eda Lorca<\/span><\/p>\n<p>&nbsp;<\/p>\n<p class=\"p1\" style=\"text-align: center;\"><span class=\"s1\">In allen Reisef\u00fchrern der <b>\u201eSoul of\u201c-<\/b>Reihe erwarten Sie: <\/span><\/p>\n<p class=\"p1\" style=\"text-align: center;\"><span class=\"s1\">&#8211; die 30 besten Erlebnisse einer Stadt<br \/>\n<\/span><span class=\"s1\">&#8211; Interviews mit den Menschen, die den Geist dieser Stadt ausmachen<br \/>\n<\/span><span class=\"s1\">&#8211; Illustrationen, die die Seele der Stadt einfangen<\/span><\/p>\n<p>&nbsp;<\/p>\n<p class=\"p1\"><span class=\"s1\"><b>AUTOREN<\/b>: Fany P\u00e9chiodat &amp; Vincent Moustache<br \/>\n<\/span><span class=\"s1\"><b>ISBN<\/b>: 978-2-36195-390-4<br \/>\n<b>Preis<\/b>: \u20ac14.95 \u2014 US$ 14.95<br \/>\n<b>Ma\u00dfe<\/b>: 200 x 135 mm<br \/>\n<\/span><span class=\"s1\"><b>Kontakt<\/b>: <a href=\"mailto:info@jonglezverlag.com\"><span class=\"s2\">info@jonglezverlag.com<\/span><\/a>\u00a0<\/span><\/p>\n<div class=\"buttons_cont\">\n<div class=\"button_cont\" align=\"center\"><a class=\"gv_product_btn\" href=\"https:\/\/jonglezpublishing.com\/wp-content\/uploads\/2020\/07\/couv_SOUL_OF_BARCELONA_ALL_front.jpg\" target=\"_blank\" rel=\"noopener noreferrer\">Cover herunterladen<\/a><\/div>\n<div class=\"button_cont\" align=\"center\"><a class=\"gv_product_btn\" href=\"https:\/\/jonglezpublishing.com\/wp-content\/uploads\/2020\/07\/Preview_ALL-2.pdf\" target=\"_blank\" rel=\"noopener noreferrer\">Leseprobe<\/a><\/div>\n<div class=\"button_cont\" align=\"center\"><a class=\"gv_product_btn\" href=\"https:\/\/www.thalia.de\/shop\/home\/artikeldetails\/ID145546676.html\" target=\"_blank\" rel=\"noopener noreferrer\">Online kaufen<\/a><\/div>\n<\/div>\n","protected":false},"excerpt":{"rendered":"<p>Jazzkl\u00e4ngen lauschen \u00fcber den D\u00e4chern von Gaud\u00ed, Tapas essen bei einer Gro\u00dfmutter, die alle jungen K\u00fcchenchefs Spaniens inspiriert, Flanieren an<\/p>\n","protected":false},"featured_media":8534,"template":"","meta":[],"product_brand":[],"product_cat":[24],"product_tag":[],"class_list":{"0":"post-8868","1":"product","2":"type-product","3":"status-publish","4":"has-post-thumbnail","6":"product_cat-uncategorized","8":"first","9":"instock","10":"shipping-taxable","11":"product-type-simple"},"aioseo_notices":[],"_links":{"self":[{"href":"https:\/\/jonglezpublishing.com\/de\/wp-json\/wp\/v2\/product\/8868","targetHints":{"allow":["GET"]}}],"collection":[{"href":"https:\/\/jonglezpublishing.com\/de\/wp-json\/wp\/v2\/product"}],"about":[{"href":"https:\/\/jonglezpublishing.com\/de\/wp-json\/wp\/v2\/types\/product"}],"wp:featuredmedia":[{"embeddable":true,"href":"https:\/\/jonglezpublishing.com\/de\/wp-json\/wp\/v2\/media\/8534"}],"wp:attachment":[{"href":"https:\/\/jonglezpublishing.com\/de\/wp-json\/wp\/v2\/media?parent=8868"}],"wp:term":[{"taxonomy":"product_brand","embeddable":true,"href":"https:\/\/jonglezpublishing.com\/de\/wp-json\/wp\/v2\/product_brand?post=8868"},{"taxonomy":"product_cat","embeddable":true,"href":"https:\/\/jonglezpublishing.com\/de\/wp-json\/wp\/v2\/product_cat?post=8868"},{"taxonomy":"product_tag","embeddable":true,"href":"https:\/\/jonglezpublishing.com\/de\/wp-json\/wp\/v2\/product_tag?post=8868"}],"curies":[{"name":"wp","href":"https:\/\/api.w.org\/{rel}","templated":true}]}}