{"id":8899,"date":"2020-10-13T12:33:54","date_gmt":"2020-10-13T09:33:54","guid":{"rendered":"https:\/\/jonglezpublishing.com\/product\/soul-of-venedig-30-einzigartige-erlebnisse\/"},"modified":"2026-04-06T08:43:09","modified_gmt":"2026-04-06T05:43:09","slug":"soul-of-venedig-30-einzigartige-erlebnisse","status":"publish","type":"product","link":"https:\/\/jonglezpublishing.com\/de\/produkt\/soul-of-venedig-30-einzigartige-erlebnisse\/","title":{"rendered":"SOUL OF VENEDIG &#8211; DIE GEHEIMTIPPS DER VENEZIANER"},"content":{"rendered":"<div class=\"wpb-content-wrapper\"><p>[vc_row][vc_column][vc_column_text css=&#8220;&#8220; woodmart_inline=&#8220;no&#8220; text_larger=&#8220;no&#8220;]<\/p>\n<p style=\"text-align: center;\">WIR HABEN 1000 ORTE GETESTET<br \/>\n<strong>UND DIE 30 BESTEN AUSGEW\u00c4HLT<\/strong><\/p>\n<p>Ein besuch des markusdoms ohne touristen, der sch\u00f6nste panoramablick, in einem gef\u00e4ngnis einkaufen, auszeit im gourmet-paradies, logieren im sch\u00f6nsten palazzo, eine \u00fcbernachtung im einzigen zimmer der welt mit einem fresko von tiepolo, das beste sandwich von venedig, die kunst der venezianischen samtpantoffeln, ein spiritueller retreat voller magie auf einer insel in der lagune, ein tag auf einem historischen segelschiff &#8230;<\/p>\n<p>Verborgene Hotels, au\u00dfergew\u00f6hnliche Restaurants, Bars, Szenetreffs, originelle Ladengesch\u00e4fte und unbekannte Spazierg\u00e4nge &#8230; Dieser Reisef\u00fchrer bietet eine sorgf\u00e4ltig kuratierte und vielseitige Auswahl an Orten und Erlebnissen f\u00fcr jedes Budget. Er richtet sich sowohl an Reisende als auch an Einheimische und pr\u00e4sentiert handverlesene Adressen lokaler Autorinnen und Autoren \u2013 jede Empfehlung ist ein Tor zu neuen und \u00fcberraschenden Entdeckungen, abseits der Massen und fernab ausgetretener Pfade.<\/p>\n<p class=\"p1\"><span class=\"s1\"><b>Autorinnen<\/b>: Servane Jol und Thomas Jonglez<br \/>\n<\/span><span class=\"s1\"><b>ISBN<\/b>: 978-2-36195-997-5<br \/>\n<b>Preis<\/b>: \u20ac16,95 [D] \u2013 \u20ac17,95 [A]<br \/>\n<b>Ma\u00dfe<\/b>: 200 x135 mm<br \/>\n<\/span><span class=\"s1\"><b>Kontakt<\/b>: <a href=\"mailto:info@jonglezverlag.com\"><span class=\"s2\">info@jonglezverlag.com<\/span><\/a>\u00a0<\/span><\/p>\n<div class=\"buttons_cont\">\n<div class=\"button_cont\" align=\"center\"><a class=\"gv_product_btn\" href=\"https:\/\/jonglezpublishing.com\/wp-content\/uploads\/2020\/10\/couv_SO_VENISE_rabats_RVB-2-scaled.jpg\" target=\"_blank\" rel=\"noopener\">Cover herunterladen<\/a><\/div>\n<div class=\"button_cont\" align=\"center\"><a class=\"gv_product_btn\" href=\"https:\/\/jonglezpublishing.com\/wp-content\/uploads\/2026\/04\/PREVIEW-SO-Venise_ALL-1.pdf\" target=\"_blank\" rel=\"noopener\">Leseprobe<\/a><\/div>\n<div class=\"button_cont\" align=\"center\"><a class=\"gv_product_btn\" href=\"https:\/\/www.thalia.de\/shop\/home\/artikeldetails\/A1076403253\" target=\"_blank\" rel=\"noopener\">Online aufen<br \/>\n<\/a><\/div>\n<\/div>\n<p>[\/vc_column_text][\/vc_column][\/vc_row]<\/p>\n<\/div>","protected":false},"excerpt":{"rendered":"<p>[vc_row][vc_column][vc_column_text css=&#8220;&#8220; woodmart_inline=&#8220;no&#8220; text_larger=&#8220;no&#8220;] WIR HABEN 1000 ORTE GETESTET UND DIE 30 BESTEN AUSGEW\u00c4HLT Ein besuch des markusdoms ohne touristen,<\/p>\n","protected":false},"featured_media":15004,"template":"","meta":[],"product_brand":[],"product_cat":[517,174,391,400,392],"product_tag":[],"class_list":{"0":"post-8899","1":"product","2":"type-product","3":"status-publish","4":"has-post-thumbnail","6":"product_cat-soul-of-reihe","7":"product_cat-english-de","8":"product_cat-french-de","9":"product_cat-german-de","10":"product_cat-italian-de","12":"first","13":"instock","14":"shipping-taxable","15":"product-type-simple"},"aioseo_notices":[],"_links":{"self":[{"href":"https:\/\/jonglezpublishing.com\/de\/wp-json\/wp\/v2\/product\/8899","targetHints":{"allow":["GET"]}}],"collection":[{"href":"https:\/\/jonglezpublishing.com\/de\/wp-json\/wp\/v2\/product"}],"about":[{"href":"https:\/\/jonglezpublishing.com\/de\/wp-json\/wp\/v2\/types\/product"}],"wp:featuredmedia":[{"embeddable":true,"href":"https:\/\/jonglezpublishing.com\/de\/wp-json\/wp\/v2\/media\/15004"}],"wp:attachment":[{"href":"https:\/\/jonglezpublishing.com\/de\/wp-json\/wp\/v2\/media?parent=8899"}],"wp:term":[{"taxonomy":"product_brand","embeddable":true,"href":"https:\/\/jonglezpublishing.com\/de\/wp-json\/wp\/v2\/product_brand?post=8899"},{"taxonomy":"product_cat","embeddable":true,"href":"https:\/\/jonglezpublishing.com\/de\/wp-json\/wp\/v2\/product_cat?post=8899"},{"taxonomy":"product_tag","embeddable":true,"href":"https:\/\/jonglezpublishing.com\/de\/wp-json\/wp\/v2\/product_tag?post=8899"}],"curies":[{"name":"wp","href":"https:\/\/api.w.org\/{rel}","templated":true}]}}