{"id":9230,"date":"2019-10-14T12:06:43","date_gmt":"2019-10-14T09:06:43","guid":{"rendered":"https:\/\/jonglezpublishing.com\/?post_type=product&#038;p=9230"},"modified":"2026-04-21T06:30:44","modified_gmt":"2026-04-21T03:30:44","slug":"soul-of-los-angeles-30-einzigartige-erlebnisse","status":"publish","type":"product","link":"https:\/\/jonglezpublishing.com\/de\/produkt\/soul-of-los-angeles-30-einzigartige-erlebnisse\/","title":{"rendered":"SOUL OF LOS ANGELES &#8211; DIE GEHEIMTIPPS DER EINWOHNER"},"content":{"rendered":"<div class=\"wpb-content-wrapper\"><p>[vc_row][vc_column][vc_column_text css=&#8220;&#8220; woodmart_inline=&#8220;no&#8220; text_larger=&#8220;no&#8220;]<\/p>\n<p style=\"text-align: center;\">WIR HABEN 1000 ORTE GETESTET,<br \/>\n<strong>UND NUR DIE BESTEN AUSGEW\u00c4HLT<\/strong><\/p>\n<p>Besuchen Sie einen geheimen Strand in Malibu, entspannen Sie in einem riesigen, Tag und Nacht ge\u00f6ffneten koreanischen Spa, sehen Sie sich einen Film aus Quentin Tarantinos Privatsammlung an, essen Sie Ihren Hamburger auf kalifornische Art, meditieren Sie im Lieblingsgarten von Elvis Presley und George Harrison, genie\u00dfen Sie einen Drink in einem der sch\u00f6nsten Restaurants der USA oder kaufen Sie in einem au\u00dfergew\u00f6hnlichen Gesch\u00e4ft eine LP und ein Vintage-Kleid &#8230;<\/p>\n<p>Verborgene Hotels, au\u00dfergew\u00f6hnliche Restaurants, Bars, Szenetreffs, originelle Ladengesch\u00e4fte und unbekannte Spazierg\u00e4nge &#8230; Dieser Reisef\u00fchrer bietet eine sorgf\u00e4ltig kuratierte und vielseitige Auswahl an Orten und Erlebnissen f\u00fcr jedes Budget. Er richtet sich sowohl an Reisende als auch an Einheimische und pr\u00e4sentiert handverlesene Adressen lokaler Autorinnen und Autoren\u00a0 jede Empfehlung ist ein Tor zu neuen und \u00fcberraschenden Entdeckungen, abseits der Massen und fernab ausgetretener Pfade.<\/p>\n<p class=\"p1\"><span class=\"s1\"><b>Autor<\/b>: Emilien Crespo<br \/>\n<\/span><span class=\"s1\"><b>ISBN<\/b>: 978-2-36195-993-7<\/span><br \/>\n<span class=\"s1\"><b>Preis<\/b>: 16,95 \u20ac [D] &#8211; 17,95 \u20ac [A]<br \/>\n<b>Ma\u00dfe<\/b>: 200 x 135 mm<br \/>\n<\/span><span class=\"s1\"><b>Kontakt<\/b>:\u00a0<a href=\"mailto:info@jonglezverlag.com\"><span class=\"s2\">info@jonglezverlag.com<\/span><\/a>\u00a0<\/span><\/p>\n<div class=\"buttons_cont\">\n<div class=\"button_cont\" align=\"center\"><a class=\"gv_product_btn\" href=\"https:\/\/jonglezpublishing.com\/wp-content\/uploads\/2019\/10\/Couv_SO_LA_2026_ALL_RVB-scaled.jpg\" target=\"_blank\" rel=\"noopener\">Cover herunterlaen<\/a><\/div>\n<div class=\"button_cont\" align=\"center\"><a class=\"gv_product_btn\" href=\"https:\/\/jonglezpublishing.com\/wp-content\/uploads\/2026\/04\/PREVIEW-SO-Los-Angeles_ALL.pdf\" target=\"_blank\" rel=\"noopener\">Leseprob<\/a><\/div>\n<div class=\"button_cont\" align=\"center\"><a class=\"gv_product_btn\" href=\"https:\/\/www.thalia.de\/shop\/home\/artikeldetails\/A1076403227\" target=\"_blank\" rel=\"noopener\">Online aufen<br \/>\n<\/a><\/div>\n<\/div>\n<p>[\/vc_column_text][\/vc_column][\/vc_row]<\/p>\n<\/div>","protected":false},"excerpt":{"rendered":"<p>[vc_row][vc_column][vc_column_text css=&#8220;&#8220; woodmart_inline=&#8220;no&#8220; text_larger=&#8220;no&#8220;] WIR HABEN 1000 ORTE GETESTET, UND NUR DIE BESTEN AUSGEW\u00c4HLT Besuchen Sie einen geheimen Strand in<\/p>\n","protected":false},"featured_media":15143,"template":"","meta":[],"product_brand":[],"product_cat":[517,174],"product_tag":[],"class_list":{"0":"post-9230","1":"product","2":"type-product","3":"status-publish","4":"has-post-thumbnail","6":"product_cat-soul-of-reihe","7":"product_cat-english-de","9":"first","10":"instock","11":"shipping-taxable","12":"product-type-simple"},"aioseo_notices":[],"_links":{"self":[{"href":"https:\/\/jonglezpublishing.com\/de\/wp-json\/wp\/v2\/product\/9230","targetHints":{"allow":["GET"]}}],"collection":[{"href":"https:\/\/jonglezpublishing.com\/de\/wp-json\/wp\/v2\/product"}],"about":[{"href":"https:\/\/jonglezpublishing.com\/de\/wp-json\/wp\/v2\/types\/product"}],"wp:featuredmedia":[{"embeddable":true,"href":"https:\/\/jonglezpublishing.com\/de\/wp-json\/wp\/v2\/media\/15143"}],"wp:attachment":[{"href":"https:\/\/jonglezpublishing.com\/de\/wp-json\/wp\/v2\/media?parent=9230"}],"wp:term":[{"taxonomy":"product_brand","embeddable":true,"href":"https:\/\/jonglezpublishing.com\/de\/wp-json\/wp\/v2\/product_brand?post=9230"},{"taxonomy":"product_cat","embeddable":true,"href":"https:\/\/jonglezpublishing.com\/de\/wp-json\/wp\/v2\/product_cat?post=9230"},{"taxonomy":"product_tag","embeddable":true,"href":"https:\/\/jonglezpublishing.com\/de\/wp-json\/wp\/v2\/product_tag?post=9230"}],"curies":[{"name":"wp","href":"https:\/\/api.w.org\/{rel}","templated":true}]}}