{"id":9285,"date":"2019-03-01T15:35:02","date_gmt":"2019-03-01T13:35:02","guid":{"rendered":"https:\/\/jonglezpublishing.com\/product\/verborgenes-paris\/"},"modified":"2025-06-20T11:10:22","modified_gmt":"2025-06-20T08:10:22","slug":"verborgenes-paris","status":"publish","type":"product","link":"https:\/\/jonglezpublishing.com\/de\/produkt\/verborgenes-paris\/","title":{"rendered":"VERBORGENES PARIS"},"content":{"rendered":"<p>Wein von der Feuerwehr, eine geisterhafte Mauer, ein umgekehrter Phallus an einem wohlbekannten Eingang, ein Luftschutzbunker unter der Gare de l\u2019Est, diskrete Hinweise auf ehemalige Bordelle, ein Schutzheiliger der Autofahrer, k\u00f6nigliche Monogramme im Innenhof des Louvre, die Verehrung der Dornenkrone Jesu, ein Vintage- Karussell mit pr\u00e4historischen Tieren, eine von Dal\u00ed entworfene Sonnenuhr, das Haus eines Brunnenmeisters, Einschussl\u00f6cher in einem fr\u00fcheren Ministerium, geistliche Pflanzen im Garten eines Presbyteriums, ein geheimnisvolles Freimaurerdenkmal auf dem Marsfeld, eine massive Goldkugel im Hof der Nationalversammlung, ein buddhistischer Tempel in einem Parkhaus, der Einfluss der Bi\u00e8vre auf das Stadtbild von Paris, ein Blockhaus im Bois de Boulogne &#8230;<\/p>\n<p>Abseits der Touristenmassen und allseits bekannten \u201eDauerbrennern\u201c h\u00e4lt die Stadt Paris immer noch gut geh\u00fctete Sch\u00e4tze bereit, die sie nur den Einwohnern und Reisenden offenbart, die die \u00fcblichen Wege verlassen.<\/p>\n<p>Umschlagfoto: \u00a9 Pauline Le Goff.<\/p>\n<p>&nbsp;<\/p>\n<p><span class=\"s1\"><b>AUTOR<\/b>: Thomas Jonglez<br \/>\n<\/span><span class=\"s1\"><b>SEITEN<\/b>: 384<br \/>\n<\/span><span class=\"s1\"><b>FORMAT<\/b>: 10.5 x 19 cm<br \/>\n<\/span><span class=\"s1\"><b>ISBN<\/b>: 978-2-36195-861-9<br \/>\n<\/span><span class=\"s1\"><b>PREIS<\/b>: \u20ac 19,95 [D] \u2013 \u20ac 20,95 [A]<br \/>\n<\/span><span class=\"s1\"><b>KONTAKT<\/b>: <a href=\"mailto:info@jonglezverlag.com\"><span class=\"s2\">info@jonglezverlag.com<\/span><\/a>\u00a0<\/span><\/p>\n<p>&nbsp;<\/p>\n<div class=\"buttons_cont\">\n<div class=\"button_cont\" align=\"center\"><a class=\"gv_product_btn\" href=\"https:\/\/jonglezpublishing.com\/wp-content\/uploads\/2019\/03\/Couv_Paris_ALL_RVB-1-scaled.jpg\" target=\"_blank\" rel=\"noopener\">Cover herunterladen<\/a><\/div>\n<div class=\"button_cont\" align=\"center\"><a class=\"gv_product_btn\" href=\"https:\/\/jonglezpublishing.com\/wp-content\/uploads\/2025\/06\/PREVIEW-Verborgenes-Paris-1.pdf\" target=\"_blank\" rel=\"noopener\">Leseprobe<\/a><\/div>\n<div class=\"button_cont\" align=\"center\"><a class=\"gv_product_btn\" href=\"https:\/\/www.amazon.es\/-\/en\/Thomas-Jonglez\/dp\/2361958619\/ref=sr_1_3?crid=2ZTHOQB8J2QOP&amp;dib=eyJ2IjoiMSJ9.6AXQG1NNO9rp-XmkCxqkx1zHvARs9ajmGdp7eL5dfdWoTNviPo09_SKJuwbbbW5m5W9vYUwe0cJ9zGNk4sPqR6MgYBG8pyXyu3ik9IBttMahNJMwkkHIHs8JW6HR_Paw4x8TjwNKiIoHEktRO3LIDtobQkuXF8ZSfd05TDCtTW5Qez7AaTp9Zjsj1HKjDzuw_FW2-SZTzFo8Sq_D_3V70jC611YwHmDjP237ucajQQ9fUwkIGS-dmwh1J6aLlGuB8qKyIu97_44YVs8islAqSD0nb9kyK5FVSrpWnBOYkMY.aCI3MjKKcHHFd-w943wFJ77RvmrTqsPbvEumj-fjydM&amp;dib_tag=se&amp;keywords=VERBORGENES+PARIS&amp;qid=1750406994&amp;sprefix=milan+-+la+otra+gu%C3%ADa%2Caps%2C921&amp;sr=8-3\" target=\"_blank\" rel=\"noopener\">Online kafen<br \/>\n<\/a><\/div>\n<\/div>\n","protected":false},"excerpt":{"rendered":"<p>Wein von der Feuerwehr, eine geisterhafte Mauer, ein umgekehrter Phallus an einem wohlbekannten Eingang, ein Luftschutzbunker unter der Gare de<\/p>\n","protected":false},"featured_media":14152,"template":"","meta":[],"product_brand":[],"product_cat":[421,174,391,400,392,393],"product_tag":[176,177,179,181,182],"class_list":{"0":"post-9285","1":"product","2":"type-product","3":"status-publish","4":"has-post-thumbnail","6":"product_cat-verborgenes-reisefuehrer","7":"product_cat-english-de","8":"product_cat-french-de","9":"product_cat-german-de","10":"product_cat-italian-de","11":"product_cat-spanish-de","12":"product_tag-jonglez-de","13":"product_tag-jonglez-publishing-de","14":"product_tag-secret-guides-de","15":"product_tag-secret-travel-guides-de","16":"product_tag-travel-guides-de","18":"first","19":"instock","20":"shipping-taxable","21":"product-type-simple"},"aioseo_notices":[],"_links":{"self":[{"href":"https:\/\/jonglezpublishing.com\/de\/wp-json\/wp\/v2\/product\/9285","targetHints":{"allow":["GET"]}}],"collection":[{"href":"https:\/\/jonglezpublishing.com\/de\/wp-json\/wp\/v2\/product"}],"about":[{"href":"https:\/\/jonglezpublishing.com\/de\/wp-json\/wp\/v2\/types\/product"}],"wp:featuredmedia":[{"embeddable":true,"href":"https:\/\/jonglezpublishing.com\/de\/wp-json\/wp\/v2\/media\/14152"}],"wp:attachment":[{"href":"https:\/\/jonglezpublishing.com\/de\/wp-json\/wp\/v2\/media?parent=9285"}],"wp:term":[{"taxonomy":"product_brand","embeddable":true,"href":"https:\/\/jonglezpublishing.com\/de\/wp-json\/wp\/v2\/product_brand?post=9285"},{"taxonomy":"product_cat","embeddable":true,"href":"https:\/\/jonglezpublishing.com\/de\/wp-json\/wp\/v2\/product_cat?post=9285"},{"taxonomy":"product_tag","embeddable":true,"href":"https:\/\/jonglezpublishing.com\/de\/wp-json\/wp\/v2\/product_tag?post=9285"}],"curies":[{"name":"wp","href":"https:\/\/api.w.org\/{rel}","templated":true}]}}