{"id":9335,"date":"2021-06-15T13:28:56","date_gmt":"2021-06-15T10:28:56","guid":{"rendered":"https:\/\/jonglezpublishing.com\/product\/soul-of-athen-30-einzigartige-erlebnisse\/"},"modified":"2024-08-07T12:38:19","modified_gmt":"2024-08-07T09:38:19","slug":"soul-of-athen-30-einzigartige-erlebnisse","status":"publish","type":"product","link":"https:\/\/jonglezpublishing.com\/de\/produkt\/soul-of-athen-30-einzigartige-erlebnisse\/","title":{"rendered":"SOUL OF ATHEN &#8211; 30 ERLEBNISSE"},"content":{"rendered":"<p style=\"text-align: center;\"><strong>SOUL OF ATHEN \u2013 30 ERLEBNISSE<\/strong><br \/>\nWIR HABEN 1000 ORTE GETESTET<br \/>\n<strong>UND DIE 30 BESTEN AUSGEW\u00c4HLT<\/strong><\/p>\n<p>&nbsp;<\/p>\n<p>Kino unterm Sternenhimmel, die Geheimnisse der zeitgen\u00f6ssischen griechischen K\u00fcche, die sympathischsten Ziegen Athens, ein Chemieset, aus dem der beste Wein Griechenlands hergestellt wird, Fisch, der Sie in den Himmel schickt, gesetzlose Volksmusik zwischen H\u00fchnern, Essen und eine Show im legend\u00e4ren Orientexpress, antike, aber schicke griechische Sandalen, ein charmant-chaotisches Kunstzentrum, die idyllischsten Inselausfl\u00fcge, eine urbane Oase f\u00fcr K\u00fcnstler und Skater, ein dekadentes Nouvelle-Vague-Trinklokal, die beste griechische Kunstsammlung, die die meisten Athener noch nie gesehen haben &#8230;<\/p>\n<p>\u201eSoul of \u201c steht f\u00fcr die neue Kunst des Reisens mit geheimen Adressen und unvergesslichen Erlebnissen. Die ausgew\u00e4hlten Orte bieten das Versprechen auf einen au\u00dfergew\u00f6hnlichen Momentf\u00fcr jeden Geschmack und jedes Budget.<\/p>\n<p>&nbsp;<\/p>\n<p class=\"p1\"><span class=\"s1\"><b>Autor: <\/b>Alex King<b><br \/>\nISBN: <\/b>978-2-36195-794-0<b><br \/>\nPreis: <\/b>1 4 , 9 5 \u20ac [ D ] &#8211; 1 5 , 9 5 \u20ac [ A ]<b><br \/>\nSeiten:<\/b> 128<br \/>\n<\/span><span class=\"s1\"><strong>Auflage:<\/strong> 2<\/span><span class=\"s1\"><br \/>\n<b>Ma\u00dfe<\/b>: 200 x 135 mm<br \/>\n<\/span><span class=\"s1\"><b>Kontakt<\/b>: <a href=\"mailto:info@jonglezverlag.com\"><span class=\"s2\">info@jonglezverlag.com<\/span><\/a>\u00a0<\/span><\/p>\n<p>&nbsp;<\/p>\n<div class=\"buttons_cont\">\n<div class=\"button_cont\" align=\"center\"><a class=\"gv_product_btn\" href=\"https:\/\/jonglezpublishing.com\/wp-content\/uploads\/2021\/06\/couv_SO_Athen_ALL-scaled.jpg\" target=\"_blank\" rel=\"noopener\">Cover herunterladen<\/a><\/div>\n<div class=\"button_cont\" align=\"center\"><a class=\"gv_product_btn\" href=\"https:\/\/jonglezpublishing.com\/wp-content\/uploads\/2024\/08\/PREVIEW-Soul-Of-Athens_ALL.pdf\" target=\"_blank\" rel=\"noopener\">Leseprobe<\/a><\/div>\n<div class=\"button_cont\" align=\"center\"><a class=\"gv_product_btn\" href=\"https:\/\/www.thalia.de\/shop\/home\/artikeldetails\/A1071576899\" target=\"_blank\" rel=\"noopener\">Online aufen<br \/>\n<\/a><\/div>\n<\/div>\n","protected":false},"excerpt":{"rendered":"<p>SOUL OF ATHEN \u2013 30 ERLEBNISSE WIR HABEN 1000 ORTE GETESTET UND DIE 30 BESTEN AUSGEW\u00c4HLT &nbsp; Kino unterm Sternenhimmel,<\/p>\n","protected":false},"featured_media":12992,"template":"","meta":[],"product_brand":[],"product_cat":[517,174,391,400,392],"product_tag":[],"class_list":{"0":"post-9335","1":"product","2":"type-product","3":"status-publish","4":"has-post-thumbnail","6":"product_cat-soul-of-reihe","7":"product_cat-english-de","8":"product_cat-french-de","9":"product_cat-german-de","10":"product_cat-italian-de","12":"first","13":"instock","14":"shipping-taxable","15":"product-type-simple"},"aioseo_notices":[],"_links":{"self":[{"href":"https:\/\/jonglezpublishing.com\/de\/wp-json\/wp\/v2\/product\/9335","targetHints":{"allow":["GET"]}}],"collection":[{"href":"https:\/\/jonglezpublishing.com\/de\/wp-json\/wp\/v2\/product"}],"about":[{"href":"https:\/\/jonglezpublishing.com\/de\/wp-json\/wp\/v2\/types\/product"}],"wp:featuredmedia":[{"embeddable":true,"href":"https:\/\/jonglezpublishing.com\/de\/wp-json\/wp\/v2\/media\/12992"}],"wp:attachment":[{"href":"https:\/\/jonglezpublishing.com\/de\/wp-json\/wp\/v2\/media?parent=9335"}],"wp:term":[{"taxonomy":"product_brand","embeddable":true,"href":"https:\/\/jonglezpublishing.com\/de\/wp-json\/wp\/v2\/product_brand?post=9335"},{"taxonomy":"product_cat","embeddable":true,"href":"https:\/\/jonglezpublishing.com\/de\/wp-json\/wp\/v2\/product_cat?post=9335"},{"taxonomy":"product_tag","embeddable":true,"href":"https:\/\/jonglezpublishing.com\/de\/wp-json\/wp\/v2\/product_tag?post=9335"}],"curies":[{"name":"wp","href":"https:\/\/api.w.org\/{rel}","templated":true}]}}