{"id":9406,"date":"2021-07-18T22:11:17","date_gmt":"2021-07-18T19:11:18","guid":{"rendered":"https:\/\/jonglezpublishing.com\/?post_type=product&#038;p=9406"},"modified":"2025-09-11T14:45:47","modified_gmt":"2025-09-11T11:45:47","slug":"soul-of-rome-30-einzigartige-erlebnisse","status":"publish","type":"product","link":"https:\/\/jonglezpublishing.com\/de\/produkt\/soul-of-rome-30-einzigartige-erlebnisse\/","title":{"rendered":"SOUL OF ROM &#8211; EINZIGARTIGE ERLEBNISSE"},"content":{"rendered":"<div>\n<p style=\"text-align: center;\">WIR HABEN 1000 ORTE GETESTET<br \/>\n<strong>UND DIE 30 BESTEN AUSGEW\u00c4HLT<\/strong><\/p>\n<p style=\"text-align: left;\">\nEin au\u00dfergew\u00f6hnliches Caf\u00e9, Aperitif in zauberhaftem Ambiente, ein grandioses Rooftop, ein ehemaliges Milit\u00e4rfort, das in einen fantastischen Underground-Ort verwandelt wurde, eine Nacht unter Renaissance-Fresken in der sch\u00f6nsten Villa Roms, mit dem Fahrrad \u00fcber die Via Appia fahren, in einem wundervollen Garten picknicken, in einer Fischhandlung speisen und eine der zehn besten Pizzen der Welt genie\u00dfen &#8230;<\/p>\n<p style=\"text-align: left;\">\nVerborgene Hotels, au\u00dfergew\u00f6hnliche Restaurants, unbekannte Spazierg\u00e4nge &#8230; Dieser Reisef\u00fchrer bietet eine sorgf\u00e4ltig kuratierte und vielseitige Auswahl an Orten und Erlebnissen f\u00fcr jedes Budget. Er richtet sich sowohl an Reisende als auch an Einheimische und pr\u00e4sentiert handverlesene Adressen lokaler Autoren. Jede Empfehlung ist ein Tor zu neuen Entdeckungen, abseits der Massen und fernab ausgetretener Pfade.<\/p>\n<\/div>\n<p class=\"p1\"><span class=\"s1\"><b>Autorin<\/b>: Carolina Vincenti<br \/>\n<\/span><span class=\"s1\"><b>ISBN<\/b>: 978-2-36195-941-8<\/span><br \/>\n<span class=\"s1\"><b>Preis<\/b>: \u20ac 14,95 [D] \u2013 15,95 \u20ac [\u00d6]<br \/>\n<b>Ma\u00dfe<\/b>: 200 x 135 mm<br \/>\n<\/span><span class=\"s1\"><b>Kontakt<\/b>: <a href=\"mailto:info@jonglezverlag.com\"><span class=\"s2\">info@jonglezverlag.com<\/span><\/a>\u00a0<\/span><\/p>\n<div class=\"buttons_cont\"><\/div>\n<div align=\"center\"><\/div>\n<div align=\"center\"><\/div>\n<div align=\"center\">\n<div class=\"button_cont\" align=\"center\"><a class=\"gv_product_btn\" href=\"https:\/\/jonglezpublishing.com\/wp-content\/uploads\/2021\/07\/couv_SO_Rome_CMJN_print-scaled.jpg\" target=\"_blank\" rel=\"noopener\">Cover herunterladen<\/a><\/div>\n<div class=\"button_cont\" align=\"center\"><a class=\"gv_product_btn\" href=\"https:\/\/jonglezpublishing.com\/wp-content\/uploads\/2025\/09\/Preview-SO-ROM.pdf\" target=\"_blank\" rel=\"noopener\">Leseprobe<\/a><\/div>\n<div class=\"button_cont\" align=\"center\"><a class=\"gv_product_btn\" href=\"https:\/\/www.das-landkartenhaus.de\/soul-of-rom-reisefuehrer-jonglez\" target=\"_blank\" rel=\"noopener\">Online kaufen<\/a><\/div>\n<\/div>\n","protected":false},"excerpt":{"rendered":"<p>WIR HABEN 1000 ORTE GETESTET UND DIE 30 BESTEN AUSGEW\u00c4HLT Ein au\u00dfergew\u00f6hnliches Caf\u00e9, Aperitif in zauberhaftem Ambiente, ein grandioses Rooftop,<\/p>\n","protected":false},"featured_media":14387,"template":"","meta":[],"product_brand":[],"product_cat":[517,174,391,400,392],"product_tag":[],"class_list":{"0":"post-9406","1":"product","2":"type-product","3":"status-publish","4":"has-post-thumbnail","6":"product_cat-soul-of-reihe","7":"product_cat-english-de","8":"product_cat-french-de","9":"product_cat-german-de","10":"product_cat-italian-de","12":"first","13":"instock","14":"shipping-taxable","15":"product-type-simple"},"aioseo_notices":[],"_links":{"self":[{"href":"https:\/\/jonglezpublishing.com\/de\/wp-json\/wp\/v2\/product\/9406","targetHints":{"allow":["GET"]}}],"collection":[{"href":"https:\/\/jonglezpublishing.com\/de\/wp-json\/wp\/v2\/product"}],"about":[{"href":"https:\/\/jonglezpublishing.com\/de\/wp-json\/wp\/v2\/types\/product"}],"wp:featuredmedia":[{"embeddable":true,"href":"https:\/\/jonglezpublishing.com\/de\/wp-json\/wp\/v2\/media\/14387"}],"wp:attachment":[{"href":"https:\/\/jonglezpublishing.com\/de\/wp-json\/wp\/v2\/media?parent=9406"}],"wp:term":[{"taxonomy":"product_brand","embeddable":true,"href":"https:\/\/jonglezpublishing.com\/de\/wp-json\/wp\/v2\/product_brand?post=9406"},{"taxonomy":"product_cat","embeddable":true,"href":"https:\/\/jonglezpublishing.com\/de\/wp-json\/wp\/v2\/product_cat?post=9406"},{"taxonomy":"product_tag","embeddable":true,"href":"https:\/\/jonglezpublishing.com\/de\/wp-json\/wp\/v2\/product_tag?post=9406"}],"curies":[{"name":"wp","href":"https:\/\/api.w.org\/{rel}","templated":true}]}}