{"id":9467,"date":"2021-07-21T13:01:36","date_gmt":"2021-07-21T10:01:36","guid":{"rendered":"https:\/\/jonglezpublishing.com\/?post_type=product&#038;p=9467"},"modified":"2026-04-21T06:20:43","modified_gmt":"2026-04-21T03:20:43","slug":"soul-of-kyoto-30-einzigartige-erlebnisse","status":"publish","type":"product","link":"https:\/\/jonglezpublishing.com\/de\/produkt\/soul-of-kyoto-30-einzigartige-erlebnisse\/","title":{"rendered":"SOUL OF KYOTO &#8211; DIE GEHEIMTIPPS DER EINWOHNER"},"content":{"rendered":"<div class=\"wpb-content-wrapper\"><p>[vc_row][vc_column][vc_column_text css=&#8220;&#8220; woodmart_inline=&#8220;no&#8220; text_larger=&#8220;no&#8220;]<\/p>\n<p style=\"text-align: center;\">WIR HABEN 1000 ORTE GETESTET,<br \/>\n<strong>UND NUR DIE BESTEN AUSGEW\u00c4HLT<\/strong><\/p>\n<p>Gerade eingekaufte K\u00f6stlichkeiten direkt hinter dem Fischmarkt grillen, im Garten eines einzigartigen Tempels spazieren gehen, den K\u00fcnstler treffen, der die seit 50 Jahren verschwundenen Handf\u00e4cher aus Kyoto zu neuem Leben erweckt, einen verborgenen Teesalon in einem Tempel entdecken, das beste Eiersandwich der Stadt probieren, Aguri Mochi verkosten, die der Grund f\u00fcr eine \u00fcber tausendj\u00e4hrige Rivalit\u00e4t sind, oder zusehen, wie sich ein Holzlager bei Einbruch der Nacht in eine Izakaya verwandelt &#8230;<\/p>\n<p>Verborgene Hotels, au\u00dfergew\u00f6hnliche Restaurants, unbekannte Spazierg\u00e4nge &#8230; Dieser Reisef\u00fchrer bietet eine sorgf\u00e4ltig kuratierte und vielseitige Auswahl an Orten und Erlebnissen f\u00fcr jedes Budget. Er richtet sich sowohl an Reisende als auch an Einheimische und pr\u00e4sentiert handverlesene Adressen lokaler Autoren\u00a0 jede Empfehlung ist ein Tor zu neuen Entdeckungen, abseits der Massen und fernab ausgetretener Pfade.<\/p>\n<p class=\"p1\"><span class=\"s1\"><b>Autor<\/b>:\u00a0<\/span><span class=\"s1\">Thierry Teyssier<br \/>\n<\/span><span class=\"s1\"><b>ISBN<\/b>: 978-2-36195-944-9<\/span><br \/>\n<span class=\"s1\"><b>Preis<\/b>: \u20ac16,95 [D] \u2013 \u20ac17,95 [A]<br \/>\n<b>Ma\u00dfe<\/b>: 200 x 135 mm<br \/>\n<\/span><span class=\"s1\"><b>Kontakt<\/b>: <a href=\"mailto:info@jonglezverlag.com\"><span class=\"s2\">info@jonglezverlag.com<\/span><\/a>\u00a0<\/span><\/p>\n<div class=\"buttons_cont\">\n<div class=\"button_cont\" align=\"center\"><a class=\"gv_product_btn\" href=\"https:\/\/jonglezpublishing.com\/wp-content\/uploads\/2021\/07\/couv_SO_KYOTO_ALL_front-1-scaled.jpg\" target=\"_blank\" rel=\"noopener\">Cover herunterlaen<\/a><\/div>\n<div class=\"button_cont\" align=\"center\"><a class=\"gv_product_btn\" href=\"https:\/\/jonglezpublishing.com\/wp-content\/uploads\/2026\/04\/PREVIEW-SO-Kyoto_ALL-1.pdf\" target=\"_blank\" rel=\"noopener\">Leseprob<\/a><\/div>\n<div class=\"button_cont\" align=\"center\"><a class=\"gv_product_btn\" href=\"https:\/\/www.thalia.de\/shop\/home\/artikeldetails\/A1076403868\" target=\"_blank\" rel=\"noopener\">Online aufen<br \/>\n<\/a><\/div>\n<\/div>\n<p>[\/vc_column_text][\/vc_column][\/vc_row]<\/p>\n<\/div>","protected":false},"excerpt":{"rendered":"<p>[vc_row][vc_column][vc_column_text css=&#8220;&#8220; woodmart_inline=&#8220;no&#8220; text_larger=&#8220;no&#8220;] WIR HABEN 1000 ORTE GETESTET, UND NUR DIE BESTEN AUSGEW\u00c4HLT Gerade eingekaufte K\u00f6stlichkeiten direkt hinter dem<\/p>\n","protected":false},"featured_media":15132,"template":"","meta":[],"product_brand":[],"product_cat":[517,174,391,400,392],"product_tag":[],"class_list":{"0":"post-9467","1":"product","2":"type-product","3":"status-publish","4":"has-post-thumbnail","6":"product_cat-soul-of-reihe","7":"product_cat-english-de","8":"product_cat-french-de","9":"product_cat-german-de","10":"product_cat-italian-de","12":"first","13":"instock","14":"shipping-taxable","15":"product-type-simple"},"aioseo_notices":[],"_links":{"self":[{"href":"https:\/\/jonglezpublishing.com\/de\/wp-json\/wp\/v2\/product\/9467","targetHints":{"allow":["GET"]}}],"collection":[{"href":"https:\/\/jonglezpublishing.com\/de\/wp-json\/wp\/v2\/product"}],"about":[{"href":"https:\/\/jonglezpublishing.com\/de\/wp-json\/wp\/v2\/types\/product"}],"wp:featuredmedia":[{"embeddable":true,"href":"https:\/\/jonglezpublishing.com\/de\/wp-json\/wp\/v2\/media\/15132"}],"wp:attachment":[{"href":"https:\/\/jonglezpublishing.com\/de\/wp-json\/wp\/v2\/media?parent=9467"}],"wp:term":[{"taxonomy":"product_brand","embeddable":true,"href":"https:\/\/jonglezpublishing.com\/de\/wp-json\/wp\/v2\/product_brand?post=9467"},{"taxonomy":"product_cat","embeddable":true,"href":"https:\/\/jonglezpublishing.com\/de\/wp-json\/wp\/v2\/product_cat?post=9467"},{"taxonomy":"product_tag","embeddable":true,"href":"https:\/\/jonglezpublishing.com\/de\/wp-json\/wp\/v2\/product_tag?post=9467"}],"curies":[{"name":"wp","href":"https:\/\/api.w.org\/{rel}","templated":true}]}}