{"id":9511,"date":"2021-09-01T11:43:30","date_gmt":"2021-09-01T08:43:31","guid":{"rendered":"https:\/\/jonglezpublishing.com\/?post_type=product&#038;p=9511"},"modified":"2025-10-14T12:30:32","modified_gmt":"2025-10-14T09:30:32","slug":"soul-of-new-york-30-einzigartige-erlebnisse-copy-2","status":"publish","type":"product","link":"https:\/\/jonglezpublishing.com\/de\/produkt\/soul-of-new-york-30-einzigartige-erlebnisse-copy-2\/","title":{"rendered":"SOUL OF NEW YORK &#8211; 30 ERLEBNISSE"},"content":{"rendered":"<p style=\"text-align: center;\">WIR HABEN 1.000 ORTE GETESTET<br \/>\n<strong>UND DIE 30 BESTEN AUSGEW\u00c4HLT<\/strong><\/p>\n<p>Ein winzig kleines Hotelzimmer, das statt Seeleuten nun Einzelreisende beherbergt, ein Kino, das eine Ode an den Glamour von Hollywood ist, eine Location, in der man seinen Manhattan gen\u00fcsslich vor Werken von Warhol und Basquiat schl\u00fcrft, ein Markt, der das wahre Gesicht der Lower East Side ans Licht bringt, ein Luxus-Aperitif und ein Underground-Burger, eine Pizzeria, die zur Entstehung eines ganzen Stadtviertels gef\u00fchrt hat, ein per Subway erreichbarer Badeort &#8230;<\/p>\n<p>\u201eSoul of \u201c steht f\u00fcr die neue Kunst des Reisens mit spontanen Streifz\u00fcgen, zuf\u00e4lligen Begegnungen, unvergesslichen Erlebnissen. Die neuen Reisef\u00fchrer f\u00fcr alle, die die geheimen T\u00fcren einer Stadt aufsto\u00dfen, sich auf die Suche nach ihrem Herzschlag begeben und sich bis in die hintersten Ecken durchk\u00e4mpfen wollen, um zu ihrer Seele vorzudringen.<\/p>\n<p>&nbsp;<\/p>\n<p class=\"p1\"><span class=\"s1\"><b>Autor<\/b>: Tarajia Morrell<\/span><span class=\"s1\"><br \/>\n<\/span><span class=\"s1\"><b>ISBN<\/b>: 978-2-36195-722-3<\/span><br \/>\n<span class=\"s1\"><b>Preis<\/b>: 1 4 , 9 5 \u20ac [ D ] \u2013 1 5 , 9 5 \u20ac [ A ] \u2013 U S $ 1 4 . 9 5<br \/>\n<b>Ma\u00dfe<\/b>: 200 x 135 mm<br \/>\n<\/span><span class=\"s1\"><b>Kontakt<\/b>: <a href=\"mailto:info@jonglezverlag.com\"><span class=\"s2\">info@jonglezverlag.com<\/span><\/a>\u00a0<\/span><\/p>\n<p>&nbsp;<\/p>\n<div class=\"buttons_cont\">\n<div class=\"button_cont\" align=\"center\"><a class=\"gv_product_btn\" href=\"https:\/\/jonglezpublishing.com\/wp-content\/uploads\/2021\/09\/couv_SOUL_OF_NY_ALL_RVB-1-scaled.jpg\" target=\"_blank\" rel=\"noopener\">Cover herunterlaen<\/a><\/div>\n<div class=\"button_cont\" align=\"center\"><a class=\"gv_product_btn\" href=\"https:\/\/jonglezpublishing.com\/wp-content\/uploads\/2023\/02\/Extrait-MAJ_SONY_ALL.pdf\" target=\"_blank\" rel=\"noopener\">Leseprob<\/a><\/div>\n<div class=\"button_cont\" align=\"center\"><a class=\"gv_product_btn\" href=\"https:\/\/www.thalia.de\/shop\/home\/artikeldetails\/A1069369683\" target=\"_blank\" rel=\"noopener\">Online aufen<br \/>\n<\/a><\/div>\n<\/div>\n","protected":false},"excerpt":{"rendered":"<p>WIR HABEN 1.000 ORTE GETESTET UND DIE 30 BESTEN AUSGEW\u00c4HLT Ein winzig kleines Hotelzimmer, das statt Seeleuten nun Einzelreisende beherbergt,<\/p>\n","protected":false},"featured_media":14429,"template":"","meta":[],"product_brand":[],"product_cat":[517,174,391,400,392,393],"product_tag":[],"class_list":{"0":"post-9511","1":"product","2":"type-product","3":"status-publish","4":"has-post-thumbnail","6":"product_cat-soul-of-reihe","7":"product_cat-english-de","8":"product_cat-french-de","9":"product_cat-german-de","10":"product_cat-italian-de","11":"product_cat-spanish-de","13":"first","14":"instock","15":"shipping-taxable","16":"product-type-simple"},"aioseo_notices":[],"_links":{"self":[{"href":"https:\/\/jonglezpublishing.com\/de\/wp-json\/wp\/v2\/product\/9511","targetHints":{"allow":["GET"]}}],"collection":[{"href":"https:\/\/jonglezpublishing.com\/de\/wp-json\/wp\/v2\/product"}],"about":[{"href":"https:\/\/jonglezpublishing.com\/de\/wp-json\/wp\/v2\/types\/product"}],"wp:featuredmedia":[{"embeddable":true,"href":"https:\/\/jonglezpublishing.com\/de\/wp-json\/wp\/v2\/media\/14429"}],"wp:attachment":[{"href":"https:\/\/jonglezpublishing.com\/de\/wp-json\/wp\/v2\/media?parent=9511"}],"wp:term":[{"taxonomy":"product_brand","embeddable":true,"href":"https:\/\/jonglezpublishing.com\/de\/wp-json\/wp\/v2\/product_brand?post=9511"},{"taxonomy":"product_cat","embeddable":true,"href":"https:\/\/jonglezpublishing.com\/de\/wp-json\/wp\/v2\/product_cat?post=9511"},{"taxonomy":"product_tag","embeddable":true,"href":"https:\/\/jonglezpublishing.com\/de\/wp-json\/wp\/v2\/product_tag?post=9511"}],"curies":[{"name":"wp","href":"https:\/\/api.w.org\/{rel}","templated":true}]}}