{"id":9572,"date":"2021-09-01T13:28:31","date_gmt":"2021-09-01T11:25:35","guid":{"rendered":"https:\/\/jonglezpublishing.com\/?post_type=product&#038;p=9572"},"modified":"2021-11-29T12:12:32","modified_gmt":"2021-11-29T10:12:32","slug":"verbotene-orte","status":"publish","type":"product","link":"https:\/\/jonglezpublishing.com\/de\/produkt\/verbotene-orte\/","title":{"rendered":"VERBOTENE ORTE"},"content":{"rendered":"<p class=\"p3\">Abchasiens vergessene Orte, ein Land, das gar nicht existiert, ein verlassenes Kraftwerk gekr\u00f6nt von einem unglaublichen\u00a0Art-d\u00e9co-Glasdach, die Pufferzone auf Zypern, die Geisterstadt des Tschernobyl-Unglu\u0308cks, ein Art-nouveau-Theater in\u00a0Bru\u0308ssel, eine einzigartige italienische Festung aus dem 18. Jahrhundert, die Stadt Tskaltubo mit der \u201eQuelle der ewigen\u00a0Jugend\u201c, eines der \u00e4ltesten Thermalb\u00e4der in Rum\u00e4nien &#8230;<\/p>\n<p class=\"p3\">Der vielfach ausgezeichnete Fotograf Roman Robroek, geboren und aufgewachsen im Su\u0308den der Niederlande, fand\u00a0seine Leidenschaft in der Urban-Decay-Fotografie. Er besucht geheime und verlassene Orte auf der ganzen Welt. Welche\u00a0Geschichte steckt hinter den Geb\u00e4uden? Wer hat dort gewohnt? Wozu dienten diese Geb\u00e4ude und warum wurden sie\u00a0aufgegeben? Seine Neugierde schuf ein starkes Band zwischen ihm und dieser Kunstform. Verbotene Orte ist das Ergebnis\u00a0seiner Arbeit der letzten zehn Jahre, die er damit verbrachte, fantastische verlassene Orte zu erkunden, immer auf der\u00a0Suche nach Antworten auf seine unz\u00e4hligen Fragen.<\/p>\n<p>&nbsp;<\/p>\n<p><strong>AUTOR &amp; FOTOGRAF<\/strong>: Roman Robroek<br \/>\n<b>SEITEN<\/b>: 256<br \/>\n<b>FORMAT<\/b>: 305 x 215 mm<br \/>\n<b>ISBN<\/b>:\u00a0978-2-36195-539-7<br \/>\n<b>PREIS<\/b>: \u20ac 35,00 [D] \u2014 \u20ac 36,00 [A] \u00a0\u2014 CHF 47.90<br \/>\n<b>KONTAKT<\/b>:<a href=\"mailto:info@jonglezverlag.com\"> info@jonglezverlag.com<\/a><\/p>\n<p>&nbsp;<\/p>\n<div class=\"buttons_cont\">\n<div class=\"button_cont\" align=\"center\"><a class=\"gv_product_btn\" href=\"https:\/\/jonglezpublishing.com\/wp-content\/uploads\/2021\/09\/Oblivion_GER.jpg\" target=\"_blank\" rel=\"noopener noreferrer\">Cover herunterladen<\/a><\/div>\n<div class=\"button_cont\" align=\"center\"><a class=\"gv_product_btn\" href=\"https:\/\/jonglezpublishing.com\/wp-content\/uploads\/2021\/09\/Preview-Oblivion_ALL.pdf\" target=\"_blank\" rel=\"noopener noreferrer\">Leseprobe<\/a><\/div>\n<div class=\"button_cont\" align=\"center\"><a class=\"gv_product_btn\" href=\"https:\/\/www.thalia.de\/shop\/home\/artikeldetails\/ID151551994.html\" target=\"_blank\" rel=\"noopener noreferrer\">Online kaufen<br \/>\n<\/a><\/div>\n<\/div>\n","protected":false},"excerpt":{"rendered":"<p>Abchasiens vergessene Orte, ein Land, das gar nicht existiert, ein verlassenes Kraftwerk gekr\u00f6nt von einem unglaublichen\u00a0Art-d\u00e9co-Glasdach, die Pufferzone auf Zypern,<\/p>\n","protected":false},"featured_media":9562,"template":"","meta":[],"product_brand":[],"product_cat":[481,174,391,400,392,393],"product_tag":[],"class_list":{"0":"post-9572","1":"product","2":"type-product","3":"status-publish","4":"has-post-thumbnail","6":"product_cat-bildbaende","7":"product_cat-english-de","8":"product_cat-french-de","9":"product_cat-german-de","10":"product_cat-italian-de","11":"product_cat-spanish-de","13":"first","14":"instock","15":"shipping-taxable","16":"product-type-simple"},"aioseo_notices":[],"_links":{"self":[{"href":"https:\/\/jonglezpublishing.com\/de\/wp-json\/wp\/v2\/product\/9572","targetHints":{"allow":["GET"]}}],"collection":[{"href":"https:\/\/jonglezpublishing.com\/de\/wp-json\/wp\/v2\/product"}],"about":[{"href":"https:\/\/jonglezpublishing.com\/de\/wp-json\/wp\/v2\/types\/product"}],"wp:featuredmedia":[{"embeddable":true,"href":"https:\/\/jonglezpublishing.com\/de\/wp-json\/wp\/v2\/media\/9562"}],"wp:attachment":[{"href":"https:\/\/jonglezpublishing.com\/de\/wp-json\/wp\/v2\/media?parent=9572"}],"wp:term":[{"taxonomy":"product_brand","embeddable":true,"href":"https:\/\/jonglezpublishing.com\/de\/wp-json\/wp\/v2\/product_brand?post=9572"},{"taxonomy":"product_cat","embeddable":true,"href":"https:\/\/jonglezpublishing.com\/de\/wp-json\/wp\/v2\/product_cat?post=9572"},{"taxonomy":"product_tag","embeddable":true,"href":"https:\/\/jonglezpublishing.com\/de\/wp-json\/wp\/v2\/product_tag?post=9572"}],"curies":[{"name":"wp","href":"https:\/\/api.w.org\/{rel}","templated":true}]}}