{"id":9594,"date":"2021-09-07T12:42:34","date_gmt":"2021-09-07T09:42:34","guid":{"rendered":"https:\/\/jonglezpublishing.com\/?post_type=product&#038;p=9594"},"modified":"2025-04-21T16:43:56","modified_gmt":"2025-04-21T13:43:56","slug":"soul-of-marrakesch-30-einzigartige-erlebnisse","status":"publish","type":"product","link":"https:\/\/jonglezpublishing.com\/de\/produkt\/soul-of-marrakesch-30-einzigartige-erlebnisse\/","title":{"rendered":"SOUL OF MARRAKESCH &#8211; 30 EINZIGARTIGE ERLEBNISSE"},"content":{"rendered":"<p style=\"text-align: center;\"><strong>MARRAKESCH<\/strong><\/p>\n<p style=\"text-align: center;\">WIR HABEN 1.000 ORTE GETESTET.<br \/>\n<strong>UND DIE 30 BESTEN AUSGEW\u00c4HLT.<\/strong><\/p>\n<p>Die private Bibliothek von Yves Saint Laurent, der beste Orangensaft auf dem legend\u00e4ren Djemaa el Fna, die sch\u00f6nsten Riads und die besten Restaurants abseits der Touristenmengen, auf der Suche nach dem perfekten Teppich, eine Nacht im Zelt in der offenen W\u00fcste, ein geheimes Museum, in dem alle Objekte zum Verkauf stehen &#8230;<\/p>\n<p>\u201eSoul of \u201c steht f\u00fcr die neue Kunst des Reisens mit spontanen Streifz\u00fcgen, zuf\u00e4lligen Begegnungen, unvergesslichen Erlebnissen. Reisef\u00fchrer, die die verborgenen T\u00fcren einer Stadt \u00f6ffnen, ihren Puls ersp\u00fcren und auf derSuche nach ihrer Seele jeden Winkel durchforsten.<\/p>\n<p class=\"p1\"><span class=\"s1\"><b>Autoren<\/b>:<\/span><span class=\"s1\"> Zohar Benjelloun und Fabrice Nadjari<br \/>\n<\/span><span class=\"s1\"><b>ISBN<\/b>: 978-2-36195-843-5<\/span><span class=\"s1\"><br \/>\n<\/span><span class=\"s1\"><b>Preis<\/b>: 1 4 , 9 5 \u20ac [ D ] &#8211; 1 5 , 9 5 \u20ac [ A ]<br \/>\n<b>Ma\u00dfe<\/b>: 200 x 135 mm<br \/>\n<\/span><span class=\"s1\"><b>Kontakt<\/b>: <a href=\"mailto:info@jonglezverlag.com\"><span class=\"s2\">info@jonglezverlag.com<\/span><\/a>\u00a0<\/span><\/p>\n<p>&nbsp;<\/p>\n<div class=\"buttons_cont\">\n<div class=\"button_cont\" align=\"center\"><a class=\"gv_product_btn\" href=\"https:\/\/jonglezpublishing.com\/wp-content\/uploads\/2021\/09\/couv_SO_Marrakech_2025_CMJN_print-scaled.jpg\" target=\"_blank\" rel=\"noopener\">Cover herunterlaen<\/a><\/div>\n<div class=\"button_cont\" align=\"center\"><a class=\"gv_product_btn\" href=\"https:\/\/jonglezpublishing.com\/wp-content\/uploads\/2025\/04\/PREVIEW-SO-Marrakech_ALL-1.pdf\" target=\"_blank\" rel=\"noopener\">Leseprob<\/a><\/div>\n<div class=\"button_cont\" align=\"center\"><a class=\"gv_product_btn\" href=\"https:\/\/www.thalia.de\/shop\/home\/artikeldetails\/A1066800582\" target=\"_blank\" rel=\"noopener\">Online aufen<br \/>\n<\/a><\/div>\n<\/div>\n","protected":false},"excerpt":{"rendered":"<p>MARRAKESCH WIR HABEN 1.000 ORTE GETESTET. UND DIE 30 BESTEN AUSGEW\u00c4HLT. Die private Bibliothek von Yves Saint Laurent, der beste<\/p>\n","protected":false},"featured_media":13779,"template":"","meta":[],"product_brand":[],"product_cat":[517,174,391,400,392,393],"product_tag":[],"class_list":{"0":"post-9594","1":"product","2":"type-product","3":"status-publish","4":"has-post-thumbnail","6":"product_cat-soul-of-reihe","7":"product_cat-english-de","8":"product_cat-french-de","9":"product_cat-german-de","10":"product_cat-italian-de","11":"product_cat-spanish-de","13":"first","14":"instock","15":"shipping-taxable","16":"product-type-simple"},"aioseo_notices":[],"_links":{"self":[{"href":"https:\/\/jonglezpublishing.com\/de\/wp-json\/wp\/v2\/product\/9594","targetHints":{"allow":["GET"]}}],"collection":[{"href":"https:\/\/jonglezpublishing.com\/de\/wp-json\/wp\/v2\/product"}],"about":[{"href":"https:\/\/jonglezpublishing.com\/de\/wp-json\/wp\/v2\/types\/product"}],"wp:featuredmedia":[{"embeddable":true,"href":"https:\/\/jonglezpublishing.com\/de\/wp-json\/wp\/v2\/media\/13779"}],"wp:attachment":[{"href":"https:\/\/jonglezpublishing.com\/de\/wp-json\/wp\/v2\/media?parent=9594"}],"wp:term":[{"taxonomy":"product_brand","embeddable":true,"href":"https:\/\/jonglezpublishing.com\/de\/wp-json\/wp\/v2\/product_brand?post=9594"},{"taxonomy":"product_cat","embeddable":true,"href":"https:\/\/jonglezpublishing.com\/de\/wp-json\/wp\/v2\/product_cat?post=9594"},{"taxonomy":"product_tag","embeddable":true,"href":"https:\/\/jonglezpublishing.com\/de\/wp-json\/wp\/v2\/product_tag?post=9594"}],"curies":[{"name":"wp","href":"https:\/\/api.w.org\/{rel}","templated":true}]}}