{"id":9990,"date":"2019-03-04T15:17:17","date_gmt":"2019-03-04T15:17:17","guid":{"rendered":"https:\/\/jonglezpublishing.com\/product\/verborgenes-istanbul\/"},"modified":"2026-04-09T13:13:27","modified_gmt":"2026-04-09T10:13:27","slug":"verborgenes-istanbul","status":"publish","type":"product","link":"https:\/\/jonglezpublishing.com\/de\/produkt\/verborgenes-istanbul\/","title":{"rendered":"VERBORGENES ISTANBUL"},"content":{"rendered":"<div class=\"wpb-content-wrapper\"><p>[vc_row][vc_column][vc_column_text css=&#8220;&#8220; woodmart_inline=&#8220;no&#8220; text_larger=&#8220;no&#8220;]Das zum Pilgerort gewordene Grab eines Pferdes, ein Teppich, der den Tod von Musta fa Kema l Atat\u00fcrk vorhersagte, St\u00fccke des Schwarzen Steins aus Mekka, der schlecht geb\u00fcgelte Mantel des Propheten Mohammed, ein H\u00e4ufchen hei\u00dfer Asche, die das Osmanische Reich rettete, eines von zw\u00f6lf Gr\u00e4bern eines Heiligen in einem Leuchtturm, die Skulptur eines Kohlkopfs im Gedenken an die sportlichen Wettk\u00e4mpfe des Topkap\u0131-Palasts, die Spuren des Waffenh\u00e4ndlers Basil Zaharoff in Tim und Struppi \u2013 Der Arumbaya-Fetisch, ein gro\u00dfartiges Caf\u00e9 in einer Synagoge, oftmals \u00fcbersehene Jugendstilgeb\u00e4ude, eine Moschee mit einem Warnsystem f\u00fcr Erdbeben, der Kopf von Dracula in Istanbul, Wikinger-Graffitis in der Hagia Sophia &#8230;<\/p>\n<p>Abseits der Menschenmassen und allseits bekannten \u201eDauerbrenner\u201c h\u00e4lt die Stadt Istanbul immer noch gut geh\u00fctete Sch\u00e4tze bereit, die sie nur den Einwohnern und Reisenden enth\u00fcllt, die die \u00fcblichen Wege verlassen.<\/p>\n<p>Ein unentbehrlicher Reisef\u00fchrer f\u00fcr alle, die dachten, Istanbul wie ihre Westentasche zu kennen, oder auch diejenigen, die eine andere Seite dieser faszinierenden Stadt entdecken wollen.<\/p>\n<p><em><strong>Emre \u00d6ktem<\/strong>, geboren in Istanbul, ist Inhaber einer <\/em><em>Professur fu\u0308r V\u00f6lkerrecht an der Galatasaray-Universit\u00e4t <\/em><em>und lehrt zudem an der Universit\u00e4t Freiburg (Schweiz) und der <\/em><em>Tu\u0308rkischen Milit\u00e4rakademie Kara Harp Okulu. In zahlreichen <\/em><em>Bu\u0308chern und Artikeln bezieht er Stellung zu Themen wie <\/em><em>Menschenrechte, Religionsfreiheit, Rechte von Minderheiten, <\/em><em>Recht in bewaffneten Konflikten und Rechtsgeschichte im <\/em><em>Osmanischen Reich. Er ist zudem Autor von Essays u\u0308ber den <\/em><em>interreligi\u00f6sen Dialog, in dem er sich aktiv engagiert. Neben <\/em><em>seiner Lehr- und Publikationst\u00e4tigkeit war Emre \u00d6ktem <\/em><em>fu\u0308r die Organisation fu\u0308r Sicherheit und Zusammenarbeit in <\/em><em>Europa (OSZE) sowie fu\u0308r tu\u0308rkische Gerichte und im Rahmen <\/em><em>internationaler Investitionsschiedsgerichtsverfahren als <\/em><em>Sachverst\u00e4ndiger t\u00e4tig.<\/em><\/p>\n<p><span class=\"s1\"><b>AUTOR<\/b>:\u00a0<\/span>Emre \u00d6ktem<br \/>\n<strong>FOTOS<\/strong>: Fotos von Letizia Missir Mamachi de Lusignan und Mesut Tufan<br \/>\n<span class=\"s1\"><b>SEITEN<\/b>: 288<br \/>\n<\/span><span class=\"s1\"><b>FORMAT<\/b>: 10.5 x 19 cm<br \/>\n<\/span><span class=\"s1\"><b>ISBN<\/b>: 978-2-36195-986-9<br \/>\n<\/span><span class=\"s1\"><b>PREIS<\/b>: \u20ac 18,95 [D] \u2013 \u20ac 19,95 [A]<br \/>\n<\/span><span class=\"s1\"><b>KONTAKT<\/b>:\u00a0<a href=\"mailto:info@jonglezverlag.com\"><span class=\"s2\">info@jonglezverlag.com<\/span><\/a>\u00a0<\/span><\/p>\n<div class=\"buttons_cont\">\n<div class=\"button_cont\" align=\"center\"><a class=\"gv_product_btn\" href=\"https:\/\/jonglezpublishing.com\/wp-content\/uploads\/2019\/03\/Couv-Itanbul_ALL_V2_CMJN_print-scaled.jpg\" target=\"_blank\" rel=\"noopener\">Cover herunterlaen<\/a><\/div>\n<div class=\"button_cont\" align=\"center\"><a class=\"gv_product_btn\" href=\"https:\/\/jonglezpublishing.com\/wp-content\/uploads\/2026\/04\/PREVIEW-Verborgenes-Istanbul.pdf\" target=\"_blank\" rel=\"noopener\">Leseprob<\/a><\/div>\n<div class=\"button_cont\" align=\"center\"><a class=\"gv_product_btn\" href=\"https:\/\/www.thalia.de\/shop\/home\/artikeldetails\/A1076403254\" target=\"_blank\" rel=\"noopener\">Online aufen<br \/>\n<\/a><\/div>\n<\/div>\n<p>[\/vc_column_text][\/vc_column][\/vc_row]<\/p>\n<\/div>","protected":false},"excerpt":{"rendered":"<p>[vc_row][vc_column][vc_column_text css=&#8220;&#8220; woodmart_inline=&#8220;no&#8220; text_larger=&#8220;no&#8220;]Das zum Pilgerort gewordene Grab eines Pferdes, ein Teppich, der den Tod von Musta fa Kema l<\/p>\n","protected":false},"featured_media":15109,"template":"","meta":[],"product_brand":[],"product_cat":[421,174,391,392,393],"product_tag":[176,177,179,181,182],"class_list":{"0":"post-9990","1":"product","2":"type-product","3":"status-publish","4":"has-post-thumbnail","6":"product_cat-verborgenes-reisefuehrer","7":"product_cat-english-de","8":"product_cat-french-de","9":"product_cat-italian-de","10":"product_cat-spanish-de","11":"product_tag-jonglez-de","12":"product_tag-jonglez-publishing-de","13":"product_tag-secret-guides-de","14":"product_tag-secret-travel-guides-de","15":"product_tag-travel-guides-de","17":"first","18":"instock","19":"shipping-taxable","20":"product-type-simple"},"aioseo_notices":[],"_links":{"self":[{"href":"https:\/\/jonglezpublishing.com\/de\/wp-json\/wp\/v2\/product\/9990","targetHints":{"allow":["GET"]}}],"collection":[{"href":"https:\/\/jonglezpublishing.com\/de\/wp-json\/wp\/v2\/product"}],"about":[{"href":"https:\/\/jonglezpublishing.com\/de\/wp-json\/wp\/v2\/types\/product"}],"wp:featuredmedia":[{"embeddable":true,"href":"https:\/\/jonglezpublishing.com\/de\/wp-json\/wp\/v2\/media\/15109"}],"wp:attachment":[{"href":"https:\/\/jonglezpublishing.com\/de\/wp-json\/wp\/v2\/media?parent=9990"}],"wp:term":[{"taxonomy":"product_brand","embeddable":true,"href":"https:\/\/jonglezpublishing.com\/de\/wp-json\/wp\/v2\/product_brand?post=9990"},{"taxonomy":"product_cat","embeddable":true,"href":"https:\/\/jonglezpublishing.com\/de\/wp-json\/wp\/v2\/product_cat?post=9990"},{"taxonomy":"product_tag","embeddable":true,"href":"https:\/\/jonglezpublishing.com\/de\/wp-json\/wp\/v2\/product_tag?post=9990"}],"curies":[{"name":"wp","href":"https:\/\/api.w.org\/{rel}","templated":true}]}}