{"id":1495,"date":"2018-09-17T13:13:52","date_gmt":"2018-09-17T13:13:52","guid":{"rendered":"https:\/\/jonglez.timeforcoffee.gr\/about-us\/"},"modified":"2021-05-19T13:50:00","modified_gmt":"2021-05-19T10:50:00","slug":"about-us","status":"publish","type":"page","link":"https:\/\/jonglezpublishing.com\/es\/about-us\/","title":{"rendered":"About"},"content":{"rendered":"<div class=\"wpb-content-wrapper\"><p>[vc_row full_width=\u00bbstretch_row_content_no_spaces\u00bb equal_height=\u00bbyes\u00bb content_placement=\u00bbmiddle\u00bb mobile_bg_img_hidden=\u00bbno\u00bb tablet_bg_img_hidden=\u00bbno\u00bb woodmart_parallax=\u00bb0&#8243; woodmart_gradient_switch=\u00bbno\u00bb row_reverse_mobile=\u00bb0&#8243; row_reverse_tablet=\u00bb0&#8243; woodmart_disable_overflow=\u00bb0&#8243; css=\u00bb.vc_custom_1559664989749{padding-top: 100px !important;padding-bottom: 100px !important;background-image: url(https:\/\/jonglezpublishing.com\/wp-content\/uploads\/2019\/06\/jonglez-bg-about-books.jpg?id=6653) !important;background-position: center !important;background-repeat: no-repeat !important;background-size: cover !important;}\u00bb][vc_column][vc_column_text text_larger=\u00bbno\u00bb]<\/p>\n<div style=\"height: 50px; width: 100%;\"><\/div>\n<p>[\/vc_column_text][\/vc_column][\/vc_row][vc_row equal_height=\u00bbyes\u00bb content_placement=\u00bbmiddle\u00bb mobile_bg_img_hidden=\u00bbno\u00bb tablet_bg_img_hidden=\u00bbno\u00bb woodmart_parallax=\u00bb0&#8243; woodmart_gradient_switch=\u00bbno\u00bb row_reverse_mobile=\u00bb0&#8243; row_reverse_tablet=\u00bb0&#8243; woodmart_disable_overflow=\u00bb0&#8243;][vc_column width=\u00bb1\/4&#8243;][vc_single_image image=\u00bb1297&#8243; img_size=\u00bb\u00bb parallax_scroll=\u00bbno\u00bb][\/vc_column][vc_column width=\u00bb3\/4&#8243;][vc_column_text text_larger=\u00bbno\u00bb]Fue en septiembre de 1995, en Peshawar, Pakist\u00e1n, a 20 kil\u00f3metros de las zonas tribales que visitar\u00eda d\u00edas m\u00e1s tarde, cuando a Thomas se le ocurri\u00f3 poner sobre el papel los rincones secretos que conoc\u00eda en Par\u00eds. Durante aquel viaje de 7 meses desde Pequ\u00edn hasta Par\u00eds, atraviesa, entre otros pa\u00edses, el T\u00edbet (en el que entra clandestinamente, escondido bajo unas mantas en un autob\u00fas nocturno), Ir\u00e1n, Irak y Kurdist\u00e1n, pero sin subirse nunca a un avi\u00f3n: en barco, en autostop, en bici, a caballo, a pie, en tren o en bus, llega a Par\u00eds justo a tiempo para celebrar la Navidad en familia.<\/p>\n<p>De regreso a su ciudad natal, pasa dos fant\u00e1sticos a\u00f1os paseando por casi todas las calles de Par\u00eds para escribir, con un amigo, su primera gu\u00eda sobre los secretos de la capital. Despu\u00e9s, trabaja durante 7 a\u00f1os en la industria sider\u00fargica hasta que su pasi\u00f3n por el<br \/>\ndescubrimiento vuelve a despertar. En 2005 funda su editorial y en 2006 se marcha a vivir a Venecia.<\/p>\n<p>En 2013 viaja, en busca de nuevas aventuras, con su mujer y sus tres hijos durante seis meses de Venecia a Brasil haciendo paradas en Corea del Norte, Micronesia, Islas Salom\u00f3n, Isla de Pascua, Per\u00fa y Bolivia.<\/p>\n<p>Vive ahora en Berlin con su mujer y sus tres hijos.<\/p>\n<p>La editorial Jonglez publica libros en 9 idiomas y en 35 pa\u00edses.[\/vc_column_text][\/vc_column][\/vc_row]<\/p>\n<\/div>","protected":false},"excerpt":{"rendered":"<p>[vc_row full_width=\u00bbstretch_row_content_no_spaces\u00bb equal_height=\u00bbyes\u00bb content_placement=\u00bbmiddle\u00bb mobile_bg_img_hidden=\u00bbno\u00bb tablet_bg_img_hidden=\u00bbno\u00bb woodmart_parallax=\u00bb0&#8243; woodmart_gradient_switch=\u00bbno\u00bb row_reverse_mobile=\u00bb0&#8243; row_reverse_tablet=\u00bb0&#8243; woodmart_disable_overflow=\u00bb0&#8243; css=\u00bb.vc_custom_1559664989749{padding-top: 100px !important;padding-bottom: 100px !important;background-image: url(https:\/\/jonglezpublishing.com\/wp-content\/uploads\/2019\/06\/jonglez-bg-about-books.jpg?id=6653) !important;background-position: center !important;background-repeat:<\/p>\n","protected":false},"author":1,"featured_media":0,"parent":0,"menu_order":0,"comment_status":"closed","ping_status":"closed","template":"","meta":{"footnotes":""},"class_list":["post-1495","page","type-page","status-publish","hentry"],"aioseo_notices":[],"_links":{"self":[{"href":"https:\/\/jonglezpublishing.com\/es\/wp-json\/wp\/v2\/pages\/1495","targetHints":{"allow":["GET"]}}],"collection":[{"href":"https:\/\/jonglezpublishing.com\/es\/wp-json\/wp\/v2\/pages"}],"about":[{"href":"https:\/\/jonglezpublishing.com\/es\/wp-json\/wp\/v2\/types\/page"}],"author":[{"embeddable":true,"href":"https:\/\/jonglezpublishing.com\/es\/wp-json\/wp\/v2\/users\/1"}],"replies":[{"embeddable":true,"href":"https:\/\/jonglezpublishing.com\/es\/wp-json\/wp\/v2\/comments?post=1495"}],"version-history":[{"count":0,"href":"https:\/\/jonglezpublishing.com\/es\/wp-json\/wp\/v2\/pages\/1495\/revisions"}],"wp:attachment":[{"href":"https:\/\/jonglezpublishing.com\/es\/wp-json\/wp\/v2\/media?parent=1495"}],"curies":[{"name":"wp","href":"https:\/\/api.w.org\/{rel}","templated":true}]}}