{"id":7622,"date":"2019-09-23T15:23:07","date_gmt":"2019-09-23T12:23:07","guid":{"rendered":"https:\/\/jonglezpublishing.com\/premios\/"},"modified":"2023-08-18T12:54:39","modified_gmt":"2023-08-18T09:54:39","slug":"premios","status":"publish","type":"page","link":"https:\/\/jonglezpublishing.com\/es\/premios\/","title":{"rendered":"Premios"},"content":{"rendered":"<div class=\"wpb-content-wrapper\"><p>[vc_row css=\u00bb.vc_custom_1617879878575{margin-bottom: 30px !important;}\u00bb mobile_bg_img_hidden=\u00bbno\u00bb tablet_bg_img_hidden=\u00bbno\u00bb woodmart_parallax=\u00bb0&#8243; woodmart_gradient_switch=\u00bbno\u00bb row_reverse_mobile=\u00bb0&#8243; row_reverse_tablet=\u00bb0&#8243; woodmart_disable_overflow=\u00bb0&#8243;][vc_column mobile_bg_img_hidden=\u00bbno\u00bb tablet_bg_img_hidden=\u00bbno\u00bb woodmart_parallax=\u00bb0&#8243; woodmart_sticky_column=\u00bbfalse\u00bb parallax_scroll=\u00bbno\u00bb mobile_reset_margin=\u00bbno\u00bb tablet_reset_margin=\u00bbno\u00bb css=\u00bb.vc_custom_1559662440972{padding-top: 10px !important;}\u00bb]\t\t<div id=\"gallery_709\" class=\"wd-images-gallery wd-wpb photoswipe-images\" style=\"--wd-justify-content:center;--wd-align-items:center;\">\n\t\t\t\n\t\t\t<div class=\" wd-grid-g\" style=\"--wd-col-lg:6;--wd-col-md:4;--wd-col-sm:2;--wd-gap-lg:10px;\">\n\t\t\t\t\n\t\t\t\t\t\t\t\t\t\t\t\t\t\t\t<div class=\"wd-gallery-item wd-col\">\n\t\t\t\t\t\t\t\t\t\t\t\t\t\t<a href=\"https:\/\/jonglezpublishing.com\/wp-content\/uploads\/2019\/04\/NATJA_Bronze.jpg\" data-elementor-open-lightbox=\"no\" data-index=\"1\" data-width=\"900\" data-height=\"675\" \n\t\t\t\t\t\t\t\t\t\t\t\t >\n\t\t\t\t\t\t\t\t\n\t\t\t\t\t\t\t\t<img decoding=\"async\" width=\"300\" height=\"225\" src=\"https:\/\/jonglezpublishing.com\/wp-content\/uploads\/2019\/04\/NATJA_Bronze-300x225.jpg\" class=\"wd-gallery-image image-1\" alt=\"\" srcset=\"https:\/\/jonglezpublishing.com\/wp-content\/uploads\/2019\/04\/NATJA_Bronze-300x225.jpg 300w, https:\/\/jonglezpublishing.com\/wp-content\/uploads\/2019\/04\/NATJA_Bronze-768x576.jpg 768w, https:\/\/jonglezpublishing.com\/wp-content\/uploads\/2019\/04\/NATJA_Bronze-1024x768.jpg 1024w, https:\/\/jonglezpublishing.com\/wp-content\/uploads\/2019\/04\/NATJA_Bronze-600x450.jpg 600w, https:\/\/jonglezpublishing.com\/wp-content\/uploads\/2019\/04\/NATJA_Bronze.jpg 900w\" sizes=\"(max-width: 300px) 100vw, 300px\" \/>\n\t\t\t\t\t\t\t\t\t\t\t\t\t\t\t<\/a>\n\t\t\t\t\t\t\t\t\t\t\t\t<\/div>\n\t\t\t\t\t\t\t\t\t\t\t<div class=\"wd-gallery-item wd-col\">\n\t\t\t\t\t\t\t\t\t\t\t\t\t\t<a href=\"https:\/\/jonglezpublishing.com\/wp-content\/uploads\/2019\/04\/HM-T.M.-Rives_page-0001.jpg\" data-elementor-open-lightbox=\"no\" data-index=\"2\" data-width=\"900\" data-height=\"695\" \n\t\t\t\t\t\t\t\t\t\t\t\t >\n\t\t\t\t\t\t\t\t\n\t\t\t\t\t\t\t\t<img decoding=\"async\" width=\"300\" height=\"232\" src=\"https:\/\/jonglezpublishing.com\/wp-content\/uploads\/2019\/04\/HM-T.M.-Rives_page-0001-300x232.jpg\" class=\"wd-gallery-image image-2\" alt=\"\" srcset=\"https:\/\/jonglezpublishing.com\/wp-content\/uploads\/2019\/04\/HM-T.M.-Rives_page-0001-300x232.jpg 300w, https:\/\/jonglezpublishing.com\/wp-content\/uploads\/2019\/04\/HM-T.M.-Rives_page-0001-768x593.jpg 768w, https:\/\/jonglezpublishing.com\/wp-content\/uploads\/2019\/04\/HM-T.M.-Rives_page-0001-1024x791.jpg 1024w, https:\/\/jonglezpublishing.com\/wp-content\/uploads\/2019\/04\/HM-T.M.-Rives_page-0001-600x464.jpg 600w, https:\/\/jonglezpublishing.com\/wp-content\/uploads\/2019\/04\/HM-T.M.-Rives_page-0001-150x116.jpg 150w, https:\/\/jonglezpublishing.com\/wp-content\/uploads\/2019\/04\/HM-T.M.-Rives_page-0001.jpg 900w\" sizes=\"(max-width: 300px) 100vw, 300px\" \/>\n\t\t\t\t\t\t\t\t\t\t\t\t\t\t\t<\/a>\n\t\t\t\t\t\t\t\t\t\t\t\t<\/div>\n\t\t\t\t\t\t\t\t\t\t\t<div class=\"wd-gallery-item wd-col\">\n\t\t\t\t\t\t\t\t\t\t\t\t\t\t<a href=\"https:\/\/jonglezpublishing.com\/wp-content\/uploads\/2019\/04\/IPPY-NEW-ORLEANS-copy.jpg\" data-elementor-open-lightbox=\"no\" data-index=\"3\" data-width=\"900\" data-height=\"675\" \n\t\t\t\t\t\t\t\t\t\t\t\t >\n\t\t\t\t\t\t\t\t\n\t\t\t\t\t\t\t\t<img decoding=\"async\" width=\"300\" height=\"225\" src=\"https:\/\/jonglezpublishing.com\/wp-content\/uploads\/2019\/04\/IPPY-NEW-ORLEANS-copy-300x225.jpg\" class=\"wd-gallery-image image-3\" alt=\"\" srcset=\"https:\/\/jonglezpublishing.com\/wp-content\/uploads\/2019\/04\/IPPY-NEW-ORLEANS-copy-300x225.jpg 300w, https:\/\/jonglezpublishing.com\/wp-content\/uploads\/2019\/04\/IPPY-NEW-ORLEANS-copy-768x576.jpg 768w, https:\/\/jonglezpublishing.com\/wp-content\/uploads\/2019\/04\/IPPY-NEW-ORLEANS-copy-1024x768.jpg 1024w, https:\/\/jonglezpublishing.com\/wp-content\/uploads\/2019\/04\/IPPY-NEW-ORLEANS-copy-600x450.jpg 600w, https:\/\/jonglezpublishing.com\/wp-content\/uploads\/2019\/04\/IPPY-NEW-ORLEANS-copy.jpg 900w\" sizes=\"(max-width: 300px) 100vw, 300px\" \/>\n\t\t\t\t\t\t\t\t\t\t\t\t\t\t\t<\/a>\n\t\t\t\t\t\t\t\t\t\t\t\t<\/div>\n\t\t\t\t\t\t\t\t\t\t\t<div class=\"wd-gallery-item wd-col\">\n\t\t\t\t\t\t\t\t\t\t\t\t\t\t<a href=\"https:\/\/jonglezpublishing.com\/wp-content\/uploads\/2019\/04\/Michelle-Young-2016-NATJA-Bronze-Award.jpg\" data-elementor-open-lightbox=\"no\" data-index=\"4\" data-width=\"900\" data-height=\"695\" \n\t\t\t\t\t\t\t\t\t\t\t\t >\n\t\t\t\t\t\t\t\t\n\t\t\t\t\t\t\t\t<img decoding=\"async\" width=\"300\" height=\"232\" src=\"https:\/\/jonglezpublishing.com\/wp-content\/uploads\/2019\/04\/Michelle-Young-2016-NATJA-Bronze-Award-300x232.jpg\" class=\"wd-gallery-image image-4\" alt=\"\" srcset=\"https:\/\/jonglezpublishing.com\/wp-content\/uploads\/2019\/04\/Michelle-Young-2016-NATJA-Bronze-Award-300x232.jpg 300w, https:\/\/jonglezpublishing.com\/wp-content\/uploads\/2019\/04\/Michelle-Young-2016-NATJA-Bronze-Award-768x593.jpg 768w, https:\/\/jonglezpublishing.com\/wp-content\/uploads\/2019\/04\/Michelle-Young-2016-NATJA-Bronze-Award-1024x791.jpg 1024w, https:\/\/jonglezpublishing.com\/wp-content\/uploads\/2019\/04\/Michelle-Young-2016-NATJA-Bronze-Award-600x464.jpg 600w, https:\/\/jonglezpublishing.com\/wp-content\/uploads\/2019\/04\/Michelle-Young-2016-NATJA-Bronze-Award.jpg 900w\" sizes=\"(max-width: 300px) 100vw, 300px\" \/>\n\t\t\t\t\t\t\t\t\t\t\t\t\t\t\t<\/a>\n\t\t\t\t\t\t\t\t\t\t\t\t<\/div>\n\t\t\t\t\t\t\t\t\t\t\t<div class=\"wd-gallery-item wd-col\">\n\t\t\t\t\t\t\t\t\t\t\t\t\t\t<a href=\"https:\/\/jonglezpublishing.com\/wp-content\/uploads\/2019\/04\/Prix-Vins-du-Salon-Spirit.jpg\" data-elementor-open-lightbox=\"no\" data-index=\"5\" data-width=\"900\" data-height=\"638\" \n\t\t\t\t\t\t\t\t\t\t\t\t >\n\t\t\t\t\t\t\t\t\n\t\t\t\t\t\t\t\t<img decoding=\"async\" width=\"300\" height=\"213\" src=\"https:\/\/jonglezpublishing.com\/wp-content\/uploads\/2019\/04\/Prix-Vins-du-Salon-Spirit-300x213.jpg\" class=\"wd-gallery-image image-5\" alt=\"\" srcset=\"https:\/\/jonglezpublishing.com\/wp-content\/uploads\/2019\/04\/Prix-Vins-du-Salon-Spirit-300x213.jpg 300w, https:\/\/jonglezpublishing.com\/wp-content\/uploads\/2019\/04\/Prix-Vins-du-Salon-Spirit-768x545.jpg 768w, https:\/\/jonglezpublishing.com\/wp-content\/uploads\/2019\/04\/Prix-Vins-du-Salon-Spirit-1024x726.jpg 1024w, https:\/\/jonglezpublishing.com\/wp-content\/uploads\/2019\/04\/Prix-Vins-du-Salon-Spirit-600x425.jpg 600w, https:\/\/jonglezpublishing.com\/wp-content\/uploads\/2019\/04\/Prix-Vins-du-Salon-Spirit.jpg 900w\" sizes=\"(max-width: 300px) 100vw, 300px\" \/>\n\t\t\t\t\t\t\t\t\t\t\t\t\t\t\t<\/a>\n\t\t\t\t\t\t\t\t\t\t\t\t<\/div>\n\t\t\t\t\t\t\t\t\t\t\t<div class=\"wd-gallery-item wd-col\">\n\t\t\t\t\t\t\t\t\t\t\t\t\t\t<a href=\"https:\/\/jonglezpublishing.com\/wp-content\/uploads\/2019\/04\/Prix-OIV.jpg\" data-elementor-open-lightbox=\"no\" data-index=\"6\" data-width=\"900\" data-height=\"675\" \n\t\t\t\t\t\t\t\t\t\t\t\t >\n\t\t\t\t\t\t\t\t\n\t\t\t\t\t\t\t\t<img decoding=\"async\" width=\"300\" height=\"225\" src=\"https:\/\/jonglezpublishing.com\/wp-content\/uploads\/2019\/04\/Prix-OIV-300x225.jpg\" class=\"wd-gallery-image image-6\" alt=\"\" srcset=\"https:\/\/jonglezpublishing.com\/wp-content\/uploads\/2019\/04\/Prix-OIV-300x225.jpg 300w, https:\/\/jonglezpublishing.com\/wp-content\/uploads\/2019\/04\/Prix-OIV-768x576.jpg 768w, https:\/\/jonglezpublishing.com\/wp-content\/uploads\/2019\/04\/Prix-OIV-1024x768.jpg 1024w, https:\/\/jonglezpublishing.com\/wp-content\/uploads\/2019\/04\/Prix-OIV-600x450.jpg 600w, https:\/\/jonglezpublishing.com\/wp-content\/uploads\/2019\/04\/Prix-OIV.jpg 900w\" sizes=\"(max-width: 300px) 100vw, 300px\" \/>\n\t\t\t\t\t\t\t\t\t\t\t\t\t\t\t<\/a>\n\t\t\t\t\t\t\t\t\t\t\t\t<\/div>\n\t\t\t\t\t\t\t\t\t\n\t\t\t\t\t\t\t<\/div>\n\n\t\t\t\t\t<\/div>\n\t\t[\/vc_column][\/vc_row][vc_row css=\u00bb.vc_custom_1559662609588{background-color: #ffffff !important;}\u00bb mobile_bg_img_hidden=\u00bbno\u00bb tablet_bg_img_hidden=\u00bbno\u00bb woodmart_parallax=\u00bb0&#8243; woodmart_gradient_switch=\u00bbno\u00bb row_reverse_mobile=\u00bb0&#8243; row_reverse_tablet=\u00bb0&#8243; woodmart_disable_overflow=\u00bb0&#8243;][vc_column mobile_bg_img_hidden=\u00bbno\u00bb tablet_bg_img_hidden=\u00bbno\u00bb woodmart_parallax=\u00bb0&#8243; woodmart_sticky_column=\u00bbfalse\u00bb parallax_scroll=\u00bbno\u00bb mobile_reset_margin=\u00bbno\u00bb tablet_reset_margin=\u00bbno\u00bb css=\u00bb.vc_custom_1559662440972{padding-top: 10px !important;}\u00bb][vc_column_text text_larger=\u00bbyes\u00bb]<\/p>\n<p style=\"text-align: center; font-size: 20px;\">Secret Brooklyn: Favorito Destacado en la categor\u00eda de Viajes <span style=\"font-weight: 400;\">New York City <\/span>Big Book Awards<\/p>\n<p style=\"text-align: center; font-size: 20px;\">Campania: Mejor Libro Cultural del A\u00f1o \u2013 Premio Scriptura de Italia<\/p>\n<p style=\"text-align: center; font-size: 20px;\">Dubl\u00edn: Libro de Viajes del A\u00f1o \u2013 Travel Extra \u2013 Premio al Escritor de Viajes del A\u00f1o \u2013 Irlanda<\/p>\n<p style=\"text-align: center; font-size: 20px;\">Forgotten Heritage: Ganador del primer premio Fot\u00f3grafo Hist\u00f3rico del A\u00f1o + Medalla de Bronce en la categor\u00eda de Fotograf\u00eda de los Premios de Editores Independientes de Libros, EEUU<\/p>\n<p style=\"text-align: center; font-size: 20px;\">Iglesias abandonadas:\u00a0ha recibido la menci\u00f3n de honor en los International Photography Awards y un premio Plata en la Tokyo International Foto Awards (TIFA) en la categor\u00eda \u201cBook-Fine Art\u201d.<\/p>\n<p style=\"text-align: center; font-size: 20px;\">Londres: Gu\u00eda de Viaje del A\u00f1o en la Feria del Libro de Praga<\/p>\n<p style=\"text-align: center; font-size: 20px;\">Soul of Los Angeles: ha recibido la Medalla de oro en la categor\u00eda \u201cGu\u00eda de Viaje\u201d en los premios \u201cIndependent Publisher Book\u201d, USA y una menci\u00f3n de honor en la Travel Media Awards Competition de la North American Travel Journalists Association (NATJA).<\/p>\n<p style=\"text-align: center; font-size: 20px;\">Madrid: Medalla de Bronce \u2013 Premios de Editores Independientes de Libros, EEUU<\/p>\n<p style=\"text-align: center; font-size: 20px;\">Nueva Orleans: Medalla de Bronce en la categor\u00eda de Gu\u00edas de Viaje de los Premios de Editores Independientes de Libros, EEUU<\/p>\n<p style=\"text-align: center; font-size: 20px;\">Nueva York: Menci\u00f3n Honorable en los Premios de la Asociaci\u00f3n Norteamericana<br \/>\nde Periodistas de Viajes (NATJA)<br \/>\n&amp;<br \/>\nPrimer premio en la secci\u00f3n de Viajes del NYC Big Book Awards<\/p>\n<p style=\"text-align: center; font-size: 20px;\">NY B&amp;R: Medalla de Bronce en los Premios de la Asociaci\u00f3n Norteamericana de Periodistas de Viajes (NATJA)<\/p>\n<p style=\"text-align: center; font-size: 20px;\">R\u00edo de Janeiro: Medalla de Plata &#8211; Premios de Editores Independientes de Libros, EEUU<\/p>\n<p style=\"text-align: center; font-size: 20px;\">Unusual Hotels of the World: Medalla de Bronce &#8211; Premios de Editores Independientes de Libros, EEUU<\/p>\n<p style=\"text-align: center; font-size: 20px;\">Unusual Hotels Europe: Libro del A\u00f1o \u2013 Food &amp; Travel<\/p>\n<p style=\"text-align: center; font-size: 20px;\">Venecia: Gu\u00eda de Viaje del A\u00f1o &#8211; Premios de Editores Independientes de Libros, EEUU<\/p>\n<p style=\"text-align: center; font-size: 20px;\">Soul of Venecia: Medalla de Plata en la categor\u00eda \u201cGu\u00eda de Viaje\u201d en los premios \u201cIndependent Publisher Book\u201d, USA<\/p>\n<p style=\"text-align: center; font-size: 20px;\">Vinos ins\u00f3litos: Ganador del Premio de la Organizaci\u00f3n Internacional del Vino. Categor\u00eda: Vinos &amp; Territorios + Premio Spirit Wines<\/p>\n<p style=\"text-align: center; font-size: 20px;\">Washington: Medalla de Bronce en los Premios de la Asociaci\u00f3n Norteamericana de Periodistas de Viajes (NATJA)<\/p>\n<p>[\/vc_column_text][\/vc_column][\/vc_row][vc_row css=\u00bb.vc_custom_1559662800036{margin-top: 30px !important;margin-bottom: 30px !important;background-color: #ffffff !important;}\u00bb mobile_bg_img_hidden=\u00bbno\u00bb tablet_bg_img_hidden=\u00bbno\u00bb woodmart_parallax=\u00bb0&#8243; woodmart_gradient_switch=\u00bbno\u00bb row_reverse_mobile=\u00bb0&#8243; row_reverse_tablet=\u00bb0&#8243; woodmart_disable_overflow=\u00bb0&#8243;][vc_column mobile_bg_img_hidden=\u00bbno\u00bb tablet_bg_img_hidden=\u00bbno\u00bb woodmart_parallax=\u00bb0&#8243; woodmart_sticky_column=\u00bbfalse\u00bb parallax_scroll=\u00bbno\u00bb mobile_reset_margin=\u00bbno\u00bb tablet_reset_margin=\u00bbno\u00bb css=\u00bb.vc_custom_1559662440972{padding-top: 10px !important;}\u00bb]\t\t<div id=\"gallery_224\" class=\"wd-images-gallery wd-wpb photoswipe-images\" style=\"--wd-justify-content:center;--wd-align-items:center;\">\n\t\t\t\n\t\t\t<div class=\" wd-grid-g\" style=\"--wd-col-lg:6;--wd-col-md:4;--wd-col-sm:2;--wd-gap-lg:10px;\">\n\t\t\t\t\n\t\t\t\t\t\t\t\t\t\t\t\t\t\t\t<div class=\"wd-gallery-item wd-col\">\n\t\t\t\t\t\t\t\t\t\t\t\t\t\t<a href=\"https:\/\/jonglezpublishing.com\/wp-content\/uploads\/2019\/04\/rondine.jpg\" data-elementor-open-lightbox=\"no\" data-index=\"1\" data-width=\"739\" data-height=\"739\" \n\t\t\t\t\t\t\t\t\t\t\t\t >\n\t\t\t\t\t\t\t\t\n\t\t\t\t\t\t\t\t<img decoding=\"async\" width=\"300\" height=\"300\" src=\"https:\/\/jonglezpublishing.com\/wp-content\/uploads\/2019\/04\/rondine-300x300.jpg\" class=\"wd-gallery-image image-1\" alt=\"\" srcset=\"https:\/\/jonglezpublishing.com\/wp-content\/uploads\/2019\/04\/rondine-300x300.jpg 300w, https:\/\/jonglezpublishing.com\/wp-content\/uploads\/2019\/04\/rondine-150x150.jpg 150w, https:\/\/jonglezpublishing.com\/wp-content\/uploads\/2019\/04\/rondine-500x500.jpg 500w, https:\/\/jonglezpublishing.com\/wp-content\/uploads\/2019\/04\/rondine-600x600.jpg 600w, https:\/\/jonglezpublishing.com\/wp-content\/uploads\/2019\/04\/rondine-100x100.jpg 100w, https:\/\/jonglezpublishing.com\/wp-content\/uploads\/2019\/04\/rondine.jpg 739w\" sizes=\"(max-width: 300px) 100vw, 300px\" \/>\n\t\t\t\t\t\t\t\t\t\t\t\t\t\t\t<\/a>\n\t\t\t\t\t\t\t\t\t\t\t\t<\/div>\n\t\t\t\t\t\t\t\t\t\t\t<div class=\"wd-gallery-item wd-col\">\n\t\t\t\t\t\t\t\t\t\t\t\t\t\t<a href=\"https:\/\/jonglezpublishing.com\/wp-content\/uploads\/2019\/04\/secret-venice-gold-medal.jpg\" data-elementor-open-lightbox=\"no\" data-index=\"2\" data-width=\"900\" data-height=\"642\" \n\t\t\t\t\t\t\t\t\t\t\t\t >\n\t\t\t\t\t\t\t\t\n\t\t\t\t\t\t\t\t<img decoding=\"async\" width=\"300\" height=\"214\" src=\"https:\/\/jonglezpublishing.com\/wp-content\/uploads\/2019\/04\/secret-venice-gold-medal-300x214.jpg\" class=\"wd-gallery-image image-2\" alt=\"\" srcset=\"https:\/\/jonglezpublishing.com\/wp-content\/uploads\/2019\/04\/secret-venice-gold-medal-300x214.jpg 300w, https:\/\/jonglezpublishing.com\/wp-content\/uploads\/2019\/04\/secret-venice-gold-medal-768x548.jpg 768w, https:\/\/jonglezpublishing.com\/wp-content\/uploads\/2019\/04\/secret-venice-gold-medal-1024x731.jpg 1024w, https:\/\/jonglezpublishing.com\/wp-content\/uploads\/2019\/04\/secret-venice-gold-medal-600x428.jpg 600w, https:\/\/jonglezpublishing.com\/wp-content\/uploads\/2019\/04\/secret-venice-gold-medal-150x107.jpg 150w, https:\/\/jonglezpublishing.com\/wp-content\/uploads\/2019\/04\/secret-venice-gold-medal.jpg 900w\" sizes=\"(max-width: 300px) 100vw, 300px\" \/>\n\t\t\t\t\t\t\t\t\t\t\t\t\t\t\t<\/a>\n\t\t\t\t\t\t\t\t\t\t\t\t<\/div>\n\t\t\t\t\t\t\t\t\t\t\t<div class=\"wd-gallery-item wd-col\">\n\t\t\t\t\t\t\t\t\t\t\t\t\t\t<a href=\"https:\/\/jonglezpublishing.com\/wp-content\/uploads\/2019\/04\/IP-2017-silver-Secret-Rio-.jpeg\" data-elementor-open-lightbox=\"no\" data-index=\"3\" data-width=\"900\" data-height=\"675\" \n\t\t\t\t\t\t\t\t\t\t\t\t >\n\t\t\t\t\t\t\t\t\n\t\t\t\t\t\t\t\t<img decoding=\"async\" width=\"300\" height=\"225\" src=\"https:\/\/jonglezpublishing.com\/wp-content\/uploads\/2019\/04\/IP-2017-silver-Secret-Rio--300x225.jpeg\" class=\"wd-gallery-image image-3\" alt=\"\" srcset=\"https:\/\/jonglezpublishing.com\/wp-content\/uploads\/2019\/04\/IP-2017-silver-Secret-Rio--300x225.jpeg 300w, https:\/\/jonglezpublishing.com\/wp-content\/uploads\/2019\/04\/IP-2017-silver-Secret-Rio--768x576.jpeg 768w, https:\/\/jonglezpublishing.com\/wp-content\/uploads\/2019\/04\/IP-2017-silver-Secret-Rio--1024x768.jpeg 1024w, https:\/\/jonglezpublishing.com\/wp-content\/uploads\/2019\/04\/IP-2017-silver-Secret-Rio--600x450.jpeg 600w, https:\/\/jonglezpublishing.com\/wp-content\/uploads\/2019\/04\/IP-2017-silver-Secret-Rio--150x113.jpeg 150w, https:\/\/jonglezpublishing.com\/wp-content\/uploads\/2019\/04\/IP-2017-silver-Secret-Rio-.jpeg 900w\" sizes=\"(max-width: 300px) 100vw, 300px\" \/>\n\t\t\t\t\t\t\t\t\t\t\t\t\t\t\t<\/a>\n\t\t\t\t\t\t\t\t\t\t\t\t<\/div>\n\t\t\t\t\t\t\t\t\t\t\t<div class=\"wd-gallery-item wd-col\">\n\t\t\t\t\t\t\t\t\t\t\t\t\t\t<a href=\"https:\/\/jonglezpublishing.com\/wp-content\/uploads\/2019\/04\/award-IP-2015.jpeg\" data-elementor-open-lightbox=\"no\" data-index=\"4\" data-width=\"769\" data-height=\"584\" \n\t\t\t\t\t\t\t\t\t\t\t\t >\n\t\t\t\t\t\t\t\t\n\t\t\t\t\t\t\t\t<img decoding=\"async\" width=\"300\" height=\"228\" src=\"https:\/\/jonglezpublishing.com\/wp-content\/uploads\/2019\/04\/award-IP-2015-300x228.jpeg\" class=\"wd-gallery-image image-4\" alt=\"\" srcset=\"https:\/\/jonglezpublishing.com\/wp-content\/uploads\/2019\/04\/award-IP-2015-300x228.jpeg 300w, https:\/\/jonglezpublishing.com\/wp-content\/uploads\/2019\/04\/award-IP-2015-768x583.jpeg 768w, https:\/\/jonglezpublishing.com\/wp-content\/uploads\/2019\/04\/award-IP-2015-600x456.jpeg 600w, https:\/\/jonglezpublishing.com\/wp-content\/uploads\/2019\/04\/award-IP-2015-150x114.jpeg 150w, https:\/\/jonglezpublishing.com\/wp-content\/uploads\/2019\/04\/award-IP-2015.jpeg 769w\" sizes=\"(max-width: 300px) 100vw, 300px\" \/>\n\t\t\t\t\t\t\t\t\t\t\t\t\t\t\t<\/a>\n\t\t\t\t\t\t\t\t\t\t\t\t<\/div>\n\t\t\t\t\t\t\t\t\t\t\t<div class=\"wd-gallery-item wd-col\">\n\t\t\t\t\t\t\t\t\t\t\t\t\t\t<a href=\"https:\/\/jonglezpublishing.com\/wp-content\/uploads\/2019\/04\/IPPY-FORGOTTEN-HERITAGE-copy.jpg\" data-elementor-open-lightbox=\"no\" data-index=\"5\" data-width=\"900\" data-height=\"675\" \n\t\t\t\t\t\t\t\t\t\t\t\t >\n\t\t\t\t\t\t\t\t\n\t\t\t\t\t\t\t\t<img decoding=\"async\" width=\"300\" height=\"225\" src=\"https:\/\/jonglezpublishing.com\/wp-content\/uploads\/2019\/04\/IPPY-FORGOTTEN-HERITAGE-copy-300x225.jpg\" class=\"wd-gallery-image image-5\" alt=\"\" srcset=\"https:\/\/jonglezpublishing.com\/wp-content\/uploads\/2019\/04\/IPPY-FORGOTTEN-HERITAGE-copy-300x225.jpg 300w, https:\/\/jonglezpublishing.com\/wp-content\/uploads\/2019\/04\/IPPY-FORGOTTEN-HERITAGE-copy-768x576.jpg 768w, https:\/\/jonglezpublishing.com\/wp-content\/uploads\/2019\/04\/IPPY-FORGOTTEN-HERITAGE-copy-1024x768.jpg 1024w, https:\/\/jonglezpublishing.com\/wp-content\/uploads\/2019\/04\/IPPY-FORGOTTEN-HERITAGE-copy-600x450.jpg 600w, https:\/\/jonglezpublishing.com\/wp-content\/uploads\/2019\/04\/IPPY-FORGOTTEN-HERITAGE-copy.jpg 900w\" sizes=\"(max-width: 300px) 100vw, 300px\" \/>\n\t\t\t\t\t\t\t\t\t\t\t\t\t\t\t<\/a>\n\t\t\t\t\t\t\t\t\t\t\t\t<\/div>\n\t\t\t\t\t\t\t\t\t\t\t<div class=\"wd-gallery-item wd-col\">\n\t\t\t\t\t\t\t\t\t\t\t\t\t\t<a href=\"https:\/\/jonglezpublishing.com\/wp-content\/uploads\/2019\/04\/Image-1.png\" data-elementor-open-lightbox=\"no\" data-index=\"6\" data-width=\"450\" data-height=\"450\" \n\t\t\t\t\t\t\t\t\t\t\t\t >\n\t\t\t\t\t\t\t\t\n\t\t\t\t\t\t\t\t<img decoding=\"async\" width=\"300\" height=\"300\" src=\"https:\/\/jonglezpublishing.com\/wp-content\/uploads\/2019\/04\/Image-1-300x300.png\" class=\"wd-gallery-image image-6\" alt=\"\" srcset=\"https:\/\/jonglezpublishing.com\/wp-content\/uploads\/2019\/04\/Image-1-300x300.png 300w, https:\/\/jonglezpublishing.com\/wp-content\/uploads\/2019\/04\/Image-1-150x150.png 150w, https:\/\/jonglezpublishing.com\/wp-content\/uploads\/2019\/04\/Image-1-100x100.png 100w, https:\/\/jonglezpublishing.com\/wp-content\/uploads\/2019\/04\/Image-1.png 450w\" sizes=\"(max-width: 300px) 100vw, 300px\" \/>\n\t\t\t\t\t\t\t\t\t\t\t\t\t\t\t<\/a>\n\t\t\t\t\t\t\t\t\t\t\t\t<\/div>\n\t\t\t\t\t\t\t\t\t\n\t\t\t\t\t\t\t<\/div>\n\n\t\t\t\t\t<\/div>\n\t\t[vc_single_image image=\u00bb5760&#8243; img_size=\u00bbmedium\u00bb alignment=\u00bbcenter\u00bb onclick=\u00bblink_image\u00bb parallax_scroll=\u00bbno\u00bb][\/vc_column][\/vc_row]<\/p>\n<\/div>","protected":false},"excerpt":{"rendered":"<p>[vc_row css=\u00bb.vc_custom_1617879878575{margin-bottom: 30px !important;}\u00bb mobile_bg_img_hidden=\u00bbno\u00bb tablet_bg_img_hidden=\u00bbno\u00bb woodmart_parallax=\u00bb0&#8243; woodmart_gradient_switch=\u00bbno\u00bb row_reverse_mobile=\u00bb0&#8243; row_reverse_tablet=\u00bb0&#8243; woodmart_disable_overflow=\u00bb0&#8243;][vc_column mobile_bg_img_hidden=\u00bbno\u00bb tablet_bg_img_hidden=\u00bbno\u00bb woodmart_parallax=\u00bb0&#8243; woodmart_sticky_column=\u00bbfalse\u00bb parallax_scroll=\u00bbno\u00bb mobile_reset_margin=\u00bbno\u00bb tablet_reset_margin=\u00bbno\u00bb css=\u00bb.vc_custom_1559662440972{padding-top: 10px<\/p>\n","protected":false},"author":5,"featured_media":0,"parent":0,"menu_order":0,"comment_status":"closed","ping_status":"closed","template":"","meta":{"footnotes":""},"class_list":["post-7622","page","type-page","status-publish","hentry"],"aioseo_notices":[],"_links":{"self":[{"href":"https:\/\/jonglezpublishing.com\/es\/wp-json\/wp\/v2\/pages\/7622","targetHints":{"allow":["GET"]}}],"collection":[{"href":"https:\/\/jonglezpublishing.com\/es\/wp-json\/wp\/v2\/pages"}],"about":[{"href":"https:\/\/jonglezpublishing.com\/es\/wp-json\/wp\/v2\/types\/page"}],"author":[{"embeddable":true,"href":"https:\/\/jonglezpublishing.com\/es\/wp-json\/wp\/v2\/users\/5"}],"replies":[{"embeddable":true,"href":"https:\/\/jonglezpublishing.com\/es\/wp-json\/wp\/v2\/comments?post=7622"}],"version-history":[{"count":3,"href":"https:\/\/jonglezpublishing.com\/es\/wp-json\/wp\/v2\/pages\/7622\/revisions"}],"predecessor-version":[{"id":11593,"href":"https:\/\/jonglezpublishing.com\/es\/wp-json\/wp\/v2\/pages\/7622\/revisions\/11593"}],"wp:attachment":[{"href":"https:\/\/jonglezpublishing.com\/es\/wp-json\/wp\/v2\/media?parent=7622"}],"curies":[{"name":"wp","href":"https:\/\/api.w.org\/{rel}","templated":true}]}}