{"id":10112,"date":"2022-05-16T14:24:20","date_gmt":"2022-05-16T11:24:20","guid":{"rendered":"https:\/\/jonglezpublishing.com\/product\/soul-of-berlin-guia-de-las-30-mejores-experiencias\/"},"modified":"2022-05-16T15:40:14","modified_gmt":"2022-05-16T12:40:14","slug":"soul-of-berlin-guia-de-las-30-mejores-experiencias","status":"publish","type":"product","link":"https:\/\/jonglezpublishing.com\/es\/producto\/soul-of-berlin-guia-de-las-30-mejores-experiencias\/","title":{"rendered":"SOUL OF BERL\u00cdN &#8211; GU\u00cdA DE LAS 30 MEJORES EXPERIENCIAS"},"content":{"rendered":"<p>La discoteca m\u00e1s peque\u00f1a del mundo, una impresionante colecci\u00f3n secreta de arte asi\u00e1tico, las mejores playas de Berl\u00edn, el paseo en bici m\u00e1s bonito, un magn\u00edfico spa donde te creer\u00edas en Bali, explorar los subterr\u00e1neos de la ciudad, un heladero que elabora sus cucuruchos en directo, los mejores restaurantes de la ciudad (y no son los que piensas), d\u00f3nde hacer kayak como en Venecia, los mejores lugares para comer a orillas del agua, una hamburguesa incre\u00edble, una noche en el taller de un fabricante de colchones, curiosidades arquitect\u00f3nicas<br \/>\n\u00fanicas en el mundo, un metro psicod\u00e9lico\u2026<\/p>\n<p><em>La colecci\u00f3n Soul of presenta un nuevo enfoque del arte de viajar, creado a base de callejear, de tener encuentros imprevistos y de vivir experiencias inolvidables. Son unas gu\u00edas para los que quieren abrir las puertas secretas de una ciudad, sentir los latidos de su coraz\u00f3n, escudri\u00f1ar sus m\u00e1s \u00ednfimos recovecos para llegar a su alma.<\/em><\/p>\n<p>&nbsp;<\/p>\n<p class=\"p1\"><span class=\"s1\">En todas las gu\u00edas de la colecci\u00f3n \u00ab<i>Soul of<\/i>\u00ab, vas a encontrar:<\/span><\/p>\n<p class=\"p3\"><span class=\"s1\">&#8211; las 30 mejores experiencias de una ciudad,<br \/>\n<\/span><span class=\"s1\">&#8211; entrevistas a personas que integran el esp\u00edritu de esa ciudad,<br \/>\n<\/span><span class=\"s1\">&#8211;<span class=\"Apple-converted-space\">\u00a0<\/span>ilustraciones que plasman el alma de la ciudad<\/span><\/p>\n<p>&nbsp;<\/p>\n<p class=\"p1\"><span class=\"s1\"><b>AUTOR <\/b>: Thomas Jonglez<b><br \/>\nISBN <\/b>: <\/span>978-2-36195-395-9<br \/>\n<b>PRECIO <\/b>: 14,95 \u20ac \u2013 US$ 14.95<br \/>\n<strong>P\u00c1GINAS<\/strong>: 144<br \/>\n<span class=\"s1\"><b>DIMENSIONES<\/b>: 200 x 135 mm<br \/>\n<\/span><span class=\"s1\"><b>CONTACTO <\/b>: <a href=\"mailto:info@editorialjonglez.com?subject=\"><span class=\"s2\">info@editorialjonglez.com<\/span><\/a><\/span><\/p>\n<p>&nbsp;<\/p>\n<div class=\"buttons_cont\">\n<div class=\"button_cont\" align=\"center\"><a class=\"gv_product_btn\" href=\"https:\/\/jonglezpublishing.com\/wp-content\/uploads\/2022\/05\/couv_SOUL_OF_BERLIN_ES.jpeg\" target=\"_blank\" rel=\"noopener noreferrer\">Descargar portada<br \/>\n<\/a><\/div>\n<div class=\"button_cont\" align=\"center\"><a class=\"gv_product_btn\" href=\"https:\/\/jonglezpublishing.com\/wp-content\/uploads\/2022\/05\/Preview_SO_BERLIN_ES.pdf\" target=\"_blank\" rel=\"noopener noreferrer\">Leer PDF<\/a><\/div>\n<\/div>\n","protected":false},"excerpt":{"rendered":"<p>La discoteca m\u00e1s peque\u00f1a del mundo, una impresionante colecci\u00f3n secreta de arte asi\u00e1tico, las mejores playas de Berl\u00edn, el paseo<\/p>\n","protected":false},"featured_media":10099,"template":"","meta":[],"product_brand":[],"product_cat":[192,448,449,271,451,272],"product_tag":[],"class_list":{"0":"post-10112","1":"product","2":"type-product","3":"status-publish","4":"has-post-thumbnail","6":"product_cat-english-es","7":"product_cat-french-es","8":"product_cat-german-es","9":"product_cat-italian-es","10":"product_cat-la-otra-guia","11":"product_cat-spanish-es","13":"first","14":"instock","15":"shipping-taxable","16":"product-type-simple"},"aioseo_notices":[],"_links":{"self":[{"href":"https:\/\/jonglezpublishing.com\/es\/wp-json\/wp\/v2\/product\/10112","targetHints":{"allow":["GET"]}}],"collection":[{"href":"https:\/\/jonglezpublishing.com\/es\/wp-json\/wp\/v2\/product"}],"about":[{"href":"https:\/\/jonglezpublishing.com\/es\/wp-json\/wp\/v2\/types\/product"}],"wp:featuredmedia":[{"embeddable":true,"href":"https:\/\/jonglezpublishing.com\/es\/wp-json\/wp\/v2\/media\/10099"}],"wp:attachment":[{"href":"https:\/\/jonglezpublishing.com\/es\/wp-json\/wp\/v2\/media?parent=10112"}],"wp:term":[{"taxonomy":"product_brand","embeddable":true,"href":"https:\/\/jonglezpublishing.com\/es\/wp-json\/wp\/v2\/product_brand?post=10112"},{"taxonomy":"product_cat","embeddable":true,"href":"https:\/\/jonglezpublishing.com\/es\/wp-json\/wp\/v2\/product_cat?post=10112"},{"taxonomy":"product_tag","embeddable":true,"href":"https:\/\/jonglezpublishing.com\/es\/wp-json\/wp\/v2\/product_tag?post=10112"}],"curies":[{"name":"wp","href":"https:\/\/api.w.org\/{rel}","templated":true}]}}