{"id":10674,"date":"2022-09-22T13:32:53","date_gmt":"2022-09-22T10:32:53","guid":{"rendered":"https:\/\/jonglezpublishing.com\/product\/atlas-of-geographical-curiosities\/"},"modified":"2023-01-16T05:03:40","modified_gmt":"2023-01-16T03:03:40","slug":"atlas-of-geographical-curiosities","status":"publish","type":"product","link":"https:\/\/jonglezpublishing.com\/es\/producto\/atlas-of-geographical-curiosities\/","title":{"rendered":"Atlas de las curiosidades geogr\u00e1ficas"},"content":{"rendered":"<p>Un pa\u00eds que no existe, una isla que la mitad del a\u00f1o es espa\u00f1ola y la otra mitad es francesa, una habitaci\u00f3n de hotel con cama en Francia y cuarto de ba\u00f1o en Suiza, uno de los poqu\u00edsimos territorios del planeta que nadie ha reclamado, el \u00fanico lugar del mundo donde se puede cruzar la frontera treinta veces por treinta lugares diferentes en menos de veinte minutos, un territorio que pertenece a Noruega y cuyos recursos naturales pueden ser explotados por cualquier pa\u00eds, una v\u00eda f\u00e9rrea en Alemania que pertenece a B\u00e9lgica, un sorprendente enclave italiano en el coraz\u00f3n de Suiza, la \u00fanica organizaci\u00f3n privada del mundo con los privilegios de un pa\u00eds, un Estado teocr\u00e1tico semiindependiente cuyo acceso est\u00e1 vedado a mujeres y animales hembras, c\u00f3mo cruzar Rusia desde Finlandia o Estonia sin visado, una habitaci\u00f3n de hotel en Londres que fue yugoslava durante un d\u00eda para que el pr\u00edncipe Alejandro II pudiera nacer en su propio pa\u00eds, una ciudad que tan s\u00f3lo consta de un rascacielos de catorce plantas, la calle m\u00e1s larga del mundo, una pen\u00ednsula en Estados Unidos a la que solo se puede acceder desde Canad\u00e1 y un valle en Austria al que solo se puede llegar desde Alemania&#8230;<\/p>\n<p>El mundo nos brinda inn\u00fameras curiosidades geogr\u00e1ficas que, si bien a menudo generan tensiones diplom\u00e1ticas, son una fuente inagotable de asombro cuando estos territorios ins\u00f3litos se descubren.<\/p>\n<div>\n<p><b>AUTOR : <\/b>Vitali VItaliev<b><br \/>\nFORMATO<\/b>: \u00a019 * 26 cm<br \/>\n<b>PAGES\u00a0<\/b>: 224<br \/>\n<b>ISBN<\/b>: 978-2-36195-612-7<br \/>\n<b>PRECIO<\/b>: 25,00 \u20ac &#8211; US$ 29.95<br \/>\n<b>CONTACTO<\/b>:\u00a0<a href=\"mailto:info@editorialjonglez.com\">info@editorialjonglez.com<\/a><\/p>\n<p>&nbsp;<\/p>\n<div class=\"buttons_cont\">\n<div class=\"button_cont\" align=\"center\"><a class=\"gv_product_btn\" href=\"https:\/\/jonglezpublishing.com\/wp-content\/uploads\/2022\/09\/Couv_ES-1.jpg\" target=\"_blank\" rel=\"noopener\">Descargar portada<\/a><\/div>\n<div class=\"button_cont\" align=\"center\"><a class=\"gv_product_btn\" href=\"https:\/\/jonglezpublishing.com\/wp-content\/uploads\/2023\/01\/Infosheet-Atlas-ES.pdf\" target=\"_blank\" rel=\"noopener\">Leer PDF<\/a><\/div>\n<\/div>\n<\/div>\n","protected":false},"excerpt":{"rendered":"<p>Un pa\u00eds que no existe, una isla que la mitad del a\u00f1o es espa\u00f1ola y la otra mitad es francesa,<\/p>\n","protected":false},"featured_media":10675,"template":"","meta":[],"product_brand":[],"product_cat":[573,192,448,449,271],"product_tag":[],"class_list":{"0":"post-10674","1":"product","2":"type-product","3":"status-publish","4":"has-post-thumbnail","6":"product_cat-atlas-de-curiosidades","7":"product_cat-english-es","8":"product_cat-french-es","9":"product_cat-german-es","10":"product_cat-italian-es","12":"first","13":"instock","14":"shipping-taxable","15":"product-type-simple"},"aioseo_notices":[],"_links":{"self":[{"href":"https:\/\/jonglezpublishing.com\/es\/wp-json\/wp\/v2\/product\/10674","targetHints":{"allow":["GET"]}}],"collection":[{"href":"https:\/\/jonglezpublishing.com\/es\/wp-json\/wp\/v2\/product"}],"about":[{"href":"https:\/\/jonglezpublishing.com\/es\/wp-json\/wp\/v2\/types\/product"}],"wp:featuredmedia":[{"embeddable":true,"href":"https:\/\/jonglezpublishing.com\/es\/wp-json\/wp\/v2\/media\/10675"}],"wp:attachment":[{"href":"https:\/\/jonglezpublishing.com\/es\/wp-json\/wp\/v2\/media?parent=10674"}],"wp:term":[{"taxonomy":"product_brand","embeddable":true,"href":"https:\/\/jonglezpublishing.com\/es\/wp-json\/wp\/v2\/product_brand?post=10674"},{"taxonomy":"product_cat","embeddable":true,"href":"https:\/\/jonglezpublishing.com\/es\/wp-json\/wp\/v2\/product_cat?post=10674"},{"taxonomy":"product_tag","embeddable":true,"href":"https:\/\/jonglezpublishing.com\/es\/wp-json\/wp\/v2\/product_tag?post=10674"}],"curies":[{"name":"wp","href":"https:\/\/api.w.org\/{rel}","templated":true}]}}