{"id":10692,"date":"2022-09-21T12:11:40","date_gmt":"2023-01-16T04:06:11","guid":{"rendered":"https:\/\/jonglezpublishing.com\/?post_type=product&#038;p=10692"},"modified":"2023-05-04T15:04:35","modified_gmt":"2023-05-04T12:04:35","slug":"venecia-desde-el-cielo","status":"publish","type":"product","link":"https:\/\/jonglezpublishing.com\/es\/producto\/venecia-desde-el-cielo\/","title":{"rendered":"VENECIA DESDE EL CIELO"},"content":{"rendered":"<p>El excepcional reportaje fotogr\u00e1fi co de Riccardo Roiter Rigoni, Venecia desde el cielo, es el resultado de cinco a\u00f1os volando con regularidad en helic\u00f3ptero sobre Venecia y su laguna.\u00c9l y Debora Gusson han sobrevolado la ciudad de Venecia y todas las islas de su magn\u00edfi ca laguna, de Torcello a Burano, pasando por Murano, por supuesto, pero tambi\u00e9n la excepcional isla de San Francesco del Deserto, las bater\u00edas de defensa de la laguna sur, el Lido, Pellestrina, sin olvidar todas las islas e islotes abandonados de uno de los lugares m\u00e1s bonitos del mundo.<\/p>\n<p><b>AUTORES :<\/b>Riccardo Roiter Rigoni &amp; Debora Gusson<b><br \/>\nFORMATO<\/b>: 297 mm x 210 mm<br \/>\n<b>PAGINAS <\/b>: 240<br \/>\n<b>ISBN<\/b>: 978-2-36195-578-6<br \/>\n<b>PRECIO<\/b>: 39,95 \u20ac &#8211; US $ 49.95<br \/>\n<b>CONTACTO<\/b>:\u00a0<a href=\"mailto:info@editorialjonglez.com\">info@editorialjonglez.com<\/a><\/p>\n<p>&nbsp;<\/p>\n<div class=\"buttons_cont\">\n<div class=\"button_cont\" align=\"center\"><a class=\"gv_product_btn\" href=\"https:\/\/jonglezpublishing.com\/wp-content\/uploads\/2022\/09\/Couv-Venice-from-the-skies_ES-2.jpg\" target=\"_blank\" rel=\"noopener\">Descargar portada<\/a><\/div>\n<div class=\"button_cont\" align=\"center\"><a class=\"gv_product_btn\" href=\"https:\/\/jonglezpublishing.com\/wp-content\/uploads\/2023\/01\/Infosheet-Venecia-desde-el-Cielo-ES.pdf\" target=\"_blank\" rel=\"noopener\">Leer PDF<\/a><\/div>\n<\/div>\n","protected":false},"excerpt":{"rendered":"<p>El excepcional reportaje fotogr\u00e1fi co de Riccardo Roiter Rigoni, Venecia desde el cielo, es el resultado de cinco a\u00f1os volando<\/p>\n","protected":false},"featured_media":11101,"template":"","meta":[],"product_brand":[],"product_cat":[192,448,450],"product_tag":[],"class_list":{"0":"post-10692","1":"product","2":"type-product","3":"status-publish","4":"has-post-thumbnail","6":"product_cat-english-es","7":"product_cat-french-es","8":"product_cat-libros-de-fotografia","10":"first","11":"instock","12":"shipping-taxable","13":"product-type-simple"},"aioseo_notices":[],"_links":{"self":[{"href":"https:\/\/jonglezpublishing.com\/es\/wp-json\/wp\/v2\/product\/10692","targetHints":{"allow":["GET"]}}],"collection":[{"href":"https:\/\/jonglezpublishing.com\/es\/wp-json\/wp\/v2\/product"}],"about":[{"href":"https:\/\/jonglezpublishing.com\/es\/wp-json\/wp\/v2\/types\/product"}],"wp:featuredmedia":[{"embeddable":true,"href":"https:\/\/jonglezpublishing.com\/es\/wp-json\/wp\/v2\/media\/11101"}],"wp:attachment":[{"href":"https:\/\/jonglezpublishing.com\/es\/wp-json\/wp\/v2\/media?parent=10692"}],"wp:term":[{"taxonomy":"product_brand","embeddable":true,"href":"https:\/\/jonglezpublishing.com\/es\/wp-json\/wp\/v2\/product_brand?post=10692"},{"taxonomy":"product_cat","embeddable":true,"href":"https:\/\/jonglezpublishing.com\/es\/wp-json\/wp\/v2\/product_cat?post=10692"},{"taxonomy":"product_tag","embeddable":true,"href":"https:\/\/jonglezpublishing.com\/es\/wp-json\/wp\/v2\/product_tag?post=10692"}],"curies":[{"name":"wp","href":"https:\/\/api.w.org\/{rel}","templated":true}]}}