{"id":11073,"date":"2023-05-03T16:08:39","date_gmt":"2023-05-03T13:08:40","guid":{"rendered":"https:\/\/jonglezpublishing.com\/?post_type=product&#038;p=11073"},"modified":"2023-05-24T18:15:17","modified_gmt":"2023-05-24T15:15:17","slug":"soul-of-berlin-guia-de-las-30-mejores-experiencias-copy","status":"publish","type":"product","link":"https:\/\/jonglezpublishing.com\/es\/producto\/soul-of-berlin-guia-de-las-30-mejores-experiencias-copy\/","title":{"rendered":"SOUL OF \u00c1MSTERDAM &#8211; GU\u00cdA DE 30 EXPERIENCIAS ESENCIALES"},"content":{"rendered":"<p>Colarse en los jardines comunitarios de Westerpark, comer la major appeltaart del Jordaan, dormir en medio de los canales, hacer una pausa en un caf\u00e9 marr\u00f3n, tomarse una cerveza artesanal a la sombra de un molino, darse un chapuz\u00f3n en el Amstel, cenar en los mejores restaurantes de la ciudad (y no necesariamente los que pensamos) o dormir en una antigua terminal de transatl\u00e1nticos&#8230;<\/p>\n<p>Esta colecci\u00f3n presenta un nuevo enfoque del arte de viajar, creado a base de callejear, de tener encuentros imprevistos y de vivir experiencias inolvidables. Son unas gu\u00edas para quienes quieren abrir las puertas secretas de una ciudad, sentir los latidos de su coraz\u00f3n, escudri\u00f1ar sus m\u00e1s \u00ednfimos recovecos para llegar a su alma.<\/p>\n<p>&nbsp;<\/p>\n<p style=\"text-align: center;\"><strong>\u00c1MSTERDAM<\/strong><\/p>\n<p style=\"text-align: center;\">HEMOS PROBADO 1000 LUGARES<\/p>\n<p style=\"text-align: center;\"><strong>NOS HEMOS QUEDADO CON 30<\/strong><\/p>\n<p>&nbsp;<\/p>\n<p class=\"p1\"><span class=\"s1\"><b>AUTOR <\/b>: BENOIT ZANTE<b><br \/>\nISBN <\/b>: 978-2-36195-500-7<\/span><br \/>\n<b>PRECIO <\/b>: 14,95\u20ac &#8211; $14.95<br \/>\n<strong>P\u00c1GINAS<\/strong>: 128<br \/>\n<span class=\"s1\"><b>DIMENSIONES<\/b>: 200 x 13,5 cm<br \/>\n<\/span><span class=\"s1\"><b>CONTACTO <\/b>: <a href=\"mailto:info@editorialjonglez.com?subject=\"><span class=\"s2\">info@editorialjonglez.com<\/span><\/a><\/span><\/p>\n<p>&nbsp;<\/p>\n<div class=\"buttons_cont\">\n<div class=\"button_cont\" align=\"center\">\n<div class=\"button_cont\" align=\"center\"><a class=\"gv_product_btn\" href=\"https:\/\/jonglezpublishing.com\/wp-content\/uploads\/2023\/05\/Couverture-ES.jpg\" target=\"_blank\" rel=\"noopener\">Descargar portada<br \/>\n<\/a><\/div>\n<div class=\"button_cont\" align=\"center\"><a class=\"gv_product_btn\" href=\"https:\/\/jonglezpublishing.com\/wp-content\/uploads\/2023\/05\/PREVIEW-SO-Amsterdam_ES.pdf\" target=\"_blank\" rel=\"noopener\">Leer PDF<\/a><\/div>\n<div class=\"button_cont\" align=\"center\"><a class=\"gv_product_btn\" href=\"https:\/\/www.amazon.es\/Soul-Amsterdam-guide-exceptional-experiences\/dp\/2361954664\/ref=sr_1_1?__mk_es_ES=%C3%85M%C3%85%C5%BD%C3%95%C3%91&amp;crid=1M737A2NVKCBU&amp;keywords=soul+of+amsterdam&amp;qid=1684941130&amp;sprefix=soul+of+%C3%A1msterdam+-+gu%C3%ADa+de+30+experiencias+esenciales%2Caps%2C368&amp;sr=8-1\" target=\"_blank\" rel=\"noopener\">Comprar online<\/a><\/div>\n<\/div>\n<\/div>\n","protected":false},"excerpt":{"rendered":"<p>Colarse en los jardines comunitarios de Westerpark, comer la major appeltaart del Jordaan, dormir en medio de los canales, hacer<\/p>\n","protected":false},"featured_media":11160,"template":"","meta":[],"product_brand":[],"product_cat":[192,448,449,271,451,272],"product_tag":[],"class_list":{"0":"post-11073","1":"product","2":"type-product","3":"status-publish","4":"has-post-thumbnail","6":"product_cat-english-es","7":"product_cat-french-es","8":"product_cat-german-es","9":"product_cat-italian-es","10":"product_cat-la-otra-guia","11":"product_cat-spanish-es","13":"first","14":"instock","15":"shipping-taxable","16":"product-type-simple"},"aioseo_notices":[],"_links":{"self":[{"href":"https:\/\/jonglezpublishing.com\/es\/wp-json\/wp\/v2\/product\/11073","targetHints":{"allow":["GET"]}}],"collection":[{"href":"https:\/\/jonglezpublishing.com\/es\/wp-json\/wp\/v2\/product"}],"about":[{"href":"https:\/\/jonglezpublishing.com\/es\/wp-json\/wp\/v2\/types\/product"}],"wp:featuredmedia":[{"embeddable":true,"href":"https:\/\/jonglezpublishing.com\/es\/wp-json\/wp\/v2\/media\/11160"}],"wp:attachment":[{"href":"https:\/\/jonglezpublishing.com\/es\/wp-json\/wp\/v2\/media?parent=11073"}],"wp:term":[{"taxonomy":"product_brand","embeddable":true,"href":"https:\/\/jonglezpublishing.com\/es\/wp-json\/wp\/v2\/product_brand?post=11073"},{"taxonomy":"product_cat","embeddable":true,"href":"https:\/\/jonglezpublishing.com\/es\/wp-json\/wp\/v2\/product_cat?post=11073"},{"taxonomy":"product_tag","embeddable":true,"href":"https:\/\/jonglezpublishing.com\/es\/wp-json\/wp\/v2\/product_tag?post=11073"}],"curies":[{"name":"wp","href":"https:\/\/api.w.org\/{rel}","templated":true}]}}