{"id":11311,"date":"2022-12-21T15:53:55","date_gmt":"2022-12-21T13:53:55","guid":{"rendered":"https:\/\/jonglezpublishing.com\/?post_type=product&#038;p=11311"},"modified":"2023-07-05T19:10:01","modified_gmt":"2023-07-05T16:10:01","slug":"londres-insolita-y-secreta-2","status":"publish","type":"product","link":"https:\/\/jonglezpublishing.com\/es\/producto\/londres-insolita-y-secreta-2\/","title":{"rendered":"LONDRES INS\u00d3LITA Y SECRETA"},"content":{"rendered":"<p>Participe en la reuni\u00f3n mensual de los bigotudos m\u00e1s extravagantes del pa\u00eds, rec\u00f3jase en el cementerio para perros de Hyde Park, asista a la misa de los payasos, vaya al circo en una antigua central el\u00e9ctrica, rece en una iglesia flotante, haga vela en un antiguo embalse de agua, descubra la roca de donde Arturo retir\u00f3 la espada de Excalibur, qu\u00e9dese de piedra ante el pene sagrado de un fara\u00f3n, juegue en la \u00faltima pista de bolos sobre c\u00e9sped de la City, admire un extra\u00f1o enderezador de pepinos, una sirena disecada o el coraz\u00f3n de una vaca, descubra los bares y los restaurantes m\u00e1s ins\u00f3litos\u2026<\/p>\n<p>Lejos de la multitud y de los clich\u00e9s habituales, Londres alberga tesoros bien escondidos que solo revela a los habitantes y a los viajeros que saben salirse de los recorridos habituales.<\/p>\n<p>Una gu\u00eda indispensable para los que cre\u00edan conocer bien Londres o para los que desean descubrir la otra cara de la ciudad.<\/p>\n<p>&nbsp;<\/p>\n<p><b>AUTORES<\/b>:\u00a0Rachel Howard &amp; Bill Nash<br \/>\n<b>P\u00c1GINAS<\/b>:<span class=\"Apple-converted-space\">\u00a0284<br \/>\n<\/span><b>FORMATO<\/b>:<span class=\"Apple-converted-space\">\u00a0\u00a0<\/span>10.5 x 19 cm<br \/>\n<b>PRECIO<\/b>: 17,90 \u20ac\u00a0\u2013 US$19.95<br \/>\n<b>ISBN:<\/b>\u00a0<span data-sheets-value=\"{&quot;1&quot;:2,&quot;2&quot;:&quot;978-2-36195-223-5&quot;}\" data-sheets-userformat=\"{&quot;2&quot;:13249,&quot;3&quot;:{&quot;1&quot;:0},&quot;9&quot;:1,&quot;10&quot;:1,&quot;11&quot;:0,&quot;12&quot;:0,&quot;15&quot;:&quot;Cambria&quot;,&quot;16&quot;:11}\">978-2-36195-223-5<\/span><span class=\"Apple-converted-space\"><br \/>\n<\/span><strong>CONTACTO<\/strong>:\u00a0<a href=\"mailto:info@editorialjonglez.com\"><span class=\"s1\">info@editorialjonglez.com<\/span><\/a><\/p>\n<div class=\"buttons_cont\">\n<div align=\"center\"><\/div>\n<div class=\"button_cont\" align=\"center\"><a class=\"gv_product_btn\" href=\"https:\/\/jonglezpublishing.com\/wp-content\/uploads\/2023\/07\/couv_londres_esp-scaled.jpg\" target=\"_blank\" rel=\"noopener\">Descargar portada<br \/>\n<\/a><\/div>\n<div class=\"button_cont\" align=\"center\"><a class=\"gv_product_btn\" href=\"https:\/\/jonglezpublishing.com\/wp-content\/uploads\/2019\/03\/extrait_londra.pdf\" target=\"_blank\" rel=\"noopener noreferrer\">Leer PDF<\/a><\/div>\n<div class=\"button_cont\" align=\"center\"><a class=\"gv_product_btn\" href=\"https:\/\/www.amazon.es\/Londres-Iinsolita-Secreta-Rachel-Howard\/dp\/2361952238\/ref=sr_1_1?__mk_es_ES=%C3%85M%C3%85%C5%BD%C3%95%C3%91&amp;dchild=1&amp;keywords=londres+insolita&amp;qid=1606378610&amp;sr=8-1\" target=\"_blank\" rel=\"noopener noreferrer\">Comprar online<\/a><\/div>\n<\/div>\n","protected":false},"excerpt":{"rendered":"<p>Participe en la reuni\u00f3n mensual de los bigotudos m\u00e1s extravagantes del pa\u00eds, rec\u00f3jase en el cementerio para perros de Hyde<\/p>\n","protected":false},"featured_media":11312,"template":"","meta":[],"product_brand":[],"product_cat":[192,423],"product_tag":[],"class_list":{"0":"post-11311","1":"product","2":"type-product","3":"status-publish","4":"has-post-thumbnail","6":"product_cat-english-es","7":"product_cat-guias-insolitas-y-secretas","9":"first","10":"instock","11":"shipping-taxable","12":"product-type-simple"},"aioseo_notices":[],"_links":{"self":[{"href":"https:\/\/jonglezpublishing.com\/es\/wp-json\/wp\/v2\/product\/11311","targetHints":{"allow":["GET"]}}],"collection":[{"href":"https:\/\/jonglezpublishing.com\/es\/wp-json\/wp\/v2\/product"}],"about":[{"href":"https:\/\/jonglezpublishing.com\/es\/wp-json\/wp\/v2\/types\/product"}],"wp:featuredmedia":[{"embeddable":true,"href":"https:\/\/jonglezpublishing.com\/es\/wp-json\/wp\/v2\/media\/11312"}],"wp:attachment":[{"href":"https:\/\/jonglezpublishing.com\/es\/wp-json\/wp\/v2\/media?parent=11311"}],"wp:term":[{"taxonomy":"product_brand","embeddable":true,"href":"https:\/\/jonglezpublishing.com\/es\/wp-json\/wp\/v2\/product_brand?post=11311"},{"taxonomy":"product_cat","embeddable":true,"href":"https:\/\/jonglezpublishing.com\/es\/wp-json\/wp\/v2\/product_cat?post=11311"},{"taxonomy":"product_tag","embeddable":true,"href":"https:\/\/jonglezpublishing.com\/es\/wp-json\/wp\/v2\/product_tag?post=11311"}],"curies":[{"name":"wp","href":"https:\/\/api.w.org\/{rel}","templated":true}]}}