{"id":11597,"date":"2023-08-28T07:03:08","date_gmt":"2023-08-28T04:03:07","guid":{"rendered":"https:\/\/jonglezpublishing.com\/?post_type=product&#038;p=11597"},"modified":"2023-09-04T16:26:14","modified_gmt":"2023-09-04T13:26:14","slug":"cadiz-insolita-y-secreta","status":"publish","type":"product","link":"https:\/\/jonglezpublishing.com\/es\/producto\/cadiz-insolita-y-secreta\/","title":{"rendered":"C\u00c1DIZ INS\u00d3LITA Y SECRETA"},"content":{"rendered":"<p>Un ca\u00f1\u00f3n holand\u00e9s protegiendo la esquina de un palacio, una estatua que se baj\u00f3 de su pedestal en direcci\u00f3n al mar, una fuente decimon\u00f3nica que regal\u00f3 el gaditano que se postul\u00f3 como rey de Albania, el catalejo original de los vig\u00edas de C\u00e1diz, un antiguo mare\u00f3grafo de piedra ostionera, un vestigio del Carnaval de 1930, el magn\u00edfico palacio del \u00faltimo Virrey del Per\u00fa, un ancla enterrado usado como guardacant\u00f3n, unas estatuas de dos santos negros veneradas por esclavos y libertos, una espl\u00e9ndida antigua farmacia del siglo XIX, la colecci\u00f3n m\u00e1s extensa e ins\u00f3lita sobre el vino y el brandy de Jerez, el port\u00f3n de una iglesia con m\u00e1s de cien escudos de la Inquisici\u00f3n, una casa decorada por multitud de s\u00edmbolos mas\u00f3nicos, una espectacular bodega con la colecci\u00f3n m\u00e1s importante de grabados de Picasso, los vestigios del astillero de una compa\u00f1\u00eda naviera con destinos en los cinco continents en 1878, un curioso museo en un parque de bomberos&#8230;<\/p>\n<p>Lejos de los lugares comunes y de los caminos trillados, C\u00e1diz, la ciudad m\u00e1s antigua de Europa, junto a las hist\u00f3ricas ciudades de su Bah\u00eda (San Fernando, Puerto Real y El Puerto de Santa Mar\u00eda) y la se\u00f1orial y bodeguera Jerez de la Frontera, albergan tesoros bien escondidos que solo revelan a los habitantes y a los viajeros que buscan salirse de los recorridos habituales.<\/p>\n<p>Una gu\u00eda indispensable para aquellos que cre\u00edan conocer bien C\u00e1diz o para los que est\u00e1n dispuestos a descubrir lo inesperado.<\/p>\n<p><b>AUTORES<\/b>: RICARDO DE CASTRO<br \/>\n<b>P\u00c1GINAS<\/b>:<span class=\"Apple-converted-space\"> 288<br \/>\n<\/span><b>FORMATO<\/b>:<span class=\"Apple-converted-space\">\u00a0\u00a0<\/span>10.5 x 19 cm<br \/>\n<b>PRECIO<\/b>: 18,95 \u20ac \u2013 US$21.95<br \/>\n<b>ISBN:<\/b> 978-2-36195-657-8<span class=\"Apple-converted-space\"><br \/>\n<\/span><strong>CONTACTO<\/strong>:\u00a0<a href=\"mailto:info@editorialjonglez.com\"><span class=\"s1\">info@editorialjonglez.com<\/span><\/a><\/p>\n<div class=\"buttons_cont\">\n<div align=\"center\"><\/div>\n<div class=\"button_cont\" align=\"center\"><a class=\"gv_product_btn\" href=\"https:\/\/jonglezpublishing.com\/wp-content\/uploads\/2023\/08\/Cadiz-IS-Cover-ES-scaled.jpg\" target=\"_blank\" rel=\"noopener\">Descargar portada<br \/>\n<\/a><\/div>\n<div class=\"button_cont\" align=\"center\"><a class=\"gv_product_btn\" href=\"https:\/\/jonglezpublishing.com\/wp-content\/uploads\/2023\/09\/Preview-Cadiz.pdf\" target=\"_blank\" rel=\"noopener\">Leer PDF<\/a><\/div>\n<div class=\"button_cont\" align=\"center\"><a class=\"gv_product_btn\" href=\"https:\/\/www.amazon.es\/C%C3%A1diz-Ins%C3%B3lita-Secreta-Ricardo-Castro\/dp\/2361956578\/ref=sr_1_1?__mk_es_ES=%C3%85M%C3%85%C5%BD%C3%95%C3%91&amp;crid=30B83MRMIHX77&amp;keywords=c%C3%A1diz+ins%C3%B3lita+y+secreto&amp;qid=1693195877&amp;sprefix=londres+insolita%2Caps%2C280&amp;sr=8-1\" target=\"_blank\" rel=\"noopener\">Comprar online<\/a><\/div>\n<\/div>\n","protected":false},"excerpt":{"rendered":"<p>Un ca\u00f1\u00f3n holand\u00e9s protegiendo la esquina de un palacio, una estatua que se baj\u00f3 de su pedestal en direcci\u00f3n al<\/p>\n","protected":false},"featured_media":11602,"template":"","meta":[],"product_brand":[],"product_cat":[192,423],"product_tag":[],"class_list":{"0":"post-11597","1":"product","2":"type-product","3":"status-publish","4":"has-post-thumbnail","6":"product_cat-english-es","7":"product_cat-guias-insolitas-y-secretas","9":"first","10":"instock","11":"shipping-taxable","12":"product-type-simple"},"aioseo_notices":[],"_links":{"self":[{"href":"https:\/\/jonglezpublishing.com\/es\/wp-json\/wp\/v2\/product\/11597","targetHints":{"allow":["GET"]}}],"collection":[{"href":"https:\/\/jonglezpublishing.com\/es\/wp-json\/wp\/v2\/product"}],"about":[{"href":"https:\/\/jonglezpublishing.com\/es\/wp-json\/wp\/v2\/types\/product"}],"wp:featuredmedia":[{"embeddable":true,"href":"https:\/\/jonglezpublishing.com\/es\/wp-json\/wp\/v2\/media\/11602"}],"wp:attachment":[{"href":"https:\/\/jonglezpublishing.com\/es\/wp-json\/wp\/v2\/media?parent=11597"}],"wp:term":[{"taxonomy":"product_brand","embeddable":true,"href":"https:\/\/jonglezpublishing.com\/es\/wp-json\/wp\/v2\/product_brand?post=11597"},{"taxonomy":"product_cat","embeddable":true,"href":"https:\/\/jonglezpublishing.com\/es\/wp-json\/wp\/v2\/product_cat?post=11597"},{"taxonomy":"product_tag","embeddable":true,"href":"https:\/\/jonglezpublishing.com\/es\/wp-json\/wp\/v2\/product_tag?post=11597"}],"curies":[{"name":"wp","href":"https:\/\/api.w.org\/{rel}","templated":true}]}}