{"id":11675,"date":"2023-10-09T18:08:33","date_gmt":"2023-10-09T15:08:33","guid":{"rendered":"https:\/\/jonglezpublishing.com\/?post_type=product&#038;p=11675"},"modified":"2023-10-09T20:51:08","modified_gmt":"2023-10-09T17:51:08","slug":"atlas-de-las-curiosidades-geograficas-copy","status":"publish","type":"product","link":"https:\/\/jonglezpublishing.com\/es\/producto\/atlas-de-las-curiosidades-geograficas-copy\/","title":{"rendered":"Atlas de los vinos ins\u00f3litos"},"content":{"rendered":"<p>Vendimias nocturnas, un vino de la paz que asocia m\u00e1s de 600 cepas del mundo entero, unas cepas que miden 15 metros de alto en Italia y Portugal, los vinos de hielo en Qu\u00e9bec, un vino del desierto del Gobi, las dobles vendimias de vinos en Taiw\u00e1n, unas vendimias realizadas el 31 de diciembre, m\u00fasica cl\u00e1sica en vi\u00f1edos, un burdeos macerado en nieve carb\u00f3nica, un espumoso que uno mismo puede degollar&#8230;<\/p>\n<p>Hay muchas pr\u00e1cticas vin\u00edcolas ins\u00f3litas en el mundo entero para el gran deleite de los amantes de lo original y de los enemigos de la uniformizaci\u00f3n.<\/p>\n<p>Empezando por las pr\u00e1cticas convencionales, explicadas de modo did\u00e1ctico, hasta llegar a los conocimientos especializados y a las t\u00e9cnicas menos habituales, Pierrick Bourgault (ganador del Gran Premio de Periodismo Agr\u00edcola) ha viajado durante treinta a\u00f1os por el mundo entero para descubrir decenas de vinos ins\u00f3litos.<\/p>\n<div>\n<p><b>AUTOR: <\/b>Pierrick Bourgault<b><br \/>\nFORMATO<\/b>: \u00a019 * 26 cm<br \/>\n<b>PAGES\u00a0<\/b>: 224<br \/>\n<b>ISBN<\/b>: 978-2-36195-585-4<br \/>\n<b>PRECIO<\/b>: 25,00 \u20ac &#8211; US$ 29.95<br \/>\n<b>CONTACTO<\/b>:\u00a0<a href=\"mailto:info@editorialjonglez.com\">info@editorialjonglez.com<\/a><\/p>\n<div class=\"buttons_cont\">\n<div class=\"button_cont\" align=\"center\"><a class=\"gv_product_btn\" href=\"https:\/\/jonglezpublishing.com\/wp-content\/uploads\/2023\/10\/Couv_Vins_ES-1-scaled.jpg\" target=\"_blank\" rel=\"noopener\">Descargar portada<\/a><\/div>\n<div class=\"button_cont\" align=\"center\"><a class=\"gv_product_btn\" href=\"https:\/\/jonglezpublishing.com\/wp-content\/uploads\/2023\/10\/PREVIEW_ATLAS_VINS_ES.pdf\" target=\"_blank\" rel=\"noopener\">Leer PDF<\/a><\/div>\n<div class=\"button_cont\" align=\"center\"><a class=\"gv_product_btn\" href=\"https:\/\/www.amazon.fr\/Atlas-vinos-insolitos-Unusual-Wines\/dp\/2361955857\/ref=sr_1_1?__mk_fr_FR=%C3%85M%C3%85%C5%BD%C3%95%C3%91&amp;crid=3EOA2D2GMTYT5&amp;keywords=Atlas+de+los+vinos+ins%C3%B3litos&amp;qid=1696873723&amp;sprefix=atlas+de+los+vinos+ins%C3%B3litos%2Caps%2C789&amp;sr=8-1\" target=\"_blank\" rel=\"noopener\">Comprar online<\/a><\/div>\n<\/div>\n<\/div>\n","protected":false},"excerpt":{"rendered":"<p>Vendimias nocturnas, un vino de la paz que asocia m\u00e1s de 600 cepas del mundo entero, unas cepas que miden<\/p>\n","protected":false},"featured_media":11707,"template":"","meta":[],"product_brand":[],"product_cat":[573,192,448,271,272],"product_tag":[],"class_list":{"0":"post-11675","1":"product","2":"type-product","3":"status-publish","4":"has-post-thumbnail","6":"product_cat-atlas-de-curiosidades","7":"product_cat-english-es","8":"product_cat-french-es","9":"product_cat-italian-es","10":"product_cat-spanish-es","12":"first","13":"instock","14":"shipping-taxable","15":"product-type-simple"},"aioseo_notices":[],"_links":{"self":[{"href":"https:\/\/jonglezpublishing.com\/es\/wp-json\/wp\/v2\/product\/11675","targetHints":{"allow":["GET"]}}],"collection":[{"href":"https:\/\/jonglezpublishing.com\/es\/wp-json\/wp\/v2\/product"}],"about":[{"href":"https:\/\/jonglezpublishing.com\/es\/wp-json\/wp\/v2\/types\/product"}],"wp:featuredmedia":[{"embeddable":true,"href":"https:\/\/jonglezpublishing.com\/es\/wp-json\/wp\/v2\/media\/11707"}],"wp:attachment":[{"href":"https:\/\/jonglezpublishing.com\/es\/wp-json\/wp\/v2\/media?parent=11675"}],"wp:term":[{"taxonomy":"product_brand","embeddable":true,"href":"https:\/\/jonglezpublishing.com\/es\/wp-json\/wp\/v2\/product_brand?post=11675"},{"taxonomy":"product_cat","embeddable":true,"href":"https:\/\/jonglezpublishing.com\/es\/wp-json\/wp\/v2\/product_cat?post=11675"},{"taxonomy":"product_tag","embeddable":true,"href":"https:\/\/jonglezpublishing.com\/es\/wp-json\/wp\/v2\/product_tag?post=11675"}],"curies":[{"name":"wp","href":"https:\/\/api.w.org\/{rel}","templated":true}]}}