{"id":11720,"date":"2023-10-10T14:56:39","date_gmt":"2023-10-10T11:56:39","guid":{"rendered":"https:\/\/jonglezpublishing.com\/?post_type=product&#038;p=11720"},"modified":"2023-10-10T16:23:16","modified_gmt":"2023-10-10T13:23:16","slug":"atlas-de-los-vinos-insolitos-copy","status":"publish","type":"product","link":"https:\/\/jonglezpublishing.com\/es\/producto\/atlas-de-los-vinos-insolitos-copy\/","title":{"rendered":"Atlas de climas extremos"},"content":{"rendered":"<p>La regi\u00f3n italiana que ostenta el r\u00e9cord mundial de nevadas diarias, el lugar del valle de la Muerte donde se ha registrado la temperatura m\u00e1s elevada del mundo, siembras de nubes en Canad\u00e1 para reducir las granizadas, las avalanchas de arena en Sud\u00e1n, el lago venezolano en el que caen rel\u00e1mpagos al menos 250 noches al a\u00f1o, la ciudad chilena donde nunca llueve y aquella en la que llueve 325 d\u00edas al a\u00f1o&#8230;<\/p>\n<p>Los fen\u00f3menos clim\u00e1ticos m\u00e1s extremos se suceden de una punta a otra del planeta. Desde huracanes hasta tormentas de arena, desde tormentas el\u00e9ctricas hasta espectaculares nevadas y lluvias, este atlas explora tanto las curiosidades atmosf\u00e9ricas como la resiliencia de las personas que las padecen.<\/p>\n<p>&nbsp;<\/p>\n<div>\n<p><b>AUTOR: <\/b>Lorenzo Pini<b><br \/>\nFORMATO<\/b>: \u00a019 * 26 cm<br \/>\n<b>PAGES\u00a0<\/b>: 160<br \/>\n<b>ISBN<\/b>: 978-2-36195-703-2<br \/>\n<b>PRECIO<\/b>: 25,00 \u20ac &#8211; US$ 29.95<br \/>\n<b>CONTACTO<\/b>:\u00a0<a href=\"mailto:info@editorialjonglez.com\">info@editorialjonglez.com<\/a><\/p>\n<div class=\"buttons_cont\">\n<div class=\"button_cont\" align=\"center\"><a class=\"gv_product_btn\" href=\"https:\/\/jonglezpublishing.com\/wp-content\/uploads\/2023\/10\/Couv_Weather_ES-2-scaled.jpg\" target=\"_blank\" rel=\"noopener\">Descargar portada<\/a><\/div>\n<div class=\"button_cont\" align=\"center\"><a class=\"gv_product_btn\" href=\"https:\/\/jonglezpublishing.com\/wp-content\/uploads\/2023\/10\/PREVIEW-ATLAS_WEATHER_ES.pdf\" target=\"_blank\" rel=\"noopener\">Leer PDF<\/a><\/div>\n<div class=\"button_cont\" align=\"center\"><a class=\"gv_product_btn\" href=\"https:\/\/www.amazon.fr\/Atlas-climas-extremos-Lorenzo-Pini\/dp\/2361957035\/ref=sr_1_1?__mk_fr_FR=%C3%85M%C3%85%C5%BD%C3%95%C3%91&amp;crid=F92V0IULSD3I&amp;keywords=atlas+de+clima+extremos&amp;qid=1696944140&amp;sprefix=atlas+de+climas+extremos%2Caps%2C631&amp;sr=8-1\" target=\"_blank\" rel=\"noopener\">Comprar online<\/a><\/div>\n<\/div>\n<\/div>\n","protected":false},"excerpt":{"rendered":"<p>La regi\u00f3n italiana que ostenta el r\u00e9cord mundial de nevadas diarias, el lugar del valle de la Muerte donde se<\/p>\n","protected":false},"featured_media":11762,"template":"","meta":[],"product_brand":[],"product_cat":[573,192,448,271,272],"product_tag":[],"class_list":{"0":"post-11720","1":"product","2":"type-product","3":"status-publish","4":"has-post-thumbnail","6":"product_cat-atlas-de-curiosidades","7":"product_cat-english-es","8":"product_cat-french-es","9":"product_cat-italian-es","10":"product_cat-spanish-es","12":"first","13":"instock","14":"shipping-taxable","15":"product-type-simple"},"aioseo_notices":[],"_links":{"self":[{"href":"https:\/\/jonglezpublishing.com\/es\/wp-json\/wp\/v2\/product\/11720","targetHints":{"allow":["GET"]}}],"collection":[{"href":"https:\/\/jonglezpublishing.com\/es\/wp-json\/wp\/v2\/product"}],"about":[{"href":"https:\/\/jonglezpublishing.com\/es\/wp-json\/wp\/v2\/types\/product"}],"wp:featuredmedia":[{"embeddable":true,"href":"https:\/\/jonglezpublishing.com\/es\/wp-json\/wp\/v2\/media\/11762"}],"wp:attachment":[{"href":"https:\/\/jonglezpublishing.com\/es\/wp-json\/wp\/v2\/media?parent=11720"}],"wp:term":[{"taxonomy":"product_brand","embeddable":true,"href":"https:\/\/jonglezpublishing.com\/es\/wp-json\/wp\/v2\/product_brand?post=11720"},{"taxonomy":"product_cat","embeddable":true,"href":"https:\/\/jonglezpublishing.com\/es\/wp-json\/wp\/v2\/product_cat?post=11720"},{"taxonomy":"product_tag","embeddable":true,"href":"https:\/\/jonglezpublishing.com\/es\/wp-json\/wp\/v2\/product_tag?post=11720"}],"curies":[{"name":"wp","href":"https:\/\/api.w.org\/{rel}","templated":true}]}}