{"id":12940,"date":"2024-07-09T10:57:29","date_gmt":"2024-07-23T06:35:12","guid":{"rendered":"https:\/\/jonglezpublishing.com\/?post_type=product&#038;p=12940"},"modified":"2024-07-23T09:35:15","modified_gmt":"2024-07-23T06:35:15","slug":"paris-30-experiencias","status":"publish","type":"product","link":"https:\/\/jonglezpublishing.com\/es\/producto\/paris-30-experiencias\/","title":{"rendered":"PAR\u00cdS &#8211; 30 EXPERIENCIAS"},"content":{"rendered":"<p style=\"text-align: center;\"><strong>PAR\u00cdS &#8211; 30 EXPERIENCIAS<\/strong><br \/>\nHEMOS PROBADO 1000 LUGARES<br \/>\n<strong>NOS HEMOS QUEDADO CON LOS 30 MEJORES<\/strong><\/p>\n<p>Observar las estrellas en pleno coraz\u00f3n de Par\u00eds, un bistr\u00f3 que no ha cambiado desde hace 50 a\u00f1os, dormir en los hoteles m\u00e1s encantadores de la capital, un d\u00eda en Montmartre sin multitudes, el restaurante de un artista culinario, visitar los museos de noche, d\u00f3nde comprar la mejor baguette de Par\u00eds, el paseo m\u00e1s rom\u00e1ntico de la ciudad, d\u00f3nde besarse en Par\u00eds, perderse en una biblioteca secreta, pasar la noche en oraci\u00f3n en el Sacr\u00e9-Coeur de Montmartre, una boutique extremadamente refinada&#8230;<\/p>\n<p>Las gu\u00edas 30 experiencias presentan un nuevo enfoque del arte de viajar con lugares secretos y vivencias inolvidables. Cada lugar elegido promete ofrecer momentos excepcionales, para todos los gustos y presupuestos.<\/p>\n<p>&nbsp;<\/p>\n<p><span class=\"s1\"><b>AUTOR\u00a0<\/b>: Thomas Jonglez<b><br \/>\nISBN\u00a0<\/b>: 978-2-36195-762-9<\/span><br \/>\n<b>PRECIO\u00a0<\/b>: 14,95 \u20ac \u2013 US$ 14.95<br \/>\n<strong>P\u00c1GINAS<\/strong>: 144<br \/>\n<span class=\"s1\"><b>DIMENSIONES<\/b>: 200 x 135 mm<br \/>\n<\/span><span class=\"s1\"><b>CONTACTO\u00a0<\/b>:\u00a0<a href=\"mailto:info@editorialjonglez.com?subject=\"><span class=\"s2\">info@editorialjonglez.com<\/span><\/a><\/span><\/p>\n<p>&nbsp;<\/p>\n<div class=\"button_cont\" align=\"center\"><a class=\"gv_product_btn\" href=\"https:\/\/jonglezpublishing.com\/wp-content\/uploads\/2024\/07\/couv_SO_Paris_ES-scaled.jpg\" target=\"_blank\" rel=\"noopener\">Descargar portada<br \/>\n<\/a><\/div>\n<p>&nbsp;<\/p>\n<div class=\"button_cont\" align=\"center\"><a class=\"gv_product_btn\" href=\"https:\/\/jonglezpublishing.com\/wp-content\/uploads\/2024\/07\/Preview-Paris-30-Experiencias.pdf\" target=\"_blank\" rel=\"noopener\">Leer PDF<\/a><\/div>\n","protected":false},"excerpt":{"rendered":"<p>PAR\u00cdS &#8211; 30 EXPERIENCIAS HEMOS PROBADO 1000 LUGARES NOS HEMOS QUEDADO CON LOS 30 MEJORES Observar las estrellas en pleno<\/p>\n","protected":false},"featured_media":12946,"template":"","meta":[],"product_brand":[],"product_cat":[192,448,449,271,451],"product_tag":[],"class_list":{"0":"post-12940","1":"product","2":"type-product","3":"status-publish","4":"has-post-thumbnail","6":"product_cat-english-es","7":"product_cat-french-es","8":"product_cat-german-es","9":"product_cat-italian-es","10":"product_cat-la-otra-guia","12":"first","13":"instock","14":"shipping-taxable","15":"product-type-simple"},"aioseo_notices":[],"_links":{"self":[{"href":"https:\/\/jonglezpublishing.com\/es\/wp-json\/wp\/v2\/product\/12940","targetHints":{"allow":["GET"]}}],"collection":[{"href":"https:\/\/jonglezpublishing.com\/es\/wp-json\/wp\/v2\/product"}],"about":[{"href":"https:\/\/jonglezpublishing.com\/es\/wp-json\/wp\/v2\/types\/product"}],"wp:featuredmedia":[{"embeddable":true,"href":"https:\/\/jonglezpublishing.com\/es\/wp-json\/wp\/v2\/media\/12946"}],"wp:attachment":[{"href":"https:\/\/jonglezpublishing.com\/es\/wp-json\/wp\/v2\/media?parent=12940"}],"wp:term":[{"taxonomy":"product_brand","embeddable":true,"href":"https:\/\/jonglezpublishing.com\/es\/wp-json\/wp\/v2\/product_brand?post=12940"},{"taxonomy":"product_cat","embeddable":true,"href":"https:\/\/jonglezpublishing.com\/es\/wp-json\/wp\/v2\/product_cat?post=12940"},{"taxonomy":"product_tag","embeddable":true,"href":"https:\/\/jonglezpublishing.com\/es\/wp-json\/wp\/v2\/product_tag?post=12940"}],"curies":[{"name":"wp","href":"https:\/\/api.w.org\/{rel}","templated":true}]}}