{"id":13939,"date":"2025-06-09T11:13:42","date_gmt":"2025-06-09T08:13:43","guid":{"rendered":"https:\/\/jonglezpublishing.com\/?post_type=product&#038;p=13939"},"modified":"2025-06-22T11:24:44","modified_gmt":"2025-06-22T08:24:44","slug":"paris-30-experiencias-copy-copy-2","status":"publish","type":"product","link":"https:\/\/jonglezpublishing.com\/es\/producto\/paris-30-experiencias-copy-copy-2\/","title":{"rendered":"BRUSELAS &#8211; LA OTRA GU\u00cdA"},"content":{"rendered":"<p style=\"text-align: center;\">HEMOS PROBADO 1000 LUGARES,<br \/>\n<strong>NOS HEMOS QUEDADO CON 30<\/strong><\/p>\n<p style=\"text-align: left;\">Echarse la siesta en el Palacio de Justicia, descubrir d\u00f3nde est\u00e1n las mejores patatas fritas, atiborrarse de pralin\u00e9s, nadar en las alturas, descender a las entra\u00f1as de la ciudad, columpiarse en una iglesia, dejar que te adivinen el futuro, reencontrarse con la magia del bosque&#8230;<br \/>\nDe rincones secretos a obras maestras poco conocidas del art nouveau, esta gu\u00eda es la propuesta de un viaje apasionante, lleno de experiencias y sabores nuevos.<\/p>\n<p style=\"text-align: left;\">Hoteles con encanto, restaurantes excepcionales, bares escondidos, paseos secretos&#8230; La Otra Gu\u00eda ofrece una selecci\u00f3n exigente y ecl\u00e9ctica para todos los presupuestos. Pensada tanto para viajeros como para residentes, revela sitios cuidadosamente elegidos por autores locales, donde cada lugar es la promesa de un descubrimiento lejos de las multitudes. Una nueva manera de entender el arte de viajar.<\/p>\n<p>&nbsp;<\/p>\n<p><span class=\"s1\"><b>AUTOR\u00a0<\/b>: Isabelle Douillet-De Pange y Allilalu<b><br \/>\nISBN\u00a0<\/b>: 978-2-36195-892-3<\/span><br \/>\n<b>PRECIO\u00a0<\/b>: 14,95 \u20ac \u2013 US$ 14.95<br \/>\n<strong>P\u00c1GINAS<\/strong>: 144<br \/>\n<span class=\"s1\"><b>DIMENSIONES<\/b>: 200 x 135 mm<br \/>\n<\/span><span class=\"s1\"><b>CONTACTO\u00a0<\/b>:\u00a0<a href=\"mailto:info@editorialjonglez.com?subject=\"><span class=\"s2\">info@editorialjonglez.com<\/span><\/a><\/span><\/p>\n<p>&nbsp;<\/p>\n<div class=\"button_cont\" align=\"center\"><a class=\"gv_product_btn\" href=\"https:\/\/jonglezpublishing.com\/wp-content\/uploads\/2025\/06\/Couv-SoBruxelles_ES_RVB-2-scaled.jpg\" target=\"_blank\" rel=\"noopener\">Descargar portada<br \/>\n<\/a><\/div>\n<p>&nbsp;<\/p>\n<div class=\"button_cont\" align=\"center\"><a class=\"gv_product_btn\" href=\"https:\/\/jonglezpublishing.com\/wp-content\/uploads\/2025\/06\/PREVIEW-SO-Bruxelles_ES.pdf\" target=\"_blank\" rel=\"noopener\">Leer PDF<\/a><\/div>\n<p>&nbsp;<\/p>\n<div class=\"button_cont\" align=\"center\"><a class=\"gv_product_btn\" href=\"https:\/\/www.amazon.es\/-\/en\/ALLISON-PANGE-ISABELLE-MICHEL\/dp\/2361958929\/ref=sr_1_15?crid=JCERK35R76MW&amp;dib=eyJ2IjoiMSJ9.PdBghfT4eUX479XexOHy8A3cEm3psDZ7R92tSKoiimGkioVXQ2kfPAKhiTsfYvMAGIO4qrm0QxyPcO3S2NYrbj3PhSmzrQWSp_Cyh3EufXypWNL2uZyIsX68Nuhh5LtOYTWIM4gYXXRz8s4AhSNZg7pUcdSLpjz8_P7HvUKATyJ1niccnlgzzbOR82xwr5vC5kwzSOPABxEzKVAGbiTRw2Yie0lG-RcQQQh6mtjYY88N4R351zdMymdiSFw-X9Ohk6jWgirIy1XDwm22EqQhze2UrLmfID4Pel5jb8CorSU.biM2BB0RR3UTgBacCReV1B2Q7pKYSQNaRhnRqVKcd5A&amp;dib_tag=se&amp;keywords=Bruselas&amp;qid=1750580651&amp;sprefix=bruselas+la+otra+gu%C3%ADa%2Caps%2C1657&amp;sr=8-15\" target=\"_blank\" rel=\"noopener\">Comprar online<\/a><\/div>\n","protected":false},"excerpt":{"rendered":"<p>HEMOS PROBADO 1000 LUGARES, NOS HEMOS QUEDADO CON 30 Echarse la siesta en el Palacio de Justicia, descubrir d\u00f3nde est\u00e1n<\/p>\n","protected":false},"featured_media":14159,"template":"","meta":[],"product_brand":[],"product_cat":[192,448,449,271,451],"product_tag":[],"class_list":{"0":"post-13939","1":"product","2":"type-product","3":"status-publish","4":"has-post-thumbnail","6":"product_cat-english-es","7":"product_cat-french-es","8":"product_cat-german-es","9":"product_cat-italian-es","10":"product_cat-la-otra-guia","12":"first","13":"instock","14":"shipping-taxable","15":"product-type-simple"},"aioseo_notices":[],"_links":{"self":[{"href":"https:\/\/jonglezpublishing.com\/es\/wp-json\/wp\/v2\/product\/13939","targetHints":{"allow":["GET"]}}],"collection":[{"href":"https:\/\/jonglezpublishing.com\/es\/wp-json\/wp\/v2\/product"}],"about":[{"href":"https:\/\/jonglezpublishing.com\/es\/wp-json\/wp\/v2\/types\/product"}],"wp:featuredmedia":[{"embeddable":true,"href":"https:\/\/jonglezpublishing.com\/es\/wp-json\/wp\/v2\/media\/14159"}],"wp:attachment":[{"href":"https:\/\/jonglezpublishing.com\/es\/wp-json\/wp\/v2\/media?parent=13939"}],"wp:term":[{"taxonomy":"product_brand","embeddable":true,"href":"https:\/\/jonglezpublishing.com\/es\/wp-json\/wp\/v2\/product_brand?post=13939"},{"taxonomy":"product_cat","embeddable":true,"href":"https:\/\/jonglezpublishing.com\/es\/wp-json\/wp\/v2\/product_cat?post=13939"},{"taxonomy":"product_tag","embeddable":true,"href":"https:\/\/jonglezpublishing.com\/es\/wp-json\/wp\/v2\/product_tag?post=13939"}],"curies":[{"name":"wp","href":"https:\/\/api.w.org\/{rel}","templated":true}]}}