{"id":13975,"date":"2025-06-09T12:02:42","date_gmt":"2025-06-09T09:02:42","guid":{"rendered":"https:\/\/jonglezpublishing.com\/?post_type=product&#038;p=13975"},"modified":"2025-06-20T10:52:26","modified_gmt":"2025-06-20T07:52:26","slug":"paris-30-experiencias-copy-copy-copy","status":"publish","type":"product","link":"https:\/\/jonglezpublishing.com\/es\/producto\/paris-30-experiencias-copy-copy-copy\/","title":{"rendered":"MIL\u00c1N &#8211; LA OTRA GU\u00cdA"},"content":{"rendered":"<p style=\"text-align: center;\">HEMOS PROBADO 1000 LUGARES<br \/>\n<strong>NOS HEMOS QUEDADO CON LOS 30 MEJORES<\/strong><\/p>\n<p style=\"text-align: left;\">\nCenar con desconocidos en un viejo apartamento milan\u00e9s, aprender a bailar el liscio en una aut\u00e9ntica bocciofila, olvidarse del tr\u00e1fico urbano en las aguas c\u00e1lidas de un oasis termal dentro de las antiguas murallas de Porta Romana, revivir las noches de los a\u00f1os 80 bajo los neones del club que acogi\u00f3 a Andy Warhol, alquilar una bicicleta de carreras en un hist\u00f3rico vel\u00f3dromo de madera, aventurarse en la Wunderkammer que re\u00fane algunas de las obras de arte m\u00e1s emblem\u00e1ticas del siglo XX, visitar una antigua f\u00e1brica de locomotoras transformada en un centro cultural absolutamente excepcional&#8230;<\/p>\n<p style=\"text-align: left;\">\nHoteles con encanto, restaurantes excepcionales, bares escondidos, paseos secretos&#8230; La Otra Gu\u00eda ofrece una selecci\u00f3n exigente y ecl\u00e9ctica para todos los presupuestos. Pensada tanto para viajeros como para residentes, revela sitios cuidadosamente elegidos por autores locales, donde cada lugar es la promesa de un descubrimiento lejos de las multitudes. Una nueva manera de entender el arte de viajar.<\/p>\n<p>&nbsp;<\/p>\n<p><span class=\"s1\"><b>AUTOR\u00a0<\/b>: Margherita Devalle<b><br \/>\nISBN\u00a0<\/b>: 978-2-36195-893-0<\/span><br \/>\n<b>PRECIO\u00a0<\/b>: 14,95 \u20ac \u2013 US$ 14.95<br \/>\n<strong>P\u00c1GINAS<\/strong>: 128<br \/>\n<span class=\"s1\"><b>DIMENSIONES<\/b>: 200 x 135 mm<br \/>\n<\/span><span class=\"s1\"><b>CONTACTO\u00a0<\/b>:\u00a0<a href=\"mailto:info@editorialjonglez.com?subject=\"><span class=\"s2\">info@editorialjonglez.com<\/span><\/a><\/span><\/p>\n<p>&nbsp;<\/p>\n<div class=\"button_cont\" align=\"center\">\n<div class=\"button_cont\" align=\"center\"><a class=\"gv_product_btn\" href=\"https:\/\/jonglezpublishing.com\/wp-content\/uploads\/2025\/06\/couv_SO_Milan_ES_RVB-1-scaled.jpg\" target=\"_blank\" rel=\"noopener\">Descargar portada<br \/>\n<\/a><\/div>\n<div class=\"button_cont\" align=\"center\"><a class=\"gv_product_btn\" href=\"https:\/\/jonglezpublishing.com\/wp-content\/uploads\/2025\/06\/PREVIEW-SO-Milan_ES.pdf\" target=\"_blank\" rel=\"noopener\">Leer PDF<\/a><\/div>\n<div class=\"button_cont\" align=\"center\"><a class=\"gv_product_btn\" href=\"https:\/\/www.amazon.es\/-\/en\/Margherita-Devalle\/dp\/2361958937\/ref=sr_1_1?crid=5QN5IK1R4GCY&amp;dib=eyJ2IjoiMSJ9.pZ9QoT1UVGSC8xSqZD6ZDFzd_ErwWlgx4TsxKVaIHrc.8bPye9NoY0cNjcIDHoH6y4-myiChgWgzd2qnodZF9-k&amp;dib_tag=se&amp;keywords=milan+-+la+otra+gu%C3%ADa&amp;qid=1750405901&amp;sprefix=mil%C3%A1n+-+la+otra+gu%C3%ADa%2Caps%2C464&amp;sr=8-1\" target=\"_blank\" rel=\"noopener\">Comprar online<\/a><\/div>\n<\/div>\n","protected":false},"excerpt":{"rendered":"<p>HEMOS PROBADO 1000 LUGARES NOS HEMOS QUEDADO CON LOS 30 MEJORES Cenar con desconocidos en un viejo apartamento milan\u00e9s, aprender<\/p>\n","protected":false},"featured_media":14142,"template":"","meta":[],"product_brand":[],"product_cat":[192,448,449,271,451],"product_tag":[],"class_list":{"0":"post-13975","1":"product","2":"type-product","3":"status-publish","4":"has-post-thumbnail","6":"product_cat-english-es","7":"product_cat-french-es","8":"product_cat-german-es","9":"product_cat-italian-es","10":"product_cat-la-otra-guia","12":"first","13":"instock","14":"shipping-taxable","15":"product-type-simple"},"aioseo_notices":[],"_links":{"self":[{"href":"https:\/\/jonglezpublishing.com\/es\/wp-json\/wp\/v2\/product\/13975","targetHints":{"allow":["GET"]}}],"collection":[{"href":"https:\/\/jonglezpublishing.com\/es\/wp-json\/wp\/v2\/product"}],"about":[{"href":"https:\/\/jonglezpublishing.com\/es\/wp-json\/wp\/v2\/types\/product"}],"wp:featuredmedia":[{"embeddable":true,"href":"https:\/\/jonglezpublishing.com\/es\/wp-json\/wp\/v2\/media\/14142"}],"wp:attachment":[{"href":"https:\/\/jonglezpublishing.com\/es\/wp-json\/wp\/v2\/media?parent=13975"}],"wp:term":[{"taxonomy":"product_brand","embeddable":true,"href":"https:\/\/jonglezpublishing.com\/es\/wp-json\/wp\/v2\/product_brand?post=13975"},{"taxonomy":"product_cat","embeddable":true,"href":"https:\/\/jonglezpublishing.com\/es\/wp-json\/wp\/v2\/product_cat?post=13975"},{"taxonomy":"product_tag","embeddable":true,"href":"https:\/\/jonglezpublishing.com\/es\/wp-json\/wp\/v2\/product_tag?post=13975"}],"curies":[{"name":"wp","href":"https:\/\/api.w.org\/{rel}","templated":true}]}}