{"id":14232,"date":"2019-03-01T15:48:42","date_gmt":"2025-06-22T10:27:38","guid":{"rendered":"https:\/\/jonglezpublishing.com\/?post_type=product&#038;p=14232"},"modified":"2025-06-22T13:27:39","modified_gmt":"2025-06-22T10:27:39","slug":"tokio-guia-de-las-mejores-experiencias","status":"publish","type":"product","link":"https:\/\/jonglezpublishing.com\/es\/producto\/tokio-guia-de-las-mejores-experiencias\/","title":{"rendered":"TOKIO &#8211; GU\u00cdA DE LAS MEJORES EXPERIENCIAS"},"content":{"rendered":"<p style=\"text-align: center;\">HEMOS PROBADO 1 000 LUGARES<br \/>\n<strong>NOS HEMOS QUEDADO CON LOS 30 MEJORES<\/strong><\/p>\n<p>Descubre un sal\u00f3n de t\u00e9 en la trastienda de una florister\u00eda, divi\u00e9rtase con un chef con estrella Michelin que cocina como nadie, visita un restaurante escondido en el coraz\u00f3n de Shibuya, almuerza en un jard\u00edn japon\u00e9s, compra un libro en la librer\u00eda m\u00e1s peque\u00f1a del mundo, pasa una noche en la estanter\u00eda de una biblioteca, escucha m\u00fasica cl\u00e1sica en un bar de los a\u00f1os 50, disfruta de un ba\u00f1o tradicional japon\u00e9s rodeado de plantas, duerme en un hotel c\u00e1psula, celebra tu \u201cno cumplea\u00f1os\u201d en un izakaya, date un masaje en una hamaca&#8230;<\/p>\n<p>Esta colecci\u00f3n presenta un nuevo enfoque del arte de viajar, creado a base de callejear, de tener encuentros imprevistos y de vivir experiencias inolvidables. Son unas gu\u00edas para los que quieren abrir las puertas secretas de una ciudad, sentir los latidos de su coraz\u00f3n, escudri\u00f1ar sus m\u00e1s \u00ednfimos recovecos para llegar a su alma.<\/p>\n<p>&nbsp;<\/p>\n<p><b>AUTORES:<span class=\"Apple-converted-space\">\u00a0\u00a0<\/span><\/b>Ver\u00f3nica Ram\u00edrez Muro &amp; Mario Utrilla<br \/>\n<b>P\u00c1GINAS<\/b>: 128<br \/>\n<b>FORMATO<\/b>: 200 x 135 mm<span class=\"Apple-converted-space\"><br \/>\n<\/span><b>PRECIO<\/b>:<span class=\"Apple-converted-space\"> 14 , 95 \u20ac \u2013 14 . 95 $<\/span><br \/>\n<b>ISBN<\/b>: 978-2-36195-458-1<br \/>\n<b>CONTACTO<\/b>:\u00a0<a href=\"mailto:info@editorialjonglez.com\"><span class=\"s1\">info@editorialjonglez.com<\/span><\/a><\/p>\n<p>&nbsp;<\/p>\n<div class=\"buttons_cont\">\n<div class=\"button_cont\" align=\"center\"><a class=\"gv_product_btn\" href=\"https:\/\/jonglezpublishing.com\/wp-content\/uploads\/2025\/06\/couv_SO_Tokyo_ES_RVB-1-scaled.jpg\" target=\"_blank\" rel=\"noopener\">Descargar portada<\/a><\/div>\n<div class=\"button_cont\" align=\"center\"><a class=\"gv_product_btn\" href=\"https:\/\/jonglezpublishing.com\/wp-content\/uploads\/2025\/06\/Preview-TOKIO_ES.pdf\" target=\"_blank\" rel=\"noopener\">Leer PDF<\/a><\/div>\n<div class=\"button_cont\" align=\"center\"><a class=\"gv_product_btn\" href=\"https:\/\/www.amazon.es\/-\/en\/Fany-y-Amandine-P%C3%A9chiodat\/dp\/2361954583\/ref=sr_1_1?crid=8FSZC5FSBL70&amp;dib=eyJ2IjoiMSJ9.Z1n6zNWqROq4auLXXnTXwyxMHURgtlSFHEtK3WNqO4Wc8nnov9vpGE7U-kNNC8v_.TQtMrdPKXDWWmFODSRGETYqaHge8kQ84TVhqz1brPMw&amp;dib_tag=se&amp;keywords=TOKIO+-+GU%C3%8DA+DE+LAS+MEJORES+EXPERIENCIAS&amp;qid=1750588038&amp;sprefix=tokio+-+gu%C3%ADa+de+las+mejores+experiencias%2Caps%2C484&amp;sr=8-1\" target=\"_blank\" rel=\"noopener\">Comprar online<\/a><\/div>\n<\/div>\n","protected":false},"excerpt":{"rendered":"<p>HEMOS PROBADO 1 000 LUGARES NOS HEMOS QUEDADO CON LOS 30 MEJORES Descubre un sal\u00f3n de t\u00e9 en la trastienda<\/p>\n","protected":false},"featured_media":14235,"template":"","meta":[],"product_brand":[],"product_cat":[192,448,449,271,451],"product_tag":[194,267,195,199,268,200],"class_list":{"0":"post-14232","1":"product","2":"type-product","3":"status-publish","4":"has-post-thumbnail","6":"product_cat-english-es","7":"product_cat-french-es","8":"product_cat-german-es","9":"product_cat-italian-es","10":"product_cat-la-otra-guia","11":"product_tag-jonglez-es","12":"product_tag-jonglez-es-2","13":"product_tag-jonglez-publishing-es","14":"product_tag-secret-travel-guides-es","15":"product_tag-tokio","16":"product_tag-travel-guides-es","18":"first","19":"instock","20":"shipping-taxable","21":"product-type-simple"},"aioseo_notices":[],"_links":{"self":[{"href":"https:\/\/jonglezpublishing.com\/es\/wp-json\/wp\/v2\/product\/14232","targetHints":{"allow":["GET"]}}],"collection":[{"href":"https:\/\/jonglezpublishing.com\/es\/wp-json\/wp\/v2\/product"}],"about":[{"href":"https:\/\/jonglezpublishing.com\/es\/wp-json\/wp\/v2\/types\/product"}],"wp:featuredmedia":[{"embeddable":true,"href":"https:\/\/jonglezpublishing.com\/es\/wp-json\/wp\/v2\/media\/14235"}],"wp:attachment":[{"href":"https:\/\/jonglezpublishing.com\/es\/wp-json\/wp\/v2\/media?parent=14232"}],"wp:term":[{"taxonomy":"product_brand","embeddable":true,"href":"https:\/\/jonglezpublishing.com\/es\/wp-json\/wp\/v2\/product_brand?post=14232"},{"taxonomy":"product_cat","embeddable":true,"href":"https:\/\/jonglezpublishing.com\/es\/wp-json\/wp\/v2\/product_cat?post=14232"},{"taxonomy":"product_tag","embeddable":true,"href":"https:\/\/jonglezpublishing.com\/es\/wp-json\/wp\/v2\/product_tag?post=14232"}],"curies":[{"name":"wp","href":"https:\/\/api.w.org\/{rel}","templated":true}]}}