{"id":14251,"date":"2021-07-18T22:11:17","date_gmt":"2025-06-22T14:34:15","guid":{"rendered":"https:\/\/jonglezpublishing.com\/?post_type=product&#038;p=14251"},"modified":"2025-06-22T17:34:15","modified_gmt":"2025-06-22T14:34:15","slug":"roma-guia-de-las-mejores-experiencias","status":"publish","type":"product","link":"https:\/\/jonglezpublishing.com\/es\/producto\/roma-guia-de-las-mejores-experiencias\/","title":{"rendered":"ROMA &#8211; GU\u00cdA DE LAS MEJORES EXPERIENCIAS"},"content":{"rendered":"<p style=\"text-align: center;\">HEMOS PROBADO 1000 LUGARES<br \/>\n<strong>NOS HEMOS QUEDADO CON LOS 30 MEJORES<\/strong><\/p>\n<p>Un caf\u00e9 excepcional, un aperitivo clandestino y una deliciosa pasta a la carbonara, una azotea de ensue\u00f1o, dormir en la villa m\u00e1s bonita de Roma bajo frescos renacentistas, un paseo en bici por Via Appia, un p\u00edcnic en un maravilloso jard\u00edn, cenar en una pescader\u00eda y saborear una de las diez mejores pizzas del mundo&#8230;<\/p>\n<p>Esta colecci\u00f3n presenta un nuevo enfoque del arte de viajar, a base de callejear, de tener encuentros imprevistos y de vivir experiencias inolvidables. Son unas gu\u00edas para quienes quieren abrir las puertas secretas de una ciudad, sentir los latidos de su coraz\u00f3n, explorar sus rincones m\u00e1s ocultos para llegar a su alma.<\/p>\n<p>&nbsp;<\/p>\n<p><span class=\"s1\"><b>AUTOR\u00a0<\/b>: Carolina Vincenti<b><br \/>\nISBN\u00a0<\/b>: 978-2-36195-876-3<\/span><br \/>\n<b>PRECIO\u00a0<\/b>: 14,95 \u20ac \u2013 US$ 14.95<br \/>\n<strong>P\u00c1GINAS<\/strong>: 128<br \/>\n<span class=\"s1\"><b>DIMENSIONES<\/b>: 200 x 135 mm<br \/>\n<\/span><span class=\"s1\"><b>CONTACTO\u00a0<\/b>:\u00a0<a href=\"mailto:info@editorialjonglez.com?subject=\"><span class=\"s2\">info@editorialjonglez.com<\/span><\/a><\/span><\/p>\n<p>&nbsp;<\/p>\n<div class=\"button_cont\" align=\"center\">\n<div class=\"button_cont\" align=\"center\"><a class=\"gv_product_btn\" href=\"https:\/\/jonglezpublishing.com\/wp-content\/uploads\/2025\/06\/couv_SO_Rome_ES_RVB-scaled.jpg\" target=\"_blank\" rel=\"noopener\">Descargar portada<br \/>\n<\/a><\/div>\n<div class=\"button_cont\" align=\"center\"><a class=\"gv_product_btn\" href=\"https:\/\/jonglezpublishing.com\/wp-content\/uploads\/2025\/06\/Preview-SO-Rome_ES.pdf\" target=\"_blank\" rel=\"noopener\">Leer PDF<\/a><\/div>\n<div class=\"button_cont\" align=\"center\"><a class=\"gv_product_btn\" href=\"https:\/\/www.amazon.es\/-\/en\/CAROLINA-VINCENTI\/dp\/2361958767\/ref=sr_1_1?dib=eyJ2IjoiMSJ9.n_WUaLzI3ohFH24bOgJI93w6kHkpJeWWZZ9MaiVYXG424IZv_ZnZ3R-G_4XaMG1ZCVQrOlsCcYwWP0QkSdVxgBc8RxkSeUoBD2LFQTwo2aBY_TqpgLFlap9OI8ML2bxfAGG74lx88v_k61hTXT8M2uHTxDJtuhejhTQNXhid83MekNC1rvB3BTKmmz3bCBrukNlQS0xYu6DcwZbIkS6rUDCrYxnf5U_-xKUOMT4FnVwVflvRzkESDCvYDxYyJnGcGTlgKjzEtkAW-QLwRvN56ngujBa1EfLtAujrNg_qA1U.x6ZSsstLAqy7hHgkpPCq1qCyFR85AOWruHr_webXnpw&amp;dib_tag=se&amp;keywords=ROMA+-+GU%C3%8DA+DE+LAS+MEJORES+EXPERIENCIAS&amp;qid=1750602833&amp;sr=8-1\" target=\"_blank\" rel=\"noopener\">Comprar online<\/a><\/div>\n<\/div>\n","protected":false},"excerpt":{"rendered":"<p>HEMOS PROBADO 1000 LUGARES NOS HEMOS QUEDADO CON LOS 30 MEJORES Un caf\u00e9 excepcional, un aperitivo clandestino y una deliciosa<\/p>\n","protected":false},"featured_media":14257,"template":"","meta":[],"product_brand":[],"product_cat":[192,448,449,271,451],"product_tag":[],"class_list":{"0":"post-14251","1":"product","2":"type-product","3":"status-publish","4":"has-post-thumbnail","6":"product_cat-english-es","7":"product_cat-french-es","8":"product_cat-german-es","9":"product_cat-italian-es","10":"product_cat-la-otra-guia","12":"first","13":"instock","14":"shipping-taxable","15":"product-type-simple"},"aioseo_notices":[],"_links":{"self":[{"href":"https:\/\/jonglezpublishing.com\/es\/wp-json\/wp\/v2\/product\/14251","targetHints":{"allow":["GET"]}}],"collection":[{"href":"https:\/\/jonglezpublishing.com\/es\/wp-json\/wp\/v2\/product"}],"about":[{"href":"https:\/\/jonglezpublishing.com\/es\/wp-json\/wp\/v2\/types\/product"}],"wp:featuredmedia":[{"embeddable":true,"href":"https:\/\/jonglezpublishing.com\/es\/wp-json\/wp\/v2\/media\/14257"}],"wp:attachment":[{"href":"https:\/\/jonglezpublishing.com\/es\/wp-json\/wp\/v2\/media?parent=14251"}],"wp:term":[{"taxonomy":"product_brand","embeddable":true,"href":"https:\/\/jonglezpublishing.com\/es\/wp-json\/wp\/v2\/product_brand?post=14251"},{"taxonomy":"product_cat","embeddable":true,"href":"https:\/\/jonglezpublishing.com\/es\/wp-json\/wp\/v2\/product_cat?post=14251"},{"taxonomy":"product_tag","embeddable":true,"href":"https:\/\/jonglezpublishing.com\/es\/wp-json\/wp\/v2\/product_tag?post=14251"}],"curies":[{"name":"wp","href":"https:\/\/api.w.org\/{rel}","templated":true}]}}