{"id":14358,"date":"2025-08-15T18:10:34","date_gmt":"2025-08-15T15:10:34","guid":{"rendered":"https:\/\/jonglezpublishing.com\/?post_type=product&#038;p=14358"},"modified":"2025-08-15T18:15:54","modified_gmt":"2025-08-15T15:15:54","slug":"montevideo-insolita-y-secreto","status":"publish","type":"product","link":"https:\/\/jonglezpublishing.com\/es\/producto\/montevideo-insolita-y-secreto\/","title":{"rendered":"MONTEVIDEO INS\u00d3LITO Y SECRETO"},"content":{"rendered":"<p>Una escultura donde cada tubo reproduce una nota diferente seg\u00fan su longitud, la memoria del \u00fanico episodio de la Segunda Guerra Mundial acontecido en Am\u00e9rica del Sur, un museo olvidado en una casa discreta, la fachada m\u00e1s angosta de la ciudad en respuesta a un error urban\u00edstico, la ciudad vista desde un rinc\u00f3n secreto, el lugar exacto (y olvidado) donde se marc\u00f3 el primer gol de la historia de los mundiales de f\u00fatbol, un balc\u00f3n de cristal, una palmera centenaria en un estadio, un hombre monumental construido con 2600 ruedas de cami\u00f3n y visible en su totalidad solo desde el cielo, el inflador de pelotas del 1900 que origin\u00f3 la expresi\u00f3n \u00abhincha de f\u00fatbol\u00bb&#8230;<\/p>\n<p>Lejos de las masas y de los habituales clich\u00e9s, Montevideo sigue guardando tesoros escondidos que desvela \u00fanicamente a los habitantes y viajeros que buscan salirse de los caminos trillados.<\/p>\n<p>Una gu\u00eda indispensable para los que cre\u00edan que conoc\u00edan bien Montevideo o para los que desean descubrir la otra cara de la ciudad.<\/p>\n<p>&nbsp;<\/p>\n<p><b>AUTOR<\/b>: ANA IN\u00c9S<br \/>\n<b>P\u00c1GINAS<\/b>:<span class=\"Apple-converted-space\"> 240<br \/>\n<\/span><b>FORMATO<\/b>:<span class=\"Apple-converted-space\">\u00a0\u00a0<\/span>10.5 x 19 cm<br \/>\n<b>PRECIO<\/b>: 18,95 \u20ac \u2013 US$21.95<br \/>\n<b>ISBN:<\/b> 978-2-36195-557-1<span class=\"Apple-converted-space\"><br \/>\n<\/span><strong>CONTACTO<\/strong>:\u00a0<a href=\"mailto:info@editorialjonglez.com\"><span class=\"s1\">info@editorialjonglez.com<\/span><\/a><\/p>\n<div class=\"buttons_cont\">\n<div align=\"center\"><\/div>\n<div class=\"button_cont\" align=\"center\"><a class=\"gv_product_btn\" href=\"https:\/\/jonglezpublishing.com\/wp-content\/uploads\/2025\/08\/Couv-Montevideo_ES_Front_RGB-1-scaled.jpg\" target=\"_blank\" rel=\"noopener\">Descargar portada<br \/>\n<\/a><\/div>\n<div class=\"button_cont\" align=\"center\"><a class=\"gv_product_btn\" href=\"https:\/\/jonglezpublishing.com\/wp-content\/uploads\/2025\/08\/Montevideo_ES_Preview.pdf\" target=\"_blank\" rel=\"noopener\">Leer PDF<\/a><\/div>\n<div class=\"button_cont\" align=\"center\"><a class=\"gv_product_btn\" href=\"https:\/\/www.amazon.es\/-\/en\/ANA-INES\/dp\/2361955571\/ref=sr_1_1?crid=WE5WAYKBEBRD&amp;dib=eyJ2IjoiMSJ9.yp7ZtWPC5d0ornX0UuqeKA.eDoK3vXuzQ59ZALhps-u_gSsdYTsDW7DDXnYvUig1Sk&amp;dib_tag=se&amp;keywords=MONTEVIDEO+ins%C3%B3lita+y+secreto&amp;qid=1755270836&amp;sprefix=montevideo+ins%C3%B3lita+y+secreto%2Caps%2C338&amp;sr=8-1\" target=\"_blank\" rel=\"noopener\">Comprar online<\/a><\/div>\n<\/div>\n","protected":false},"excerpt":{"rendered":"<p>Una escultura donde cada tubo reproduce una nota diferente seg\u00fan su longitud, la memoria del \u00fanico episodio de la Segunda<\/p>\n","protected":false},"featured_media":14364,"template":"","meta":[],"product_brand":[],"product_cat":[192,423],"product_tag":[],"class_list":{"0":"post-14358","1":"product","2":"type-product","3":"status-publish","4":"has-post-thumbnail","6":"product_cat-english-es","7":"product_cat-guias-insolitas-y-secretas","9":"first","10":"instock","11":"shipping-taxable","12":"product-type-simple"},"aioseo_notices":[],"_links":{"self":[{"href":"https:\/\/jonglezpublishing.com\/es\/wp-json\/wp\/v2\/product\/14358","targetHints":{"allow":["GET"]}}],"collection":[{"href":"https:\/\/jonglezpublishing.com\/es\/wp-json\/wp\/v2\/product"}],"about":[{"href":"https:\/\/jonglezpublishing.com\/es\/wp-json\/wp\/v2\/types\/product"}],"wp:featuredmedia":[{"embeddable":true,"href":"https:\/\/jonglezpublishing.com\/es\/wp-json\/wp\/v2\/media\/14364"}],"wp:attachment":[{"href":"https:\/\/jonglezpublishing.com\/es\/wp-json\/wp\/v2\/media?parent=14358"}],"wp:term":[{"taxonomy":"product_brand","embeddable":true,"href":"https:\/\/jonglezpublishing.com\/es\/wp-json\/wp\/v2\/product_brand?post=14358"},{"taxonomy":"product_cat","embeddable":true,"href":"https:\/\/jonglezpublishing.com\/es\/wp-json\/wp\/v2\/product_cat?post=14358"},{"taxonomy":"product_tag","embeddable":true,"href":"https:\/\/jonglezpublishing.com\/es\/wp-json\/wp\/v2\/product_tag?post=14358"}],"curies":[{"name":"wp","href":"https:\/\/api.w.org\/{rel}","templated":true}]}}