{"id":14439,"date":"2025-10-14T12:36:11","date_gmt":"2025-10-14T09:36:12","guid":{"rendered":"https:\/\/jonglezpublishing.com\/?post_type=product&#038;p=14439"},"modified":"2025-10-14T15:48:19","modified_gmt":"2025-10-14T12:48:19","slug":"milan-la-otra-guia-copy-copy","status":"publish","type":"product","link":"https:\/\/jonglezpublishing.com\/es\/producto\/milan-la-otra-guia-copy-copy\/","title":{"rendered":"VIENA &#8211; LA OTRA GU\u00cdA"},"content":{"rendered":"<p style=\"text-align: center;\">HEMOS PROBADO 1000 LUGARES<br \/>\n<strong>NOS HEMOS QUEDADO CON 30<\/strong><\/p>\n<p>Descubrir los caf\u00e9s tradicionales m\u00e1s bonitos lejos de las multitudes o una de las mejores tiendas de moda vintage del mundo, visitar un magn\u00edfico castillo renacentista que ni siquiera los locales conocen, degustar un goulash excepcional, nadar en un entorno art d\u00e9co de pura belleza, comer en restaurantes excepcionales fuera de los circuitos tur\u00edsticos, cantar con una leyenda austr\u00edaca del f\u00fatbol, pasar la noche en un dormitorio de lujo o en espl\u00e9ndidos hoteles&#8230;&#8230;<\/p>\n<p>Hoteles con encanto, restaurantes excepcionales, bares escondidos, paseos secretos&#8230; La Otra Gu\u00eda ofrece una selecci\u00f3n exigente y ecl\u00e9ctica para todos los presupuestos. Pensada tanto para viajeros como para residentes, revela sitios cuidadosamente elegidos por autores locales, donde cada lugar es la promesa de un descubrimiento lejos de las multitudes. Una nueva manera de entender el arte de viajar.<\/p>\n<p>&nbsp;<\/p>\n<p><span class=\"s1\"><b>AUTORES <\/b>: Barbara Kadletz y Wolfgang Reitter<b><br \/>\nISBN\u00a0<\/b>: 978-2-36195-937-1<\/span><br \/>\n<b>PRECIO\u00a0<\/b>: 14,95 \u20ac \u2013 US$ 14.95<br \/>\n<strong>P\u00c1GINAS<\/strong>: 128<br \/>\n<span class=\"s1\"><b>DIMENSIONES<\/b>: 200 x 135 mm<br \/>\n<\/span><span class=\"s1\"><b>CONTACTO\u00a0<\/b>:\u00a0<a href=\"mailto:info@editorialjonglez.com?subject=\"><span class=\"s2\">info@editorialjonglez.com<\/span><\/a><\/span><\/p>\n<p>&nbsp;<\/p>\n<div class=\"button_cont\" align=\"center\">\n<div class=\"button_cont\" align=\"center\"><a class=\"gv_product_btn\" href=\"https:\/\/jonglezpublishing.com\/wp-content\/uploads\/2025\/10\/couv_SO_Vienne_ES_CMJN_print-scaled.jpg\" target=\"_blank\" rel=\"noopener\">Descargar portada<br \/>\n<\/a><\/div>\n<div class=\"button_cont\" align=\"center\"><a class=\"gv_product_btn\" href=\"https:\/\/jonglezpublishing.com\/wp-content\/uploads\/2025\/10\/PREVIEW-SO-Vienne_ES.pdf\" target=\"_blank\" rel=\"noopener\">Leer PDF<\/a><\/div>\n<div class=\"button_cont\" align=\"center\"><a class=\"gv_product_btn\" href=\"https:\/\/www.amazon.es\/-\/en\/Reitter-Wolfgang\/dp\/2361959372\/ref=sr_1_5?crid=1UD6B4UM07CO4&amp;dib=eyJ2IjoiMSJ9.V2T7k54pbR04vTSw5laYH74dBYZJ3PTMSUrH8yMcwhtHS7oTh6iLKLia83qEzDpJ1exGAQwAYYkssOXnI_swX9BxkkOzB1wSJ-sRZgVRY8HNwrBup0pqn-58iKV2n_6TKWYkpJrf9svFaqJkCBEChA.pNpvKS-O4hGmJjlzc92ko1L92u0lvDJ-0YIi0a0Y5ag&amp;dib_tag=se&amp;keywords=vienna+by+jonglez&amp;qid=1760446057&amp;sprefix=viena+by+jong%2Caps%2C1215&amp;sr=8-5\" target=\"_blank\" rel=\"noopener\">Comprar online<\/a><\/div>\n<\/div>\n","protected":false},"excerpt":{"rendered":"<p>HEMOS PROBADO 1000 LUGARES NOS HEMOS QUEDADO CON 30 Descubrir los caf\u00e9s tradicionales m\u00e1s bonitos lejos de las multitudes o<\/p>\n","protected":false},"featured_media":14475,"template":"","meta":[],"product_brand":[],"product_cat":[192,448,449,271,451],"product_tag":[],"class_list":{"0":"post-14439","1":"product","2":"type-product","3":"status-publish","4":"has-post-thumbnail","6":"product_cat-english-es","7":"product_cat-french-es","8":"product_cat-german-es","9":"product_cat-italian-es","10":"product_cat-la-otra-guia","12":"first","13":"instock","14":"shipping-taxable","15":"product-type-simple"},"aioseo_notices":[],"_links":{"self":[{"href":"https:\/\/jonglezpublishing.com\/es\/wp-json\/wp\/v2\/product\/14439","targetHints":{"allow":["GET"]}}],"collection":[{"href":"https:\/\/jonglezpublishing.com\/es\/wp-json\/wp\/v2\/product"}],"about":[{"href":"https:\/\/jonglezpublishing.com\/es\/wp-json\/wp\/v2\/types\/product"}],"wp:featuredmedia":[{"embeddable":true,"href":"https:\/\/jonglezpublishing.com\/es\/wp-json\/wp\/v2\/media\/14475"}],"wp:attachment":[{"href":"https:\/\/jonglezpublishing.com\/es\/wp-json\/wp\/v2\/media?parent=14439"}],"wp:term":[{"taxonomy":"product_brand","embeddable":true,"href":"https:\/\/jonglezpublishing.com\/es\/wp-json\/wp\/v2\/product_brand?post=14439"},{"taxonomy":"product_cat","embeddable":true,"href":"https:\/\/jonglezpublishing.com\/es\/wp-json\/wp\/v2\/product_cat?post=14439"},{"taxonomy":"product_tag","embeddable":true,"href":"https:\/\/jonglezpublishing.com\/es\/wp-json\/wp\/v2\/product_tag?post=14439"}],"curies":[{"name":"wp","href":"https:\/\/api.w.org\/{rel}","templated":true}]}}