{"id":15200,"date":"2020-11-13T10:14:45","date_gmt":"2020-11-13T08:14:45","guid":{"rendered":"https:\/\/jonglezpublishing.com\/?post_type=product&#038;p=15200"},"modified":"2026-04-23T17:16:30","modified_gmt":"2026-04-23T14:16:30","slug":"berlin-insolito-y-secreto","status":"publish","type":"product","link":"https:\/\/jonglezpublishing.com\/es\/producto\/berlin-insolito-y-secreto\/","title":{"rendered":"BERL\u00edN INS\u00d3LITO Y SECRETO"},"content":{"rendered":"<div class=\"wpb-content-wrapper\"><p>[vc_row][vc_column][vc_column_text css=\u00bb\u00bb woodmart_inline=\u00bbno\u00bb text_larger=\u00bbno\u00bb]Un anfiteatro donde se disecaban animales, una duna escondida en pleno centro de la ciudad, el vestigio m\u00e1s antiguo del Muro de Berl\u00edn olvidado en Pankow, el excepcional interior de una iglesia expresionista, un edificio que es una copia del Palacio Farnesio en Roma, los vestigios de un campo de acogida para los que pasaban del oeste al este, un edificio de hormig\u00f3n de 12 000 toneladas para medir la solidez del suelo, una performance luminosa en la capilla de un cementerio, una obra maestra desconocida de la arquitectura brutalista, la colina artificial desde donde el pionero de la aviaci\u00f3n Otto Lilienthal hizo sus primeros intentos de vuelo, una calle que cierra de 22 h a 6 h para proteger la actividad de los castores&#8230;<\/p>\n<p>Lejos de las multitudes y los t\u00edpicos clich\u00e9s, Berl\u00edn sigue guardando tesoros escondidos que desvela \u00fanicamente a los habitantes y viajeros que buscan salirse de los caminos trillados.<\/p>\n<p>Una gu\u00eda indispensable para los que cre\u00edan que conoc\u00edan Berl\u00edn o para los que deseen descubrir la otra cara de la ciudad.<\/p>\n<p class=\"p1\"><span class=\"s1\"><b>Autores:<\/b><span class=\"Apple-converted-space\"> Tom Wolf, Manuel Roy y Roberto Sassi<\/span><br \/>\n<\/span><span class=\"s1\"><b>P\u00e1ginas:<\/b> 448<br \/>\n<\/span><span class=\"s1\"><b>Formato:<\/b>\u00a0<span class=\"Apple-converted-space\">\u00a0\u00a0<\/span>10.5 x 19 cm<br \/>\n<\/span><span class=\"s1\"><b>Precio:<\/b><span class=\"Apple-converted-space\">\u00a0\u00a0<\/span>$21,95 \u2013 \u20ac19,95<br \/>\n<\/span><span class=\"s1\"><b>ISBN:<\/b> 978-2-36195-375-1<br \/>\n<\/span><span class=\"s1\"><b>Contacto:\u00a0<\/b><a href=\"mailto:info@editorialjonglez.com\"><span class=\"s2\">info@editorialjonglez.com<\/span><\/a><\/span><\/p>\n<div class=\"buttons_cont\">\n<div class=\"button_cont\" align=\"center\"><a class=\"gv_product_btn\" href=\"https:\/\/jonglezpublishing.com\/wp-content\/uploads\/2026\/04\/Berlin-scaled.jpg\" target=\"_blank\" rel=\"noopener\">Descargar portada<\/a><\/div>\n<div class=\"button_cont\" align=\"center\"><a class=\"gv_product_btn\" href=\"https:\/\/jonglezpublishing.com\/wp-content\/uploads\/2026\/04\/PREVIEW_BERLIN_ES-1.pdf\" target=\"_blank\" rel=\"noopener\">Leer PDF<\/a><\/div>\n<div class=\"button_cont\" align=\"center\"><a class=\"gv_product_btn\" href=\"https:\/\/www.amazon.es\/-\/en\/BERLIN-INSOLITO-SECRETO-Ins%C3%B3lito-INSOLITA\/dp\/2361953757\/ref=sr_1_1?crid=35M23GL0C2PFE&amp;dib=eyJ2IjoiMSJ9.DUYPKjm8qdtTXYY-MV7y3ler95hq-mZA9DhoS8_ivDXGjHj071QN20LucGBJIEps.43MBBKpsap3WpcfSTk6iNWig9N-o7KzHITLBazy96bY&amp;dib_tag=se&amp;keywords=berlin+ins%C3%B3lito+y+secreto&amp;qid=1776953659&amp;sprefix=berl%C3%ADn+ins%C3%B3lito+y+secreto%2Caps%2C283&amp;sr=8-1\" target=\"_blank\" rel=\"noopener\">Comprar online<\/a><\/div>\n<\/div>\n<p>[\/vc_column_text][\/vc_column][\/vc_row]<\/p>\n<\/div>","protected":false},"excerpt":{"rendered":"<p>[vc_row][vc_column][vc_column_text css=\u00bb\u00bb woodmart_inline=\u00bbno\u00bb text_larger=\u00bbno\u00bb]Un anfiteatro donde se disecaban animales, una duna escondida en pleno centro de la ciudad, el vestigio<\/p>\n","protected":false},"featured_media":15201,"template":"","meta":[],"product_brand":[],"product_cat":[192,448,449,423],"product_tag":[],"class_list":{"0":"post-15200","1":"product","2":"type-product","3":"status-publish","4":"has-post-thumbnail","6":"product_cat-english-es","7":"product_cat-french-es","8":"product_cat-german-es","9":"product_cat-guias-insolitas-y-secretas","11":"first","12":"instock","13":"shipping-taxable","14":"product-type-simple"},"aioseo_notices":[],"_links":{"self":[{"href":"https:\/\/jonglezpublishing.com\/es\/wp-json\/wp\/v2\/product\/15200","targetHints":{"allow":["GET"]}}],"collection":[{"href":"https:\/\/jonglezpublishing.com\/es\/wp-json\/wp\/v2\/product"}],"about":[{"href":"https:\/\/jonglezpublishing.com\/es\/wp-json\/wp\/v2\/types\/product"}],"wp:featuredmedia":[{"embeddable":true,"href":"https:\/\/jonglezpublishing.com\/es\/wp-json\/wp\/v2\/media\/15201"}],"wp:attachment":[{"href":"https:\/\/jonglezpublishing.com\/es\/wp-json\/wp\/v2\/media?parent=15200"}],"wp:term":[{"taxonomy":"product_brand","embeddable":true,"href":"https:\/\/jonglezpublishing.com\/es\/wp-json\/wp\/v2\/product_brand?post=15200"},{"taxonomy":"product_cat","embeddable":true,"href":"https:\/\/jonglezpublishing.com\/es\/wp-json\/wp\/v2\/product_cat?post=15200"},{"taxonomy":"product_tag","embeddable":true,"href":"https:\/\/jonglezpublishing.com\/es\/wp-json\/wp\/v2\/product_tag?post=15200"}],"curies":[{"name":"wp","href":"https:\/\/api.w.org\/{rel}","templated":true}]}}