{"id":1850,"date":"2019-03-04T12:39:13","date_gmt":"2019-03-04T10:39:13","guid":{"rendered":"https:\/\/jonglez.timeforcoffee.gr\/product\/amsterdam-insolita-y-secreta\/"},"modified":"2020-11-26T10:09:33","modified_gmt":"2020-11-26T08:09:33","slug":"amsterdam-insolita-y-secreta","status":"publish","type":"product","link":"https:\/\/jonglezpublishing.com\/es\/producto\/amsterdam-insolita-y-secreta\/","title":{"rendered":"\u00c1MSTERDAM INS\u00d3LITA Y SECRETA"},"content":{"rendered":"<p>Descubra el emplazamiento original de la c\u00e9lebre Ronda de Noche de Rembrandt, el origen del co\u00f1ac, un homenaje a las prostitutas, sepa interpretar los r\u00f3tulos de piedra, haga legalmente el amor al aire libre, visite unos magn\u00edficos patios interiores, esqui\u00e9 en pleno coraz\u00f3n de la ciudad, h\u00e1gase adepto del boat-in \u2013una versi\u00f3n amsterdamesa del drive-in- y coma una pizza en su barco\u2026<\/p>\n<p>Lejos de las masas y de los habituales clich\u00e9s, \u00c1msterdam guarda a\u00fan tesoros escondidos que s\u00f3lo desvela a los habitantes y viajeros que saben salirse de los caminos marcados.<\/p>\n<p>Una gu\u00eda indispensable para los que cre\u00edan que conoc\u00edan bien la capital neerlandesa o para los que desean descubrir la otra cara de la ciudad.<\/p>\n<p><b>AUTORES: <\/b><span class=\"Apple-converted-space\">Marjolijn van Eys &amp; Delphine Robiot<\/span><br \/>\n<b>P\u00c1GINAS:<\/b> 320<br \/>\n<b>FORMATO:<\/b>\u00a010.5 x 19 cm<span class=\"Apple-converted-space\"><br \/>\n<\/span><b>PRECIO:<\/b><span class=\"Apple-converted-space\">\u00a0 17,90\u00a0\u20ac \u2013 US<\/span>$ 19.95<br \/>\n<b>ISBN:<\/b> <span data-sheets-value=\"{&quot;1&quot;:2,&quot;2&quot;:&quot;978-2-9158-0777-6&quot;}\" data-sheets-userformat=\"{&quot;2&quot;:12864,&quot;9&quot;:1,&quot;12&quot;:0,&quot;15&quot;:&quot;Cambria&quot;,&quot;16&quot;:11}\">978-2-9158-0777-6<\/span><br \/>\n<b>CONTACTO:\u00a0<\/b><a href=\"mailto:info@editorialjonglez.com\"><span class=\"s1\">info@editorialjonglez.com<\/span><\/a><\/p>\n<div class=\"buttons_cont\">\n<div align=\"center\"><\/div>\n<div class=\"button_cont\" align=\"center\"><a class=\"gv_product_btn\" href=\"https:\/\/jonglezpublishing.com\/wp-content\/uploads\/2019\/03\/AMSTERDAM-ESP-HD.jpg\" target=\"_blank\" rel=\"noopener noreferrer\">Descargar portada<\/a><\/div>\n<div class=\"button_cont\" align=\"center\"><a class=\"gv_product_btn\" href=\"https:\/\/www.amazon.es\/\u00c1msterdam-ins\u00f3lita-secreta-POCKET-MICHELIN\/dp\/2915807779\/ref=sr_1_2?__mk_es_ES=\u00c5M\u00c5\u017d\u00d5\u00d1&amp;keywords=amsterdam+insolita&amp;qid=1566985069&amp;s=gateway&amp;sr=8-2\" target=\"_blank\" rel=\"noopener noreferrer\">Comprar online<\/a><\/div>\n<\/div>\n","protected":false},"excerpt":{"rendered":"<p>Descubra el emplazamiento original de la c\u00e9lebre Ronda de Noche de Rembrandt, el origen del co\u00f1ac, un homenaje a las<\/p>\n","protected":false},"featured_media":1313,"template":"","meta":[],"product_brand":[],"product_cat":[192,423,271,272],"product_tag":[229,230,194,195,197,199,200],"class_list":{"0":"post-1850","1":"product","2":"type-product","3":"status-publish","4":"has-post-thumbnail","6":"product_cat-english-es","7":"product_cat-guias-insolitas-y-secretas","8":"product_cat-italian-es","9":"product_cat-spanish-es","10":"product_tag-amsterdam-es","11":"product_tag-amsterdam-insolita","12":"product_tag-jonglez-es","13":"product_tag-jonglez-publishing-es","14":"product_tag-secret-guides-es","15":"product_tag-secret-travel-guides-es","16":"product_tag-travel-guides-es","18":"first","19":"instock","20":"shipping-taxable","21":"product-type-simple"},"aioseo_notices":[],"_links":{"self":[{"href":"https:\/\/jonglezpublishing.com\/es\/wp-json\/wp\/v2\/product\/1850","targetHints":{"allow":["GET"]}}],"collection":[{"href":"https:\/\/jonglezpublishing.com\/es\/wp-json\/wp\/v2\/product"}],"about":[{"href":"https:\/\/jonglezpublishing.com\/es\/wp-json\/wp\/v2\/types\/product"}],"wp:featuredmedia":[{"embeddable":true,"href":"https:\/\/jonglezpublishing.com\/es\/wp-json\/wp\/v2\/media\/1313"}],"wp:attachment":[{"href":"https:\/\/jonglezpublishing.com\/es\/wp-json\/wp\/v2\/media?parent=1850"}],"wp:term":[{"taxonomy":"product_brand","embeddable":true,"href":"https:\/\/jonglezpublishing.com\/es\/wp-json\/wp\/v2\/product_brand?post=1850"},{"taxonomy":"product_cat","embeddable":true,"href":"https:\/\/jonglezpublishing.com\/es\/wp-json\/wp\/v2\/product_cat?post=1850"},{"taxonomy":"product_tag","embeddable":true,"href":"https:\/\/jonglezpublishing.com\/es\/wp-json\/wp\/v2\/product_tag?post=1850"}],"curies":[{"name":"wp","href":"https:\/\/api.w.org\/{rel}","templated":true}]}}