{"id":1863,"date":"2019-03-04T12:23:56","date_gmt":"2019-03-04T12:23:56","guid":{"rendered":"https:\/\/jonglez.timeforcoffee.gr\/product\/barcelona-insolita-y-secreta\/"},"modified":"2023-07-06T12:21:28","modified_gmt":"2023-07-06T09:21:28","slug":"barcelona-insolita-y-secreta","status":"publish","type":"product","link":"https:\/\/jonglezpublishing.com\/es\/producto\/barcelona-insolita-y-secreta\/","title":{"rendered":"BARCELONA INS\u00d3LITA Y SECRETA"},"content":{"rendered":"<p>Los secretos de Gaud\u00ed y de la Sagrada Familia, un fant\u00e1stico recorrido por el modelismo ferroviario oculto bajo la estaci\u00f3n central, una mano misteriosa, un extraordinario anfiteatro de disecci\u00f3n, un refugio antia\u00e9reo insospechado, un beso mortal, un museo escondido en el fondo de una tienda, una joya rec\u00f3ndita del modernismo catal\u00e1n, un karaoke para canarios, el rol de Barcelona en la definici\u00f3n del metro, arcadas \u00e1rabes ocultas en un albergue juvenil, el fot\u00f3grafo catal\u00e1n que ayud\u00f3 a condenar a los responsables nazis de los campos de Mauthausen y Dachau, una protecci\u00f3n divina para su coche, s\u00edmbolos mas\u00f3nicos escondidos, el escudo del FC Barcelona en Santa Mar\u00eda<\/p>\n<p>del Mar&#8230;<\/p>\n<p>De d\u00eda y de noche, Barcelona revela sus secretos solo a los habitantes y viajeros que se animen a salir de los recorridos habituales. Y para ello es necesario saber a d\u00f3nde ir&#8230;<\/p>\n<p>Una gu\u00eda esencial para quienes pensaban que conoc\u00edan bien Barcelona, y para aquellos que desean descubrir la otra cara de la ciudad.<\/p>\n<p>&nbsp;<\/p>\n<p><b>AUTOR<\/b>: DANI CORTIJO Y ROC\u00cdO SIERRA CARBONELL<br \/>\n<b>P\u00c1GINAS<\/b>: 256<span class=\"Apple-converted-space\"><br \/>\n<\/span><b>FORMATO<\/b>:\u00a010.5 x 19 cm<span class=\"Apple-converted-space\"><br \/>\n<\/span><b>PRECIO<\/b>:<span class=\"Apple-converted-space\"> 18,95 \u20ac &#8211; US$ 21.95<\/span><br \/>\n<b>ISBN<\/b>: 978-2-36195-288-4<br \/>\n<b>CONTACTO<\/b>: <a href=\"mailto:info@editorialjonglez.com\"><span class=\"s1\">info@editorialjonglez.com<\/span><\/a><\/p>\n<p>&nbsp;<\/p>\n<div class=\"buttons_cont\">\n<div class=\"button_cont\" align=\"center\"><a class=\"gv_product_btn\" href=\"https:\/\/jonglezpublishing.com\/wp-content\/uploads\/2019\/03\/Couverture-Barcelona-ES-scaled.jpg\" target=\"_blank\" rel=\"noopener\">Descargar portada<br \/>\n<\/a><\/div>\n<div class=\"button_cont\" align=\"center\"><a class=\"gv_product_btn\" href=\"https:\/\/jonglezpublishing.com\/wp-content\/uploads\/2023\/07\/Extrait_Barcelona_ES.pdf\" target=\"_blank\" rel=\"noopener\">Leer PDF<\/a><\/div>\n<div class=\"button_cont\" align=\"center\"><a class=\"gv_product_btn\" href=\"https:\/\/www.amazon.es\/Barcelona-Ins%C3%B3lita-Secreta-Carlos-Mesa\/dp\/2361952882\/ref=sr_1_2?__mk_es_ES=%C3%85M%C3%85%C5%BD%C3%95%C3%91&amp;crid=163DXLC3E741M&amp;keywords=Barcelona+Ins%C3%B3lita+Y+Secreta&amp;qid=1688635134&amp;sprefix=9782361950781%2Caps%2C289&amp;sr=8-2\" target=\"_blank\" rel=\"noopener\">Comprar online<\/a><\/div>\n<\/div>\n","protected":false},"excerpt":{"rendered":"<p>Los secretos de Gaud\u00ed y de la Sagrada Familia, un fant\u00e1stico recorrido por el modelismo ferroviario oculto bajo la estaci\u00f3n<\/p>\n","protected":false},"featured_media":11454,"template":"","meta":[],"product_brand":[],"product_cat":[192,448,423,271,272],"product_tag":[231,232,249,194,195,197,199,200],"class_list":{"0":"post-1863","1":"product","2":"type-product","3":"status-publish","4":"has-post-thumbnail","6":"product_cat-english-es","7":"product_cat-french-es","8":"product_cat-guias-insolitas-y-secretas","9":"product_cat-italian-es","10":"product_cat-spanish-es","11":"product_tag-barcelona-es","12":"product_tag-barcelona-insolita","13":"product_tag-editorial-jonglez-es-5","14":"product_tag-jonglez-es","15":"product_tag-jonglez-publishing-es","16":"product_tag-secret-guides-es","17":"product_tag-secret-travel-guides-es","18":"product_tag-travel-guides-es","20":"first","21":"instock","22":"shipping-taxable","23":"product-type-simple"},"aioseo_notices":[],"_links":{"self":[{"href":"https:\/\/jonglezpublishing.com\/es\/wp-json\/wp\/v2\/product\/1863","targetHints":{"allow":["GET"]}}],"collection":[{"href":"https:\/\/jonglezpublishing.com\/es\/wp-json\/wp\/v2\/product"}],"about":[{"href":"https:\/\/jonglezpublishing.com\/es\/wp-json\/wp\/v2\/types\/product"}],"wp:featuredmedia":[{"embeddable":true,"href":"https:\/\/jonglezpublishing.com\/es\/wp-json\/wp\/v2\/media\/11454"}],"wp:attachment":[{"href":"https:\/\/jonglezpublishing.com\/es\/wp-json\/wp\/v2\/media?parent=1863"}],"wp:term":[{"taxonomy":"product_brand","embeddable":true,"href":"https:\/\/jonglezpublishing.com\/es\/wp-json\/wp\/v2\/product_brand?post=1863"},{"taxonomy":"product_cat","embeddable":true,"href":"https:\/\/jonglezpublishing.com\/es\/wp-json\/wp\/v2\/product_cat?post=1863"},{"taxonomy":"product_tag","embeddable":true,"href":"https:\/\/jonglezpublishing.com\/es\/wp-json\/wp\/v2\/product_tag?post=1863"}],"curies":[{"name":"wp","href":"https:\/\/api.w.org\/{rel}","templated":true}]}}