{"id":1882,"date":"2019-03-04T12:47:04","date_gmt":"2019-03-04T12:47:04","guid":{"rendered":"https:\/\/jonglez.timeforcoffee.gr\/product\/bruselas-insolita-y-secreta\/"},"modified":"2020-11-26T09:57:12","modified_gmt":"2020-11-26T07:57:12","slug":"bruselas-insolita-y-secreta","status":"publish","type":"product","link":"https:\/\/jonglezpublishing.com\/es\/producto\/bruselas-insolita-y-secreta\/","title":{"rendered":"BRUSELAS INS\u00d3LITA Y SECRETA"},"content":{"rendered":"<p><span lang=\"ES\">Un casa de citas donde se puede rezar una plegaria, una parte del r\u00edo Senne reconstruida en Saint-G\u00e9ry, un extraordinario museo dedicado a objetos de pl\u00e1stico, una granja con ovejas, cabras y pavos en la misma Place de l\u2019Yser, secretos mas\u00f3nicos en el parque de Bruselas, un viaje surrealista en ascensor, un homenaje a la paloma militar, espeleolog\u00eda en la bas\u00edlica de Koekelberg, una piscina con una vista panor\u00e1mica de la ciudad, una inmensa huerta en Uccle, un estudio de artista del siglo XIX en Schaerbeek, un camping en el coraz\u00f3n de la capital belga, un jard\u00edn olvidado en Forest&#8230; <\/span><\/p>\n<p>Lejos de la multitud y de los clich\u00e9s habituales, Bruselas alberga tesoros bien escondidos que solo revela a los habitantes y a los viajeros que saben salirse de los recorridos habituales.<\/p>\n<p>Una gu\u00eda indispensable para los que cre\u00edan conocer bien Bruselas o para los que desean descubrir la otra cara de la ciudad.<\/p>\n<p>&nbsp;<\/p>\n<p><b>AUTORES<\/b>:<span class=\"Apple-converted-space\">\u00a0 <\/span>Nathalie Capart, Isabelle de Pange, Florent Vertraeten<br \/>\n<b>P\u00c1GINAS<\/b>: 336<br \/>\n<b>FORMATO<\/b>: 10.5 x 19 cm<span class=\"Apple-converted-space\"><br \/>\n<\/span><b>PRECIO<\/b>:\u00a0<span class=\"Apple-converted-space\">\u20ac17,90\u00a0\u2013\u00a0<\/span>$19,95<span class=\"Apple-converted-space\"><br \/>\n<\/span><b>ISBN<\/b>: 978-2-36195-121-4<br \/>\n<b>CONTACTO<\/b>: <a href=\"mailto:info@editorialjonglez.com\"><span class=\"s1\">info@editorialjonglez.com<\/span><\/a><\/p>\n<p>&nbsp;<\/p>\n<div class=\"buttons_cont\">\n<div class=\"button_cont\" align=\"center\"><a class=\"gv_product_btn\" href=\"https:\/\/jonglezpublishing.com\/wp-content\/uploads\/2019\/03\/couv_bruxelles_esp.jpg\" target=\"_blank\" rel=\"noopener noreferrer\">Descargar portada<br \/>\n<\/a><\/div>\n<div class=\"button_cont\" align=\"center\"><a class=\"gv_product_btn\" href=\"https:\/\/jonglezpublishing.com\/wp-content\/uploads\/2019\/03\/extraits_bruselas_esp2017.pdf\" target=\"_blank\" rel=\"noopener noreferrer\">Leer PDF<\/a><\/div>\n<div class=\"button_cont\" align=\"center\"><a class=\"gv_product_btn\" href=\"https:\/\/www.amazon.es\/Bruselas-ins\u00f3lita-secreta-Nathalie-Capart\/dp\/2361951215\/ref=sr_1_1?__mk_es_ES=\u00c5M\u00c5\u017d\u00d5\u00d1&amp;keywords=bruselas+insolita&amp;qid=1566984960&amp;s=gateway&amp;sr=8-1\" target=\"_blank\" rel=\"noopener noreferrer\">Comprar online<\/a><\/div>\n<\/div>\n","protected":false},"excerpt":{"rendered":"<p>Un casa de citas donde se puede rezar una plegaria, una parte del r\u00edo Senne reconstruida en Saint-G\u00e9ry, un extraordinario<\/p>\n","protected":false},"featured_media":1317,"template":"","meta":[],"product_brand":[],"product_cat":[192,448,423,272],"product_tag":[234,233,194,195,197,199,200],"class_list":{"0":"post-1882","1":"product","2":"type-product","3":"status-publish","4":"has-post-thumbnail","6":"product_cat-english-es","7":"product_cat-french-es","8":"product_cat-guias-insolitas-y-secretas","9":"product_cat-spanish-es","10":"product_tag-bruselas","11":"product_tag-bruselas-insolita","12":"product_tag-jonglez-es","13":"product_tag-jonglez-publishing-es","14":"product_tag-secret-guides-es","15":"product_tag-secret-travel-guides-es","16":"product_tag-travel-guides-es","18":"first","19":"instock","20":"shipping-taxable","21":"product-type-simple"},"aioseo_notices":[],"_links":{"self":[{"href":"https:\/\/jonglezpublishing.com\/es\/wp-json\/wp\/v2\/product\/1882","targetHints":{"allow":["GET"]}}],"collection":[{"href":"https:\/\/jonglezpublishing.com\/es\/wp-json\/wp\/v2\/product"}],"about":[{"href":"https:\/\/jonglezpublishing.com\/es\/wp-json\/wp\/v2\/types\/product"}],"wp:featuredmedia":[{"embeddable":true,"href":"https:\/\/jonglezpublishing.com\/es\/wp-json\/wp\/v2\/media\/1317"}],"wp:attachment":[{"href":"https:\/\/jonglezpublishing.com\/es\/wp-json\/wp\/v2\/media?parent=1882"}],"wp:term":[{"taxonomy":"product_brand","embeddable":true,"href":"https:\/\/jonglezpublishing.com\/es\/wp-json\/wp\/v2\/product_brand?post=1882"},{"taxonomy":"product_cat","embeddable":true,"href":"https:\/\/jonglezpublishing.com\/es\/wp-json\/wp\/v2\/product_cat?post=1882"},{"taxonomy":"product_tag","embeddable":true,"href":"https:\/\/jonglezpublishing.com\/es\/wp-json\/wp\/v2\/product_tag?post=1882"}],"curies":[{"name":"wp","href":"https:\/\/api.w.org\/{rel}","templated":true}]}}