{"id":1897,"date":"2019-03-04T12:53:32","date_gmt":"2019-03-04T10:53:32","guid":{"rendered":"https:\/\/jonglez.timeforcoffee.gr\/product\/buenos-aires-insolita-y-secreta\/"},"modified":"2020-11-26T10:10:38","modified_gmt":"2020-11-26T08:10:38","slug":"buenos-aires-insolita-y-secreta","status":"publish","type":"product","link":"https:\/\/jonglezpublishing.com\/es\/producto\/buenos-aires-insolita-y-secreta\/","title":{"rendered":"BUENOS AIRES INS\u00d3LITA Y SECRETA"},"content":{"rendered":"<p>Una estatua que denuncia la corrupci\u00f3n, un edificio construido como una alegor\u00eda de la \u201cDivina Comedia\u201d, un museo privado psicod\u00e9lico y excepcional, un monumento para un perro polic\u00eda, la habitaci\u00f3n de Garc\u00eda Lorca en el Hotel Castelar, los ba\u00f1os de un bar donde \u201cla ac\u00fastica era excepcional\u201d, los vestigios de un intento de golpe de estado, una c\u00fapula digna de Gaud\u00ed\u2026<\/p>\n<p>Lejos de la multitud y de los clich\u00e9s habituales, Buenos Aires alberga tesoros bien escondidos que s\u00f3lo revela a los habitantes y a los viajeros que saben salirse de los recorridos habituales.<\/p>\n<p>Una gu\u00eda indispensable para los que cre\u00edan conocer bien Buenos Aires o para los que desean descubrir la otra cara de la ciudad.<\/p>\n<p>&nbsp;<\/p>\n<p class=\"corps\"><em><b><span lang=\"ES\">Valeria Sampedro<\/span><\/b><span lang=\"ES\">: <\/span><span lang=\"ES-TRAD\">naci\u00f3 en Mataderos<\/span><span lang=\"ES-TRAD\">, se cri\u00f3 en Paternal y se emancip\u00f3 en San Telmo. De chica jugaba a la Rayuela en el puente Cortazar. \u00c9studi\u00f3 periodismo en un aula y se hizo cronista en la calle.<\/span><span lang=\"FR\">\u00a0<\/span><span lang=\"ES-TRAD\">Es capaz de recorrer la ciudad entera en bicisenda pero prefiere el taxi. Todav<\/span><span lang=\"FR\">\u00ed<\/span><span lang=\"PT\">a no bail<\/span><span lang=\"FR\">\u00f3 <\/span><span lang=\"ES-TRAD\">un tango.<\/span><\/em><\/p>\n<p class=\"corps\"><em><strong><span lang=\"ES\">Hern<\/span><\/strong><strong><span lang=\"FR\">\u00e1<\/span><\/strong><strong><span lang=\"ES-TRAD\">n Firpo<\/span><\/strong><span lang=\"ES-TRAD\">\u00a0naci<\/span><span lang=\"FR\">\u00f3 <\/span><span lang=\"ES-TRAD\">hace mucho, mucho tiempo. Empez<\/span><span lang=\"FR\">\u00f3 <\/span><span lang=\"ES-TRAD\">su vida en el barrio de Caballito, pero se aclimat<\/span><span lang=\"FR\">\u00f3 <\/span><span lang=\"ES-TRAD\">en la zona de Palermo. Cree que la playa y la monta<\/span><span lang=\"FR\">\u00f1<\/span><span lang=\"ES-TRAD\">a son \u201cpaisajes ex<\/span><span lang=\"FR\">\u00f3<\/span><span lang=\"ES-TRAD\">ticos\u201d y es de los sedentarios que s<\/span><span lang=\"FR\">\u00f3<\/span><span lang=\"ES-TRAD\">lo toman vacaciones en verano. Respecto de hacer una gu<\/span><span lang=\"FR\">\u00ed<\/span><span lang=\"ES\">a ins<\/span><span lang=\"FR\">\u00f3<\/span><span lang=\"ES-TRAD\">lita y secreta de su ciudad, se mostr<\/span><span lang=\"FR\">\u00f3 <\/span><span lang=\"ES-TRAD\">entusiasmado. \u201cEl\u00a0<\/span><span lang=\"FR\">\u00fa<\/span><span lang=\"ES-TRAD\">nico secreto que conoc<\/span><span lang=\"FR\">\u00ed<\/span><span lang=\"ES-TRAD\">a hasta ahora era el de un quitamanchas casero con bicarbonato de sodio\u201d.<\/span><span lang=\"FR\">\u00a0<\/span><\/em><\/p>\n<p>&nbsp;<\/p>\n<p><b>AUTORES<\/b>:<span class=\"Apple-converted-space\">\u00a0 Valeria Sampedro &amp; Hern\u00e1n Firpo<\/span><br \/>\n<b>P\u00c1GINAS<\/b>: 272<br \/>\n<b>FORMATO<\/b>: <span class=\"Apple-converted-space\">\u00a0 <\/span>10.5 x 19 cm<span class=\"Apple-converted-space\"><br \/>\n<\/span><b>PRECIO<\/b>:<span class=\"Apple-converted-space\">\u00a0 18,90 \u20ac\u00a0\u2013\u00a0US$19.95<\/span><span class=\"Apple-converted-space\"><br \/>\n<\/span><b>ISBN<\/b>: <span data-sheets-value=\"{&quot;1&quot;:2,&quot;2&quot;:&quot;978-2-36195-099-6&quot;}\" data-sheets-userformat=\"{&quot;2&quot;:12864,&quot;9&quot;:1,&quot;12&quot;:0,&quot;15&quot;:&quot;Cambria&quot;,&quot;16&quot;:11}\">978-2-36195-099-6<\/span><br \/>\n<b>CONTACTO<\/b>: <a href=\"mailto:info@editorialjonglez.com\"><span class=\"s1\">info@editorialjonglez.com<\/span><\/a><\/p>\n<p>&nbsp;<\/p>\n<div class=\"buttons_cont\">\n<div class=\"button_cont\" align=\"center\"><a class=\"gv_product_btn\" href=\"https:\/\/jonglezpublishing.com\/wp-content\/uploads\/2019\/03\/Buenos-Aires-insolita-y-secreta.jpg\" target=\"_blank\" rel=\"noopener noreferrer\">Descargar portada<br \/>\n<\/a><\/div>\n<div class=\"button_cont\" align=\"center\"><a class=\"gv_product_btn\" href=\"https:\/\/jonglezpublishing.com\/wp-content\/uploads\/2019\/03\/Extrait-Buenos-Aires-ES.pdf\" target=\"_blank\" rel=\"noopener noreferrer\">Leer PDF<\/a><\/div>\n<div class=\"button_cont\" align=\"center\"><a class=\"gv_product_btn\" href=\"https:\/\/www.amazon.es\/Buenos-Aires-Ins\u00f3lita-Y-Secret\/dp\/2361950995\/ref=sr_1_1?__mk_es_ES=\u00c5M\u00c5\u017d\u00d5\u00d1&amp;keywords=buenos+aires+insolita&amp;qid=1566984881&amp;s=gateway&amp;sr=8-1\" target=\"_blank\" rel=\"noopener noreferrer\">Comprar online<\/a><\/div>\n<\/div>\n","protected":false},"excerpt":{"rendered":"<p>Una estatua que denuncia la corrupci\u00f3n, un edificio construido como una alegor\u00eda de la \u201cDivina Comedia\u201d, un museo privado psicod\u00e9lico<\/p>\n","protected":false},"featured_media":1321,"template":"","meta":[],"product_brand":[],"product_cat":[192,448,423,271,272],"product_tag":[235,236,237,194,195,199,200],"class_list":{"0":"post-1897","1":"product","2":"type-product","3":"status-publish","4":"has-post-thumbnail","6":"product_cat-english-es","7":"product_cat-french-es","8":"product_cat-guias-insolitas-y-secretas","9":"product_cat-italian-es","10":"product_cat-spanish-es","11":"product_tag-buenos-aires-es","12":"product_tag-buenos-aires-insolita-es","13":"product_tag-editorial-jonglez","14":"product_tag-jonglez-es","15":"product_tag-jonglez-publishing-es","16":"product_tag-secret-travel-guides-es","17":"product_tag-travel-guides-es","19":"first","20":"instock","21":"shipping-taxable","22":"product-type-simple"},"aioseo_notices":[],"_links":{"self":[{"href":"https:\/\/jonglezpublishing.com\/es\/wp-json\/wp\/v2\/product\/1897","targetHints":{"allow":["GET"]}}],"collection":[{"href":"https:\/\/jonglezpublishing.com\/es\/wp-json\/wp\/v2\/product"}],"about":[{"href":"https:\/\/jonglezpublishing.com\/es\/wp-json\/wp\/v2\/types\/product"}],"wp:featuredmedia":[{"embeddable":true,"href":"https:\/\/jonglezpublishing.com\/es\/wp-json\/wp\/v2\/media\/1321"}],"wp:attachment":[{"href":"https:\/\/jonglezpublishing.com\/es\/wp-json\/wp\/v2\/media?parent=1897"}],"wp:term":[{"taxonomy":"product_brand","embeddable":true,"href":"https:\/\/jonglezpublishing.com\/es\/wp-json\/wp\/v2\/product_brand?post=1897"},{"taxonomy":"product_cat","embeddable":true,"href":"https:\/\/jonglezpublishing.com\/es\/wp-json\/wp\/v2\/product_cat?post=1897"},{"taxonomy":"product_tag","embeddable":true,"href":"https:\/\/jonglezpublishing.com\/es\/wp-json\/wp\/v2\/product_tag?post=1897"}],"curies":[{"name":"wp","href":"https:\/\/api.w.org\/{rel}","templated":true}]}}