{"id":1920,"date":"2019-03-04T15:17:17","date_gmt":"2019-03-04T13:17:17","guid":{"rendered":"https:\/\/jonglez.timeforcoffee.gr\/product\/estambul-insolita-y-secreta\/"},"modified":"2020-11-26T10:03:19","modified_gmt":"2020-11-26T08:03:19","slug":"estambul-insolita-y-secreta","status":"publish","type":"product","link":"https:\/\/jonglezpublishing.com\/es\/producto\/estambul-insolita-y-secreta\/","title":{"rendered":"ESTAMBUL INS\u00d3LITA Y SECRETA"},"content":{"rendered":"<p>La tumba de un caballo convertido en lugar de peregrinaci\u00f3n, una alfombra que predijo la muerte de Mustafa Kemal Atat\u00fcrk, unos pedazos de la Piedra Negra de La Meca, una sinagoga que sirvi\u00f3 de referencia a los proxenetas asquenaz\u00edes, el manto del profeta Mahoma que plancharon por accidente, un pu\u00f1ado de cenizas calientes que salvaron el imperio otomano, una de las doce tumbas de un santo dentro de un faro, la escultura de un repollo como recuerdo de haza\u00f1as deportivas del palacio de Topkapi, el rastro de Basil Zaharoff, comerciante de armas que apareci\u00f3 en <em>Tintin y la oreja rota<\/em>, un incre\u00edble\u00a0caf\u00e9 dentro de una sinagoga, unos edificios art nouveau\u00a0desconocidos, una mezquita contra los terremotos, la\u00a0cabeza de Dr\u00e1cula en Estambul, unos grafitis vikingos en\u00a0Santa Sof\u00eda\u2026<\/p>\n<p>Lejos de las multitudes y de los habituales clich\u00e9s, Estambul\u00a0guarda tesoros bien escondidos que solo desvela a los\u00a0habitantes y viajeros que buscan salirse de los recorridos\u00a0habituales.<\/p>\n<p>Una gu\u00eda indispensable para quienes cre\u00edan conocer bien\u00a0Estambul o para aquellos que desean descubrir la otra cara\u00a0de la ciudad.<\/p>\n<p>&nbsp;<\/p>\n<p><b>AUTOR<\/b>:<span class=\"Apple-converted-space\"> Emre \u00d6ktem<\/span><br \/>\n<b>P\u00c1GINAS<\/b>: 288<br \/>\n<strong>FORMATO<\/strong>: 10.5 x 19 cm<span class=\"Apple-converted-space\"><br \/>\n<\/span><strong>PRECIO<\/strong>: <span class=\"Apple-converted-space\">17,90 \u20ac \u2013 US$ 19.95<\/span><span class=\"Apple-converted-space\"><br \/>\n<\/span><b>ISBN<\/b>: <span data-sheets-value=\"{&quot;1&quot;:2,&quot;2&quot;:&quot;978-2-36195-105-4&quot;}\" data-sheets-userformat=\"{&quot;2&quot;:12864,&quot;9&quot;:1,&quot;12&quot;:0,&quot;15&quot;:&quot;Cambria&quot;,&quot;16&quot;:11}\">978-2-36195-105-4<\/span><br \/>\n<b>CONTACTO<\/b>: <a href=\"mailto:info@editorialjonglez.com\"><span class=\"s1\">info@editorialjonglez.com<\/span><\/a><\/p>\n<p>&nbsp;<\/p>\n<div class=\"buttons_cont\">\n<div class=\"button_cont\" align=\"center\"><a class=\"gv_product_btn\" href=\"https:\/\/jonglezpublishing.com\/wp-content\/uploads\/2019\/03\/couv_Estambul_esp-1.jpg\" target=\"_blank\" rel=\"noopener noreferrer\">Descargar portada<br \/>\n<\/a><\/div>\n<div class=\"button_cont\" align=\"center\"><a class=\"gv_product_btn\" href=\"https:\/\/jonglezpublishing.com\/wp-content\/uploads\/2019\/03\/extrait-Estanbul_ESP.pdf\" target=\"_blank\" rel=\"noopener noreferrer\">Leer PDF<\/a><\/div>\n<div class=\"button_cont\" align=\"center\"><a class=\"gv_product_btn\" href=\"https:\/\/www.amazon.es\/Estambul-ins\u00f3lita-secreta-Emre-\u00d6ktem\/dp\/2361951053\/ref=sr_1_1?__mk_es_ES=\u00c5M\u00c5\u017d\u00d5\u00d1&amp;keywords=estambul+insolita&amp;qid=1566984127&amp;s=gateway&amp;sr=8-1\" target=\"_blank\" rel=\"noopener noreferrer\">Comprar online<\/a><\/div>\n<\/div>\n","protected":false},"excerpt":{"rendered":"<p>La tumba de un caballo convertido en lugar de peregrinaci\u00f3n, una alfombra que predijo la muerte de Mustafa Kemal Atat\u00fcrk,<\/p>\n","protected":false},"featured_media":1373,"template":"","meta":[],"product_brand":[],"product_cat":[192,448,423,271,272],"product_tag":[239,238,194,195,197,199,200],"class_list":{"0":"post-1920","1":"product","2":"type-product","3":"status-publish","4":"has-post-thumbnail","6":"product_cat-english-es","7":"product_cat-french-es","8":"product_cat-guias-insolitas-y-secretas","9":"product_cat-italian-es","10":"product_cat-spanish-es","11":"product_tag-editorial-jonglez-es","12":"product_tag-estambul","13":"product_tag-jonglez-es","14":"product_tag-jonglez-publishing-es","15":"product_tag-secret-guides-es","16":"product_tag-secret-travel-guides-es","17":"product_tag-travel-guides-es","19":"first","20":"instock","21":"shipping-taxable","22":"product-type-simple"},"aioseo_notices":[],"_links":{"self":[{"href":"https:\/\/jonglezpublishing.com\/es\/wp-json\/wp\/v2\/product\/1920","targetHints":{"allow":["GET"]}}],"collection":[{"href":"https:\/\/jonglezpublishing.com\/es\/wp-json\/wp\/v2\/product"}],"about":[{"href":"https:\/\/jonglezpublishing.com\/es\/wp-json\/wp\/v2\/types\/product"}],"wp:featuredmedia":[{"embeddable":true,"href":"https:\/\/jonglezpublishing.com\/es\/wp-json\/wp\/v2\/media\/1373"}],"wp:attachment":[{"href":"https:\/\/jonglezpublishing.com\/es\/wp-json\/wp\/v2\/media?parent=1920"}],"wp:term":[{"taxonomy":"product_brand","embeddable":true,"href":"https:\/\/jonglezpublishing.com\/es\/wp-json\/wp\/v2\/product_brand?post=1920"},{"taxonomy":"product_cat","embeddable":true,"href":"https:\/\/jonglezpublishing.com\/es\/wp-json\/wp\/v2\/product_cat?post=1920"},{"taxonomy":"product_tag","embeddable":true,"href":"https:\/\/jonglezpublishing.com\/es\/wp-json\/wp\/v2\/product_tag?post=1920"}],"curies":[{"name":"wp","href":"https:\/\/api.w.org\/{rel}","templated":true}]}}