{"id":2100,"date":"2019-03-04T12:59:37","date_gmt":"2019-03-04T10:59:37","guid":{"rendered":"https:\/\/jonglez.timeforcoffee.gr\/product\/florencia-insolita-y-secreta\/"},"modified":"2023-07-06T11:39:33","modified_gmt":"2023-07-06T08:39:33","slug":"florencia-insolita-y-secreta","status":"publish","type":"product","link":"https:\/\/jonglezpublishing.com\/es\/producto\/florencia-insolita-y-secreta\/","title":{"rendered":"FLORENCIA INS\u00d3LITA Y SECRETA"},"content":{"rendered":"<p>Disfrute de un momento de recogimiento en la iglesia de una prisi\u00f3n, descubra c\u00f3mo Florencia se convirti\u00f3 en la capital del hermetismo en el Renacimiento, escape del turismo en masa y visite desconocidas obras maestras art\u00edsticas, recorra magn\u00edficos jardines privados que los propios florentinos no conocen, marav\u00edllese ante un fen\u00f3meno astron\u00f3mico excepcional, descubra c\u00f3mo Florencia se convirti\u00f3 en el centro del hermetismo en el Renacimiento y el simbolismo esot\u00e9rico en los jardines de Boboli, juegue con sus hijos a contar el n\u00famero de abejas esculpidas en el monumento en honor a Fernando I, ubique los \u00faltimos despachos de vino del Renacimiento, admirar unas de las esculturas m\u00e1s bellas dentro de una iglesia secreta de los templarios &#8230;<\/p>\n<p>Lejos de las masas y de los habituales clich\u00e9s, Florencia a\u00fan guarda tesoros rec\u00f3nditos que no desvela m\u00e1s que a sus habitantes y a los viajeros que saben salirse de los caminos trazados.<\/p>\n<p>Una gu\u00eda indispensable para quienes cre\u00edan conocer bien Florencia o para aquellos que desean descubrir la otra cara de la ciudad.<\/p>\n<p>&nbsp;<\/p>\n<p><b>AUTOR<\/b>:<span class=\"Apple-converted-space\"> NICCOL\u00d2 RINALDI Y PAOLA MARESCA<\/span><br \/>\n<b>P\u00c1GINAS<\/b>: 320<br \/>\n<b>FORMATO<\/b>: 10.5 x 19 cm<span class=\"Apple-converted-space\"><br \/>\n<\/span><b>PRECIO<\/b>:<span class=\"Apple-converted-space\"> 17,95\u20ac &#8211; $21,95<\/span><span class=\"Apple-converted-space\"><br \/>\n<\/span><b>ISBN<\/b>: 978-2-36195-302-7<br \/>\n<b>CONTACTO<\/b>: <a href=\"mailto:info@editorialjonglez.com\"><span class=\"s1\">info@editorialjonglez.com<\/span><\/a><\/p>\n<p>&nbsp;<\/p>\n<div class=\"buttons_cont\">\n<div class=\"button_cont\" align=\"center\">\n<div class=\"button_cont\" align=\"center\"><a class=\"gv_product_btn\" href=\"https:\/\/jonglezpublishing.com\/wp-content\/uploads\/2019\/03\/Couv_Florence_ES-scaled.jpg\" target=\"_blank\" rel=\"noopener\">Descargar portada<br \/>\n<\/a><\/div>\n<div class=\"button_cont\" align=\"center\"><a class=\"gv_product_btn\" href=\"https:\/\/jonglezpublishing.com\/wp-content\/uploads\/2023\/07\/EXTRAIT_ES.pdf\" target=\"_blank\" rel=\"noopener\">Leer PDF<\/a><\/div>\n<div class=\"button_cont\" align=\"center\"><a class=\"gv_product_btn\" href=\"https:\/\/www.amazon.es\/Florencia-Ins%C3%B3lita-Secreta-Escritas-Habitantes\/dp\/2361953021\/ref=sr_1_1?__mk_es_ES=%C3%85M%C3%85%C5%BD%C3%95%C3%91&amp;crid=2ZRP8RT02HHFA&amp;keywords=INS%C3%B3LITA+Y+SECRETA+FLORENCIA&amp;qid=1688632574&amp;sprefix=bruselas+insolita%2Caps%2C952&amp;sr=8-1\" target=\"_blank\" rel=\"noopener\">Comprar online<\/a><\/div>\n<\/div>\n<\/div>\n","protected":false},"excerpt":{"rendered":"<p>Disfrute de un momento de recogimiento en la iglesia de una prisi\u00f3n, descubra c\u00f3mo Florencia se convirti\u00f3 en la capital<\/p>\n","protected":false},"featured_media":11411,"template":"","meta":[],"product_brand":[],"product_cat":[192,448,449,423,271,272],"product_tag":[243,241,242,194,195,199,200],"class_list":{"0":"post-2100","1":"product","2":"type-product","3":"status-publish","4":"has-post-thumbnail","6":"product_cat-english-es","7":"product_cat-french-es","8":"product_cat-german-es","9":"product_cat-guias-insolitas-y-secretas","10":"product_cat-italian-es","11":"product_cat-spanish-es","12":"product_tag-editorial-jonglez-es-2","13":"product_tag-florencia","14":"product_tag-florencia-insolita","15":"product_tag-jonglez-es","16":"product_tag-jonglez-publishing-es","17":"product_tag-secret-travel-guides-es","18":"product_tag-travel-guides-es","20":"first","21":"instock","22":"shipping-taxable","23":"product-type-simple"},"aioseo_notices":[],"_links":{"self":[{"href":"https:\/\/jonglezpublishing.com\/es\/wp-json\/wp\/v2\/product\/2100","targetHints":{"allow":["GET"]}}],"collection":[{"href":"https:\/\/jonglezpublishing.com\/es\/wp-json\/wp\/v2\/product"}],"about":[{"href":"https:\/\/jonglezpublishing.com\/es\/wp-json\/wp\/v2\/types\/product"}],"wp:featuredmedia":[{"embeddable":true,"href":"https:\/\/jonglezpublishing.com\/es\/wp-json\/wp\/v2\/media\/11411"}],"wp:attachment":[{"href":"https:\/\/jonglezpublishing.com\/es\/wp-json\/wp\/v2\/media?parent=2100"}],"wp:term":[{"taxonomy":"product_brand","embeddable":true,"href":"https:\/\/jonglezpublishing.com\/es\/wp-json\/wp\/v2\/product_brand?post=2100"},{"taxonomy":"product_cat","embeddable":true,"href":"https:\/\/jonglezpublishing.com\/es\/wp-json\/wp\/v2\/product_cat?post=2100"},{"taxonomy":"product_tag","embeddable":true,"href":"https:\/\/jonglezpublishing.com\/es\/wp-json\/wp\/v2\/product_tag?post=2100"}],"curies":[{"name":"wp","href":"https:\/\/api.w.org\/{rel}","templated":true}]}}